{"id":470,"date":"2024-10-22T11:22:20","date_gmt":"2024-10-22T11:22:20","guid":{"rendered":"https:\/\/valleyvendeghazeger.hu\/?page_id=470"},"modified":"2026-02-04T09:49:23","modified_gmt":"2026-02-04T08:49:23","slug":"foglalas","status":"publish","type":"page","link":"https:\/\/valleyvendeghazeger.hu\/pl\/foglalas\/","title":{"rendered":"Rezerwacja"},"content":{"rendered":"<div data-elementor-type=\"wp-page\" data-elementor-id=\"470\" class=\"elementor elementor-470\" data-elementor-post-type=\"page\">\n\t\t\t\t<div class=\"elementor-element elementor-element-43604a2 e-flex e-con-boxed e-con e-parent\" data-id=\"43604a2\" data-element_type=\"container\" data-settings=\"{&quot;background_background&quot;:&quot;classic&quot;,&quot;shape_divider_bottom&quot;:&quot;waves&quot;}\">\n\t\t\t\t\t<div class=\"e-con-inner\">\n\t\t\t\t<div class=\"elementor-shape elementor-shape-bottom\" data-negative=\"false\">\n\t\t\t<svg xmlns=\"http:\/\/www.w3.org\/2000\/svg\" viewbox=\"0 0 1000 100\" preserveaspectratio=\"none\">\n\t<path class=\"elementor-shape-fill\" d=\"M421.9,6.5c22.6-2.5,51.5,0.4,75.5,5.3c23.6,4.9,70.9,23.5,100.5,35.7c75.8,32.2,133.7,44.5,192.6,49.7\tc23.6,2.1,48.7,3.5,103.4-2.5c54.7-6,106.2-25.6,106.2-25.6V0H0v30.3c0,0,72,32.6,158.4,30.5c39.2-0.7,92.8-6.7,134-22.4\tc21.2-8.1,52.2-18.2,79.7-24.2C399.3,7.9,411.6,7.5,421.9,6.5z\"\/>\n<\/svg>\t\t<\/div>\n\t\t<div class=\"elementor-element elementor-element-9a90e21 e-con-full e-flex e-con e-child\" data-id=\"9a90e21\" data-element_type=\"container\">\n\t\t\t\t<\/div>\n\t\t\t\t\t<\/div>\n\t\t\t\t<\/div>\n\t\t<div class=\"elementor-element elementor-element-ee63f74 elementor-hidden-desktop elementor-hidden-tablet elementor-hidden-mobile e-flex e-con-boxed e-con e-parent\" data-id=\"ee63f74\" data-element_type=\"container\">\n\t\t\t\t\t<div class=\"e-con-inner\">\n\t\t<div class=\"elementor-element elementor-element-d00ee92 e-con-full e-flex e-con e-child\" data-id=\"d00ee92\" data-element_type=\"container\">\n\t\t\t\t<div class=\"elementor-element elementor-element-57a1b86 elementor-widget elementor-widget-image\" data-id=\"57a1b86\" data-element_type=\"widget\" data-widget_type=\"image.default\">\n\t\t\t\t<div class=\"elementor-widget-container\">\n\t\t\t\t\t\t\t\t\t\t\t\t\t<img fetchpriority=\"high\" decoding=\"async\" width=\"1023\" height=\"500\" src=\"https:\/\/valleyvendeghazeger.hu\/wp-content\/uploads\/2025\/05\/valleyakcio.png\" class=\"attachment-full size-full wp-image-1054\" alt=\"\" srcset=\"https:\/\/valleyvendeghazeger.hu\/wp-content\/uploads\/2025\/05\/valleyakcio.png 1023w, https:\/\/valleyvendeghazeger.hu\/wp-content\/uploads\/2025\/05\/valleyakcio-300x147.png 300w, https:\/\/valleyvendeghazeger.hu\/wp-content\/uploads\/2025\/05\/valleyakcio-768x375.png 768w, https:\/\/valleyvendeghazeger.hu\/wp-content\/uploads\/2025\/05\/valleyakcio-18x9.png 18w\" sizes=\"(max-width: 1023px) 100vw, 1023px\" \/>\t\t\t\t\t\t\t\t\t\t\t\t\t<\/div>\n\t\t\t\t<\/div>\n\t\t\t\t<\/div>\n\t\t<div class=\"elementor-element elementor-element-958dfb5 e-con-full e-flex e-con e-child\" data-id=\"958dfb5\" data-element_type=\"container\" data-settings=\"{&quot;background_background&quot;:&quot;classic&quot;}\">\n\t\t\t\t<div class=\"elementor-element elementor-element-1f50ff8 elementor-widget elementor-widget-elementskit-heading\" data-id=\"1f50ff8\" data-element_type=\"widget\" data-widget_type=\"elementskit-heading.default\">\n\t\t\t\t<div class=\"elementor-widget-container\">\n\t\t\t<div class=\"ekit-wid-con\" ><div class=\"ekit-heading elementskit-section-title-wraper text_left   ekit_heading_tablet-text_center   ekit_heading_mobile-\"><h3 class=\"elementskit-section-subtitle\">\n\t\t\t\t\t\t3+1 nocy w prezencie!\n\t\t\t\t\t<\/h3><div class=\"ekit_heading_separetor_wraper ekit_heading_elementskit-border-divider\"><div class=\"elementskit-border-divider\"><\/div><\/div>\t\t\t\t<div class='ekit-heading__description'>\n\t\t\t\t\t<p class=\"p2\">Zarezerwuj 4 noce w okresie od 1 czerwca do 15 lipca 2025 r., a otrzymasz w prezencie 4. noc na tych samych warunkach!<\/p>\n<p class=\"p2\">Aby skorzysta\u0107 ze zni\u017cki, skorzystaj z poni\u017cszego kodu:\u00a0<span class=\"s2\"><b>kod kuponu podczas rezerwacji<\/b><\/span>:<\/p>\n<h2 class=\"p1\"><span style=\"color: #ffffff\"><b>3+1EJSZAKA<\/b><\/span><b><\/b><\/h2>\n<p class=\"p2\">(Kupon jest wa\u017cny tylko przez okre\u015blony czas i na pobyt trwaj\u0105cy 4 noce.)<\/p>\n\t\t\t\t<\/div>\n\t\t\t<\/div><\/div>\t\t<\/div>\n\t\t\t\t<\/div>\n\t\t\t\t<\/div>\n\t\t\t\t\t<\/div>\n\t\t\t\t<\/div>\n\t\t<div class=\"elementor-element elementor-element-380f4dc e-flex e-con-boxed e-con e-parent\" data-id=\"380f4dc\" data-element_type=\"container\">\n\t\t\t\t\t<div class=\"e-con-inner\">\n\t\t<div class=\"elementor-element elementor-element-457c2bb e-con-full e-flex e-con e-child\" data-id=\"457c2bb\" data-element_type=\"container\" data-settings=\"{&quot;background_background&quot;:&quot;classic&quot;}\">\n\t\t<div class=\"elementor-element elementor-element-f200ff6 e-con-full e-flex e-con e-child\" data-id=\"f200ff6\" data-element_type=\"container\">\n\t\t<div class=\"elementor-element elementor-element-dbdf4d5 e-con-full e-flex e-con e-child\" data-id=\"dbdf4d5\" data-element_type=\"container\">\n\t\t<div class=\"elementor-element elementor-element-0b10f93 e-con-full e-flex e-con e-child\" data-id=\"0b10f93\" data-element_type=\"container\" data-settings=\"{&quot;background_background&quot;:&quot;classic&quot;}\">\n\t\t\t\t<div class=\"elementor-element elementor-element-621d3c8 elementor-widget elementor-widget-elementskit-heading\" data-id=\"621d3c8\" data-element_type=\"widget\" data-widget_type=\"elementskit-heading.default\">\n\t\t\t\t<div class=\"elementor-widget-container\">\n\t\t\t<div class=\"ekit-wid-con\" ><div class=\"ekit-heading elementskit-section-title-wraper text_center   ekit_heading_tablet-text_center   ekit_heading_mobile-\"><h2 class=\"ekit-heading--title elementskit-section-title\">Czy chcesz dokona\u0107 rezerwacji na wi\u0119cej ni\u017c 3 noce lub masz co\u015b specjalnego na my\u015bli?<\/h2><h3 class=\"ekit-heading--subtitle elementskit-section-subtitle\">\n\t\t\t\t\t\tZadzwo\u0144 do nas, rozwi\u0105\u017cemy ten problem.\n\t\t\t\t\t<\/h3><\/div><\/div>\t\t<\/div>\n\t\t\t\t<\/div>\n\t\t\t\t<div class=\"elementor-element elementor-element-bf4bc34 elementor-align-center elementor-widget elementor-widget-button\" data-id=\"bf4bc34\" data-element_type=\"widget\" data-widget_type=\"button.default\">\n\t\t\t\t<div class=\"elementor-widget-container\">\n\t\t\t\t\t<div class=\"elementor-button-wrapper\">\n\t\t\t<a class=\"elementor-button elementor-button-link elementor-size-sm\" href=\"tel: 36 70 567 3977\">\n\t\t\t\t\t\t<span class=\"elementor-button-content-wrapper\">\n\t\t\t\t\t\t<span class=\"elementor-button-icon\">\n\t\t\t\t<svg aria-hidden=\"true\" class=\"e-font-icon-svg e-fas-phone-alt\" viewbox=\"0 0 512 512\" xmlns=\"http:\/\/www.w3.org\/2000\/svg\"><path d=\"M497.39 361.8l-112-48a24 24 0 0 0-28 6.9l-49.6 60.6A370.66 370.66 0 0 1 130.6 204.11l60.6-49.6a23.94 23.94 0 0 0 6.9-28l-48-112A24.16 24.16 0 0 0 122.6.61l-104 24A24 24 0 0 0 0 48c0 256.5 207.9 464 464 464a24 24 0 0 0 23.4-18.6l24-104a24.29 24.29 0 0 0-14.01-27.6z\"><\/path><\/svg>\t\t\t<\/span>\n\t\t\t\t\t\t\t\t\t<span class=\"elementor-button-text\">Dzwoni\u0107<\/span>\n\t\t\t\t\t<\/span>\n\t\t\t\t\t<\/a>\n\t\t<\/div>\n\t\t\t\t<\/div>\n\t\t\t\t<\/div>\n\t\t\t\t<div class=\"elementor-element elementor-element-8f4d929 elementor-align-center elementor-widget elementor-widget-button\" data-id=\"8f4d929\" data-element_type=\"widget\" data-widget_type=\"button.default\">\n\t\t\t\t<div class=\"elementor-widget-container\">\n\t\t\t\t\t<div class=\"elementor-button-wrapper\">\n\t\t\t<a class=\"elementor-button elementor-button-link elementor-size-sm\" href=\"https:\/\/valleyvendeghazeger.hu\/pl\/kapcsolat\/\">\n\t\t\t\t\t\t<span class=\"elementor-button-content-wrapper\">\n\t\t\t\t\t\t<span class=\"elementor-button-icon\">\n\t\t\t\t<svg aria-hidden=\"true\" class=\"e-font-icon-svg e-fas-envelope\" viewbox=\"0 0 512 512\" xmlns=\"http:\/\/www.w3.org\/2000\/svg\"><path d=\"M502.3 190.8c3.9-3.1 9.7-.2 9.7 4.7V400c0 26.5-21.5 48-48 48H48c-26.5 0-48-21.5-48-48V195.6c0-5 5.7-7.8 9.7-4.7 22.4 17.4 52.1 39.5 154.1 113.6 21.1 15.4 56.7 47.8 92.2 47.6 35.7.3 72-32.8 92.3-47.6 102-74.1 131.6-96.3 154-113.7zM256 320c23.2.4 56.6-29.2 73.4-41.4 132.7-96.3 142.8-104.7 173.4-128.7 5.8-4.5 9.2-11.5 9.2-18.9v-19c0-26.5-21.5-48-48-48H48C21.5 64 0 85.5 0 112v19c0 7.4 3.4 14.3 9.2 18.9 30.6 23.9 40.7 32.4 173.4 128.7 16.8 12.2 50.2 41.8 73.4 41.4z\"><\/path><\/svg>\t\t\t<\/span>\n\t\t\t\t\t\t\t\t\t<span class=\"elementor-button-text\">Pisanie e-maila<\/span>\n\t\t\t\t\t<\/span>\n\t\t\t\t\t<\/a>\n\t\t<\/div>\n\t\t\t\t<\/div>\n\t\t\t\t<\/div>\n\t\t\t\t<\/div>\n\t\t\t\t<\/div>\n\t\t\t\t<\/div>\n\t\t\t\t<\/div>\n\t\t\t\t<div class=\"elementor-element elementor-element-e8829ba elementor-widget elementor-widget-elementskit-heading\" data-id=\"e8829ba\" data-element_type=\"widget\" data-widget_type=\"elementskit-heading.default\">\n\t\t\t\t<div class=\"elementor-widget-container\">\n\t\t\t<div class=\"ekit-wid-con\" ><div class=\"ekit-heading elementskit-section-title-wraper text_center   ekit_heading_tablet-text_center   ekit_heading_mobile-\"><div class=\"ekit_heading_separetor_wraper ekit_heading_elementskit-border-divider\"><div class=\"elementskit-border-divider\"><\/div><\/div><h2 class=\"ekit-heading--title elementskit-section-title\">Podaj dat\u0119 przyjazdu i wyjazdu i wy\u015blij pro\u015bb\u0119 o rezerwacj\u0119, aby dowiedzie\u0107 si\u0119, kiedy b\u0119dziemy mieli dost\u0119pne pokoje!<\/h2><\/div><\/div>\t\t<\/div>\n\t\t\t\t<\/div>\n\t\t\t\t<div class=\"elementor-element elementor-element-d8641df elementor-widget elementor-widget-shortcode\" data-id=\"d8641df\" data-element_type=\"widget\" data-widget_type=\"shortcode.default\">\n\t\t\t\t<div class=\"elementor-widget-container\">\n\t\t\t\t\t<div class=\"elementor-shortcode\"><div class=\"mphb_sc_search-wrapper is-style-horizontal-form\">\n<form method=\"GET\" class=\"mphb_sc_search-form\" action=\"\/pl\/keresesi-eredmenyek\/\" data-first_available_check_in_date=\"2026-04-17\" data-trp-original-action=\"https:\/\/valleyvendeghazeger.hu\/pl\/keresesi-eredmenyek\/\">\n\n\t<p class = \"mphb-required-fields-tip\">\n\t<small>\n\t\tWymagane pola\t\t<abbr title=\"wymagany\">*<\/abbr>\n\t<\/small>\n<\/p>\n\n\t<p class=\"mphb_sc_search-check-in-date\">\n\t\t<label for=\"mphb_check_in_date-mphb-search-form-69e198dd516d4\">\n\t\t\tZameldowa\u0107 si\u0119\t\t\t<abbr title=\"Sformatowane jako dd\/mm\/yyyy\">*<\/abbr>\n\t\t<\/label>\n\t\t<br \/>\n\t\t<input\n\t\t\tid=\"mphb_check_in_date-mphb-search-form-69e198dd516d4\"\n\t\t\tdata-datepick-group=\"mphb-search-form-69e198dd516d4\"\n\t\t\tvalue=\"\"\n\t\t\tplaceholder=\"Data zameldowania\"\n\t\t\trequired=\"required\"\n\t\t\ttype=\"text\"\n\t\t\tinputmode=\"none\"\n\t\t\tname=\"mphb_check_in_date\"\n\t\t\tclass=\"mphb-datepick\"\n\t\t\tautocomplete=\"off\"\n\t\t\t\/>\n\t<\/p>\n\n\t<p class=\"mphb_sc_search-check-out-date\">\n\t\t<label for=\"mphb_check_out_date-mphb-search-form-69e198dd516d4\">\n\t\t\tWymeldowa\u0107 si\u0119\t\t\t<abbr title=\"Sformatowane jako dd\/mm\/yyyy\">*<\/abbr>\n\t\t<\/label>\n\t\t<br \/>\n\t\t<input\n\t\t\tid=\"mphb_check_out_date-mphb-search-form-69e198dd516d4\"\n\t\t\tdata-datepick-group=\"mphb-search-form-69e198dd516d4\"\n\t\t\tvalue=\"\"\n\t\t\tplaceholder=\"Data wymeldowania\"\n\t\t\trequired=\"required\"\n\t\t\ttype=\"text\"\n\t\t\tinputmode=\"none\"\n\t\t\tname=\"mphb_check_out_date\"\n\t\t\tclass=\"mphb-datepick\"\n\t\t\tautocomplete=\"off\"\n\t\t\t\/>\n\t<\/p>\n\n\t\t\t<p class=\"mphb_sc_search-adults\">\n\t\t\t<label for=\"mphb_adults-mphb-search-form-69e198dd516d4\">\n\t\t\t\tDoro\u015bli\t\t\t<\/label>\n\t\t\t<br \/>\n\t\t\t<select id=\"mphb_adults-mphb-search-form-69e198dd516d4\" name=\"mphb_adults\" >\n\t\t\t\t\t\t\t\t\t<option value=\"1\"  selected='selected'>1<\/option>\n\t\t\t\t\t\t\t\t\t<option value=\"2\" >2<\/option>\n\t\t\t\t\t\t\t\t\t<option value=\"3\" >3<\/option>\n\t\t\t\t\t\t\t\t\t<option value=\"4\" >4<\/option>\n\t\t\t\t\t\t\t\t\t<option value=\"5\" >5<\/option>\n\t\t\t\t\t\t\t\t\t<option value=\"6\" >6<\/option>\n\t\t\t\t\t\t\t\t\t<option value=\"7\" >7<\/option>\n\t\t\t\t\t\t\t\t\t<option value=\"8\" >8<\/option>\n\t\t\t\t\t\t\t\t\t<option value=\"9\" >9<\/option>\n\t\t\t\t\t\t\t\t\t<option value=\"10\" >10<\/option>\n\t\t\t\t\t\t\t\t\t<option value=\"11\" >11<\/option>\n\t\t\t\t\t\t\t\t\t<option value=\"12\" >12<\/option>\n\t\t\t\t\t\t\t\t\t<option value=\"13\" >13<\/option>\n\t\t\t\t\t\t\t\t\t<option value=\"14\" >14<\/option>\n\t\t\t\t\t\t\t\t\t<option value=\"15\" >15<\/option>\n\t\t\t\t\t\t\t\t\t<option value=\"16\" >16<\/option>\n\t\t\t\t\t\t\t<\/select>\n\t\t<\/p>\n\t\n\t\t\t<p class=\"mphb_sc_search-children\">\n\t\t\t<label for=\"mphb_children-mphb-search-form-69e198dd516d4\">\n\t\t\t\tDzieci\t\t\t<\/label>\n\t\t\t<br \/>\n\t\t\t<select id=\"mphb_children-mphb-search-form-69e198dd516d4\" name=\"mphb_children\">\n\t\t\t\t\t\t\t\t\t<option value=\"0\"  selected='selected'>0<\/option>\n\t\t\t\t\t\t\t\t\t<option value=\"1\" >1<\/option>\n\t\t\t\t\t\t\t\t\t<option value=\"2\" >2<\/option>\n\t\t\t\t\t\t\t\t\t<option value=\"3\" >3<\/option>\n\t\t\t\t\t\t\t\t\t<option value=\"4\" >4<\/option>\n\t\t\t\t\t\t\t\t\t<option value=\"5\" >5<\/option>\n\t\t\t\t\t\t\t\t\t<option value=\"6\" >6<\/option>\n\t\t\t\t\t\t\t\t\t<option value=\"7\" >7<\/option>\n\t\t\t\t\t\t\t\t\t<option value=\"8\" >8<\/option>\n\t\t\t\t\t\t\t\t\t<option value=\"9\" >9<\/option>\n\t\t\t\t\t\t\t\t\t<option value=\"10\" >10<\/option>\n\t\t\t\t\t\t\t<\/select>\n\t\t<\/p>\n\t\n\t\n\t\n\t<input id=\"mphb_check_in_date-mphb-search-form-69e198dd516d4-hidden\" value=\"\" type=\"hidden\" name=\"mphb_check_in_date\" \/><input id=\"mphb_check_out_date-mphb-search-form-69e198dd516d4-hidden\" value=\"\" type=\"hidden\" name=\"mphb_check_out_date\" \/>\n\t<p class=\"mphb_sc_search-submit-button-wrapper\">\n\t\t<input type=\"submit\" class=\"button\" value=\"Szukaj\"\/>\n\t<\/p>\n\n\t\n<input type=\"hidden\" name=\"trp-form-language\" value=\"pl\"\/><\/form>\n<\/div><\/div>\n\t\t\t\t<\/div>\n\t\t\t\t<\/div>\n\t\t\t\t\t<\/div>\n\t\t\t\t<\/div>\n\t\t\t\t<\/div>","protected":false},"excerpt":{"rendered":"<p>3+1 \u00e9jszaka aj\u00e1nd\u00e9kba! Foglaljon 4 \u00e9jszak\u00e1t 2025. j\u00fanius 1. \u00e9s j\u00falius 15. k\u00f6z\u00f6tt, \u00e9s a 4. \u00e9jszak\u00e1t aj\u00e1nd\u00e9kba adjuk azonos felt\u00e9telekkel! A kedvezm\u00e9ny ig\u00e9nybev\u00e9tel\u00e9hez haszn\u00e1lja a k\u00f6vetkez\u0151\u00a0kuponk\u00f3dot a foglal\u00e1s sor\u00e1n: 3+1EJSZAKA (A kupon kiz\u00e1r\u00f3lag a megadott id\u0151szakra \u00e9s 4 \u00e9jszak\u00e1s tart\u00f3zkod\u00e1s eset\u00e9n \u00e9rv\u00e9nyes.) 3 \u00e9jszak\u00e1n\u00e1l t\u00f6bbre szeretne foglalni vagy m\u00e1sra v\u00e1gyik, valami k\u00fcl\u00f6nleges elk\u00e9pzel\u00e9se van? [&hellip;]<\/p>","protected":false},"author":1,"featured_media":0,"parent":0,"menu_order":0,"comment_status":"closed","ping_status":"closed","template":"","meta":{"footnotes":""},"class_list":["post-470","page","type-page","status-publish","hentry"],"yoast_head":"<!-- This site is optimized with the Yoast SEO plugin v23.7 - https:\/\/yoast.com\/wordpress\/plugins\/seo\/ -->\n<title>Foglal\u00e1s - Valley Vend\u00e9gh\u00e1z Eger<\/title>\n<meta name=\"description\" content=\"Foglalja le sz\u00e1ll\u00e1s\u00e1t a Valley Vend\u00e9gh\u00e1zban Egerben egyszer\u0171en! V\u00e1lasszon szob\u00e1ink vagy apartmanjaink k\u00f6z\u00fcl, \u00e9s \u00e9lvezze a k\u00e9nyelmet \u00e9s nyugalmat n\u00e1lunk.\" \/>\n<meta name=\"robots\" content=\"index, follow, max-snippet:-1, max-image-preview:large, max-video-preview:-1\" \/>\n<link rel=\"canonical\" href=\"https:\/\/valleyvendeghazeger.hu\/pl\/foglalas\/\" \/>\n<meta property=\"og:locale\" content=\"pl_PL\" \/>\n<meta property=\"og:type\" content=\"article\" \/>\n<meta property=\"og:title\" content=\"Foglal\u00e1s - Valley Vend\u00e9gh\u00e1z Eger\" \/>\n<meta property=\"og:description\" content=\"Foglalja le sz\u00e1ll\u00e1s\u00e1t a Valley Vend\u00e9gh\u00e1zban Egerben egyszer\u0171en! V\u00e1lasszon szob\u00e1ink vagy apartmanjaink k\u00f6z\u00fcl, \u00e9s \u00e9lvezze a k\u00e9nyelmet \u00e9s nyugalmat n\u00e1lunk.\" \/>\n<meta property=\"og:url\" content=\"https:\/\/valleyvendeghazeger.hu\/pl\/foglalas\/\" \/>\n<meta property=\"og:site_name\" content=\"Valley Vend\u00e9gh\u00e1z Eger\" \/>\n<meta property=\"article:publisher\" content=\"https:\/\/www.facebook.com\/valleyeger\" \/>\n<meta property=\"article:modified_time\" content=\"2026-02-04T08:49:23+00:00\" \/>\n<meta property=\"og:image\" content=\"https:\/\/valleyvendeghazeger.hu\/wp-content\/uploads\/2025\/05\/valleyakcio.png\" \/>\n\t<meta property=\"og:image:width\" content=\"1023\" \/>\n\t<meta property=\"og:image:height\" content=\"500\" \/>\n\t<meta property=\"og:image:type\" content=\"image\/png\" \/>\n<meta name=\"twitter:card\" content=\"summary_large_image\" \/>\n<meta name=\"twitter:label1\" content=\"Szacowany czas czytania\" \/>\n\t<meta name=\"twitter:data1\" content=\"1 minuta\" \/>\n<script type=\"application\/ld+json\" class=\"yoast-schema-graph\">{\"@context\":\"https:\/\/schema.org\",\"@graph\":[{\"@type\":[\"WebPage\",\"CheckoutPage\"],\"@id\":\"https:\/\/valleyvendeghazeger.hu\/foglalas\/\",\"url\":\"https:\/\/valleyvendeghazeger.hu\/foglalas\/\",\"name\":\"Foglal\u00e1s - Valley Vend\u00e9gh\u00e1z Eger\",\"isPartOf\":{\"@id\":\"https:\/\/valleyvendeghazeger.hu\/#website\"},\"primaryImageOfPage\":{\"@id\":\"https:\/\/valleyvendeghazeger.hu\/foglalas\/#primaryimage\"},\"image\":{\"@id\":\"https:\/\/valleyvendeghazeger.hu\/foglalas\/#primaryimage\"},\"thumbnailUrl\":\"https:\/\/valleyvendeghazeger.hu\/wp-content\/uploads\/2025\/05\/valleyakcio.png\",\"datePublished\":\"2024-10-22T11:22:20+00:00\",\"dateModified\":\"2026-02-04T08:49:23+00:00\",\"description\":\"Foglalja le sz\u00e1ll\u00e1s\u00e1t a Valley Vend\u00e9gh\u00e1zban Egerben egyszer\u0171en! V\u00e1lasszon szob\u00e1ink vagy apartmanjaink k\u00f6z\u00fcl, \u00e9s \u00e9lvezze a k\u00e9nyelmet \u00e9s nyugalmat n\u00e1lunk.\",\"breadcrumb\":{\"@id\":\"https:\/\/valleyvendeghazeger.hu\/foglalas\/#breadcrumb\"},\"inLanguage\":\"pl-PL\",\"potentialAction\":[{\"@type\":\"ReadAction\",\"target\":[\"https:\/\/valleyvendeghazeger.hu\/foglalas\/\"]}]},{\"@type\":\"ImageObject\",\"inLanguage\":\"pl-PL\",\"@id\":\"https:\/\/valleyvendeghazeger.hu\/foglalas\/#primaryimage\",\"url\":\"https:\/\/valleyvendeghazeger.hu\/wp-content\/uploads\/2025\/05\/valleyakcio.png\",\"contentUrl\":\"https:\/\/valleyvendeghazeger.hu\/wp-content\/uploads\/2025\/05\/valleyakcio.png\"},{\"@type\":\"BreadcrumbList\",\"@id\":\"https:\/\/valleyvendeghazeger.hu\/foglalas\/#breadcrumb\",\"itemListElement\":[{\"@type\":\"ListItem\",\"position\":1,\"name\":\"Kezd\u0151lap\",\"item\":\"https:\/\/valleyvendeghazeger.hu\/\"},{\"@type\":\"ListItem\",\"position\":2,\"name\":\"Foglal\u00e1s\"}]},{\"@type\":\"WebSite\",\"@id\":\"https:\/\/valleyvendeghazeger.hu\/#website\",\"url\":\"https:\/\/valleyvendeghazeger.hu\/\",\"name\":\"Valley Vend\u00e9gh\u00e1z\",\"description\":\"\",\"publisher\":{\"@id\":\"https:\/\/valleyvendeghazeger.hu\/#organization\"},\"potentialAction\":[{\"@type\":\"SearchAction\",\"target\":{\"@type\":\"EntryPoint\",\"urlTemplate\":\"https:\/\/valleyvendeghazeger.hu\/?s={search_term_string}\"},\"query-input\":{\"@type\":\"PropertyValueSpecification\",\"valueRequired\":true,\"valueName\":\"search_term_string\"}}],\"inLanguage\":\"pl-PL\"},{\"@type\":\"Organization\",\"@id\":\"https:\/\/valleyvendeghazeger.hu\/#organization\",\"name\":\"Valley Vend\u00e9gh\u00e1z\",\"url\":\"https:\/\/valleyvendeghazeger.hu\/\",\"logo\":{\"@type\":\"ImageObject\",\"inLanguage\":\"pl-PL\",\"@id\":\"https:\/\/valleyvendeghazeger.hu\/#\/schema\/logo\/image\/\",\"url\":\"https:\/\/valleyvendeghazeger.hu\/wp-content\/uploads\/2024\/10\/logo_RGB-1.png\",\"contentUrl\":\"https:\/\/valleyvendeghazeger.hu\/wp-content\/uploads\/2024\/10\/logo_RGB-1.png\",\"width\":5906,\"height\":3249,\"caption\":\"Valley Vend\u00e9gh\u00e1z\"},\"image\":{\"@id\":\"https:\/\/valleyvendeghazeger.hu\/#\/schema\/logo\/image\/\"},\"sameAs\":[\"https:\/\/www.facebook.com\/valleyeger\"]}]}<\/script>\n<!-- \/ Yoast SEO plugin. -->","yoast_head_json":{"title":"Foglal\u00e1s - Valley Vend\u00e9gh\u00e1z Eger","description":"Foglalja le sz\u00e1ll\u00e1s\u00e1t a Valley Vend\u00e9gh\u00e1zban Egerben egyszer\u0171en! V\u00e1lasszon szob\u00e1ink vagy apartmanjaink k\u00f6z\u00fcl, \u00e9s \u00e9lvezze a k\u00e9nyelmet \u00e9s nyugalmat n\u00e1lunk.","robots":{"index":"index","follow":"follow","max-snippet":"max-snippet:-1","max-image-preview":"max-image-preview:large","max-video-preview":"max-video-preview:-1"},"canonical":"https:\/\/valleyvendeghazeger.hu\/pl\/foglalas\/","og_locale":"pl_PL","og_type":"article","og_title":"Foglal\u00e1s - Valley Vend\u00e9gh\u00e1z Eger","og_description":"Foglalja le sz\u00e1ll\u00e1s\u00e1t a Valley Vend\u00e9gh\u00e1zban Egerben egyszer\u0171en! V\u00e1lasszon szob\u00e1ink vagy apartmanjaink k\u00f6z\u00fcl, \u00e9s \u00e9lvezze a k\u00e9nyelmet \u00e9s nyugalmat n\u00e1lunk.","og_url":"https:\/\/valleyvendeghazeger.hu\/pl\/foglalas\/","og_site_name":"Valley Vend\u00e9gh\u00e1z Eger","article_publisher":"https:\/\/www.facebook.com\/valleyeger","article_modified_time":"2026-02-04T08:49:23+00:00","og_image":[{"width":1023,"height":500,"url":"https:\/\/valleyvendeghazeger.hu\/wp-content\/uploads\/2025\/05\/valleyakcio.png","type":"image\/png"}],"twitter_card":"summary_large_image","twitter_misc":{"Szacowany czas czytania":"1 minuta"},"schema":{"@context":"https:\/\/schema.org","@graph":[{"@type":["WebPage","CheckoutPage"],"@id":"https:\/\/valleyvendeghazeger.hu\/foglalas\/","url":"https:\/\/valleyvendeghazeger.hu\/foglalas\/","name":"Foglal\u00e1s - Valley Vend\u00e9gh\u00e1z Eger","isPartOf":{"@id":"https:\/\/valleyvendeghazeger.hu\/#website"},"primaryImageOfPage":{"@id":"https:\/\/valleyvendeghazeger.hu\/foglalas\/#primaryimage"},"image":{"@id":"https:\/\/valleyvendeghazeger.hu\/foglalas\/#primaryimage"},"thumbnailUrl":"https:\/\/valleyvendeghazeger.hu\/wp-content\/uploads\/2025\/05\/valleyakcio.png","datePublished":"2024-10-22T11:22:20+00:00","dateModified":"2026-02-04T08:49:23+00:00","description":"Foglalja le sz\u00e1ll\u00e1s\u00e1t a Valley Vend\u00e9gh\u00e1zban Egerben egyszer\u0171en! V\u00e1lasszon szob\u00e1ink vagy apartmanjaink k\u00f6z\u00fcl, \u00e9s \u00e9lvezze a k\u00e9nyelmet \u00e9s nyugalmat n\u00e1lunk.","breadcrumb":{"@id":"https:\/\/valleyvendeghazeger.hu\/foglalas\/#breadcrumb"},"inLanguage":"pl-PL","potentialAction":[{"@type":"ReadAction","target":["https:\/\/valleyvendeghazeger.hu\/foglalas\/"]}]},{"@type":"ImageObject","inLanguage":"pl-PL","@id":"https:\/\/valleyvendeghazeger.hu\/foglalas\/#primaryimage","url":"https:\/\/valleyvendeghazeger.hu\/wp-content\/uploads\/2025\/05\/valleyakcio.png","contentUrl":"https:\/\/valleyvendeghazeger.hu\/wp-content\/uploads\/2025\/05\/valleyakcio.png"},{"@type":"BreadcrumbList","@id":"https:\/\/valleyvendeghazeger.hu\/foglalas\/#breadcrumb","itemListElement":[{"@type":"ListItem","position":1,"name":"Kezd\u0151lap","item":"https:\/\/valleyvendeghazeger.hu\/"},{"@type":"ListItem","position":2,"name":"Foglal\u00e1s"}]},{"@type":"WebSite","@id":"https:\/\/valleyvendeghazeger.hu\/#website","url":"https:\/\/valleyvendeghazeger.hu\/","name":"Valley Vend\u00e9gh\u00e1z","description":"","publisher":{"@id":"https:\/\/valleyvendeghazeger.hu\/#organization"},"potentialAction":[{"@type":"SearchAction","target":{"@type":"EntryPoint","urlTemplate":"https:\/\/valleyvendeghazeger.hu\/?s={search_term_string}"},"query-input":{"@type":"PropertyValueSpecification","valueRequired":true,"valueName":"search_term_string"}}],"inLanguage":"pl-PL"},{"@type":"Organization","@id":"https:\/\/valleyvendeghazeger.hu\/#organization","name":"Valley Vend\u00e9gh\u00e1z","url":"https:\/\/valleyvendeghazeger.hu\/","logo":{"@type":"ImageObject","inLanguage":"pl-PL","@id":"https:\/\/valleyvendeghazeger.hu\/#\/schema\/logo\/image\/","url":"https:\/\/valleyvendeghazeger.hu\/wp-content\/uploads\/2024\/10\/logo_RGB-1.png","contentUrl":"https:\/\/valleyvendeghazeger.hu\/wp-content\/uploads\/2024\/10\/logo_RGB-1.png","width":5906,"height":3249,"caption":"Valley Vend\u00e9gh\u00e1z"},"image":{"@id":"https:\/\/valleyvendeghazeger.hu\/#\/schema\/logo\/image\/"},"sameAs":["https:\/\/www.facebook.com\/valleyeger"]}]}},"_links":{"self":[{"href":"https:\/\/valleyvendeghazeger.hu\/pl\/wp-json\/wp\/v2\/pages\/470","targetHints":{"allow":["GET"]}}],"collection":[{"href":"https:\/\/valleyvendeghazeger.hu\/pl\/wp-json\/wp\/v2\/pages"}],"about":[{"href":"https:\/\/valleyvendeghazeger.hu\/pl\/wp-json\/wp\/v2\/types\/page"}],"author":[{"embeddable":true,"href":"https:\/\/valleyvendeghazeger.hu\/pl\/wp-json\/wp\/v2\/users\/1"}],"replies":[{"embeddable":true,"href":"https:\/\/valleyvendeghazeger.hu\/pl\/wp-json\/wp\/v2\/comments?post=470"}],"version-history":[{"count":25,"href":"https:\/\/valleyvendeghazeger.hu\/pl\/wp-json\/wp\/v2\/pages\/470\/revisions"}],"predecessor-version":[{"id":2158,"href":"https:\/\/valleyvendeghazeger.hu\/pl\/wp-json\/wp\/v2\/pages\/470\/revisions\/2158"}],"wp:attachment":[{"href":"https:\/\/valleyvendeghazeger.hu\/pl\/wp-json\/wp\/v2\/media?parent=470"}],"curies":[{"name":"wp","href":"https:\/\/api.w.org\/{rel}","templated":true}]}}