{"id":323,"date":"2024-10-22T07:37:38","date_gmt":"2024-10-22T07:37:38","guid":{"rendered":"https:\/\/valleyvendeghazeger.hu\/szallashelyek\/"},"modified":"2024-10-22T07:37:38","modified_gmt":"2024-10-22T07:37:38","slug":"szallashelyek","status":"publish","type":"page","link":"https:\/\/valleyvendeghazeger.hu\/pl\/szallashelyek\/","title":{"rendered":"Sz\u00e1ll\u00e1shelyek"},"content":{"rendered":"<div class=\"mphb_sc_rooms-wrapper mphb-room-types\">\n<div class=\"mphb-room-type post-437 mphb_room_type type-mphb_room_type status-publish has-post-thumbnail mphb-room-type-adults-16 mphb-room-type-children-0\">\n\n\t\n\t\n\n\t<p class=\"post-thumbnail mphb-loop-room-thumbnail\">\n\t<a href=\"https:\/\/valleyvendeghazeger.hu\/pl\/accommodation\/teljes-haz\/\">\n\t<img fetchpriority=\"high\" decoding=\"async\" width=\"1920\" height=\"1440\" src=\"https:\/\/valleyvendeghazeger.hu\/wp-content\/uploads\/2024\/10\/utcafront1.jpg\" class=\"attachment-post-thumbnail size-post-thumbnail wp-post-image\" alt=\"\" srcset=\"https:\/\/valleyvendeghazeger.hu\/wp-content\/uploads\/2024\/10\/utcafront1.jpg 1920w, https:\/\/valleyvendeghazeger.hu\/wp-content\/uploads\/2024\/10\/utcafront1-300x225.jpg 300w, https:\/\/valleyvendeghazeger.hu\/wp-content\/uploads\/2024\/10\/utcafront1-1024x768.jpg 1024w, https:\/\/valleyvendeghazeger.hu\/wp-content\/uploads\/2024\/10\/utcafront1-768x576.jpg 768w, https:\/\/valleyvendeghazeger.hu\/wp-content\/uploads\/2024\/10\/utcafront1-1536x1152.jpg 1536w, https:\/\/valleyvendeghazeger.hu\/wp-content\/uploads\/2024\/10\/utcafront1-600x450.jpg 600w\" sizes=\"(max-width: 1920px) 100vw, 1920px\" \/>\t<\/a>\n\n\t<\/p>\n\n<h2 class=\"mphb-room-type-title entry-title\">\n\n<a class=\"mphb-room-type-title\" href=\"https:\/\/valleyvendeghazeger.hu\/pl\/accommodation\/teljes-haz\/\">Pe\u0142na chata<\/a>\n\n<\/h2>\n\n\n\n<h3 class=\"mphb-room-type-details-title\">Szczeg\u00f3\u0142y<\/h3><ul class=\"mphb-loop-room-type-attributes\">\n\n\n\t<li class=\"mphb-room-type-adults-capacity\"><span class=\"mphb-attribute-title mphb-adults-title\">Doro\u015bli:<\/span><span class=\"mphb-attribute-value\">\n\t16\n\t<\/span><\/li>\n\t\n\n\n\n\n\n\n\n\n\n<\/ul>\n\n\t<p class=\"mphb-regular-price\"><strong>Cena od:<\/strong>\n\t<span class=\"mphb-price\">279,800&nbsp;<span class=\"mphb-currency\">&#70;&#116;<\/span><\/span> <span class=\"mphb-price-period\" title=\"Wybierz daty, aby zobaczy\u0107 odpowiednie ceny\">za 2 nocy<\/span>\n\t<\/p>\n\t\n<p class=\"mphb-view-details-button-wrapper\">\n<a class=\"button mphb-view-details-button\" href=\"https:\/\/valleyvendeghazeger.hu\/pl\/accommodation\/teljes-haz\/\" >Zobacz szczeg\u00f3\u0142y<\/a>\n<\/p>\n<div class=\"mphb-to-book-btn-wrapper\">\n<form action=\"\/pl\/accommodation\/teljes-haz\/\" method=\"get\" data-trp-original-action=\"https:\/\/valleyvendeghazeger.hu\/pl\/accommodation\/teljes-haz\/#booking-form-437\" ><button type=\"submit\" class=\"button mphb-book-button\" >Zarezerwuj<\/button><input type=\"hidden\" name=\"trp-form-language\" value=\"pl\"\/><\/form>\n<br\/><\/div>\n\t\n<\/div>\n\n<div class=\"mphb-room-type post-434 mphb_room_type type-mphb_room_type status-publish has-post-thumbnail mphb-room-type-adults-4 mphb-room-type-children-0\">\n\n\t\n\t\n\n\t<p class=\"post-thumbnail mphb-loop-room-thumbnail\">\n\t<a href=\"https:\/\/valleyvendeghazeger.hu\/pl\/accommodation\/tetoteri-haromagyas-szoba\/\">\n\t<img decoding=\"async\" width=\"1000\" height=\"500\" src=\"https:\/\/valleyvendeghazeger.hu\/wp-content\/uploads\/2024\/10\/306656877-pz71w7qyoj97vgep93nwwpqrrfu04hynjh0ocz55e0.jpg\" class=\"attachment-post-thumbnail size-post-thumbnail wp-post-image\" alt=\"\" srcset=\"https:\/\/valleyvendeghazeger.hu\/wp-content\/uploads\/2024\/10\/306656877-pz71w7qyoj97vgep93nwwpqrrfu04hynjh0ocz55e0.jpg 1000w, https:\/\/valleyvendeghazeger.hu\/wp-content\/uploads\/2024\/10\/306656877-pz71w7qyoj97vgep93nwwpqrrfu04hynjh0ocz55e0-300x150.jpg 300w, https:\/\/valleyvendeghazeger.hu\/wp-content\/uploads\/2024\/10\/306656877-pz71w7qyoj97vgep93nwwpqrrfu04hynjh0ocz55e0-768x384.jpg 768w, https:\/\/valleyvendeghazeger.hu\/wp-content\/uploads\/2024\/10\/306656877-pz71w7qyoj97vgep93nwwpqrrfu04hynjh0ocz55e0-600x300.jpg 600w\" sizes=\"(max-width: 1000px) 100vw, 1000px\" \/>\t<\/a>\n\n\t<\/p>\n\n<h2 class=\"mphb-room-type-title entry-title\">\n\n<a class=\"mphb-room-type-title\" href=\"https:\/\/valleyvendeghazeger.hu\/pl\/accommodation\/tetoteri-haromagyas-szoba\/\">Pok\u00f3j trzyosobowy na poddaszu<\/a>\n\n<\/h2>\n\n\n\n<h3 class=\"mphb-room-type-details-title\">Szczeg\u00f3\u0142y<\/h3><ul class=\"mphb-loop-room-type-attributes\">\n\n\n\t<li class=\"mphb-room-type-adults-capacity\"><span class=\"mphb-attribute-title mphb-adults-title\">Doro\u015bli:<\/span><span class=\"mphb-attribute-value\">\n\t4\n\t<\/span><\/li>\n\t\n\n\n\n\n\n\n\n\n\n<\/ul>\n\n\t<p class=\"mphb-regular-price\"><strong>Cena od:<\/strong>\n\t<span class=\"mphb-price\">59,800&nbsp;<span class=\"mphb-currency\">&#70;&#116;<\/span><\/span> <span class=\"mphb-price-period\" title=\"Wybierz daty, aby zobaczy\u0107 odpowiednie ceny\">za 2 nocy<\/span>\n\t<\/p>\n\t\n<p class=\"mphb-view-details-button-wrapper\">\n<a class=\"button mphb-view-details-button\" href=\"https:\/\/valleyvendeghazeger.hu\/pl\/accommodation\/tetoteri-haromagyas-szoba\/\" >Zobacz szczeg\u00f3\u0142y<\/a>\n<\/p>\n<div class=\"mphb-to-book-btn-wrapper\">\n<form action=\"\/pl\/accommodation\/tetoteri-haromagyas-szoba\/\" method=\"get\" data-trp-original-action=\"https:\/\/valleyvendeghazeger.hu\/pl\/accommodation\/tetoteri-haromagyas-szoba\/#booking-form-434\" ><button type=\"submit\" class=\"button mphb-book-button\" >Zarezerwuj<\/button><input type=\"hidden\" name=\"trp-form-language\" value=\"pl\"\/><\/form>\n<br\/><\/div>\n\t\n<\/div>\n\n<div class=\"mphb-room-type post-432 mphb_room_type type-mphb_room_type status-publish has-post-thumbnail mphb-room-type-adults-3 mphb-room-type-children-0\">\n\n\t\n\t\n\n\t<p class=\"post-thumbnail mphb-loop-room-thumbnail\">\n\t<a href=\"https:\/\/valleyvendeghazeger.hu\/pl\/accommodation\/deluxe-franciaagyas-szoba\/\">\n\t<img decoding=\"async\" width=\"1000\" height=\"500\" src=\"https:\/\/valleyvendeghazeger.hu\/wp-content\/uploads\/2024\/10\/306656706-pz71w5vaav6n88hfk2unrq7uko39p3r6v7ppef7xqg.jpg\" class=\"attachment-post-thumbnail size-post-thumbnail wp-post-image\" alt=\"\" srcset=\"https:\/\/valleyvendeghazeger.hu\/wp-content\/uploads\/2024\/10\/306656706-pz71w5vaav6n88hfk2unrq7uko39p3r6v7ppef7xqg.jpg 1000w, https:\/\/valleyvendeghazeger.hu\/wp-content\/uploads\/2024\/10\/306656706-pz71w5vaav6n88hfk2unrq7uko39p3r6v7ppef7xqg-300x150.jpg 300w, https:\/\/valleyvendeghazeger.hu\/wp-content\/uploads\/2024\/10\/306656706-pz71w5vaav6n88hfk2unrq7uko39p3r6v7ppef7xqg-768x384.jpg 768w, https:\/\/valleyvendeghazeger.hu\/wp-content\/uploads\/2024\/10\/306656706-pz71w5vaav6n88hfk2unrq7uko39p3r6v7ppef7xqg-600x300.jpg 600w\" sizes=\"(max-width: 1000px) 100vw, 1000px\" \/>\t<\/a>\n\n\t<\/p>\n\n<h2 class=\"mphb-room-type-title entry-title\">\n\n<a class=\"mphb-room-type-title\" href=\"https:\/\/valleyvendeghazeger.hu\/pl\/accommodation\/deluxe-franciaagyas-szoba\/\">Pok\u00f3j dwuosobowy typu Deluxe<\/a>\n\n<\/h2>\n\n\n\n<h3 class=\"mphb-room-type-details-title\">Szczeg\u00f3\u0142y<\/h3><ul class=\"mphb-loop-room-type-attributes\">\n\n\n\t<li class=\"mphb-room-type-adults-capacity\"><span class=\"mphb-attribute-title mphb-adults-title\">Doro\u015bli:<\/span><span class=\"mphb-attribute-value\">\n\t3\n\t<\/span><\/li>\n\t\n\n\n\n\n\n\n\n\n\n<\/ul>\n\n\t<p class=\"mphb-regular-price\"><strong>Cena od:<\/strong>\n\t<span class=\"mphb-price\">45,800&nbsp;<span class=\"mphb-currency\">&#70;&#116;<\/span><\/span> <span class=\"mphb-price-period\" title=\"Wybierz daty, aby zobaczy\u0107 odpowiednie ceny\">za 2 nocy<\/span>\n\t<\/p>\n\t\n<p class=\"mphb-view-details-button-wrapper\">\n<a class=\"button mphb-view-details-button\" href=\"https:\/\/valleyvendeghazeger.hu\/pl\/accommodation\/deluxe-franciaagyas-szoba\/\" >Zobacz szczeg\u00f3\u0142y<\/a>\n<\/p>\n<div class=\"mphb-to-book-btn-wrapper\">\n<form action=\"\/pl\/accommodation\/deluxe-franciaagyas-szoba\/\" method=\"get\" data-trp-original-action=\"https:\/\/valleyvendeghazeger.hu\/pl\/accommodation\/deluxe-franciaagyas-szoba\/#booking-form-432\" ><button type=\"submit\" class=\"button mphb-book-button\" >Zarezerwuj<\/button><input type=\"hidden\" name=\"trp-form-language\" value=\"pl\"\/><\/form>\n<br\/><\/div>\n\t\n<\/div>\n\n<div class=\"mphb-room-type post-430 mphb_room_type type-mphb_room_type status-publish has-post-thumbnail mphb-room-type-adults-2 mphb-room-type-children-0\">\n\n\t\n\t\n\n\t<p class=\"post-thumbnail mphb-loop-room-thumbnail\">\n\t<a href=\"https:\/\/valleyvendeghazeger.hu\/pl\/accommodation\/studio-apartman\/\">\n\t<img loading=\"lazy\" decoding=\"async\" width=\"1920\" height=\"1440\" src=\"https:\/\/valleyvendeghazeger.hu\/wp-content\/uploads\/2024\/10\/studio-1.jpg\" class=\"attachment-post-thumbnail size-post-thumbnail wp-post-image\" alt=\"\" srcset=\"https:\/\/valleyvendeghazeger.hu\/wp-content\/uploads\/2024\/10\/studio-1.jpg 1920w, https:\/\/valleyvendeghazeger.hu\/wp-content\/uploads\/2024\/10\/studio-1-300x225.jpg 300w, https:\/\/valleyvendeghazeger.hu\/wp-content\/uploads\/2024\/10\/studio-1-1024x768.jpg 1024w, https:\/\/valleyvendeghazeger.hu\/wp-content\/uploads\/2024\/10\/studio-1-768x576.jpg 768w, https:\/\/valleyvendeghazeger.hu\/wp-content\/uploads\/2024\/10\/studio-1-1536x1152.jpg 1536w, https:\/\/valleyvendeghazeger.hu\/wp-content\/uploads\/2024\/10\/studio-1-600x450.jpg 600w\" sizes=\"(max-width: 1920px) 100vw, 1920px\" \/>\t<\/a>\n\n\t<\/p>\n\n<h2 class=\"mphb-room-type-title entry-title\">\n\n<a class=\"mphb-room-type-title\" href=\"https:\/\/valleyvendeghazeger.hu\/pl\/accommodation\/studio-apartman\/\">Apartament typu studio<\/a>\n\n<\/h2>\n\n\n\n<h3 class=\"mphb-room-type-details-title\">Szczeg\u00f3\u0142y<\/h3><ul class=\"mphb-loop-room-type-attributes\">\n\n\n\t<li class=\"mphb-room-type-adults-capacity\"><span class=\"mphb-attribute-title mphb-adults-title\">Doro\u015bli:<\/span><span class=\"mphb-attribute-value\">\n\t2\n\t<\/span><\/li>\n\t\n\n\n\n\n\n\n\n\n\n<\/ul>\n\n\t<p class=\"mphb-regular-price\"><strong>Cena od:<\/strong>\n\t<span class=\"mphb-price\">45,800&nbsp;<span class=\"mphb-currency\">&#70;&#116;<\/span><\/span> <span class=\"mphb-price-period\" title=\"Wybierz daty, aby zobaczy\u0107 odpowiednie ceny\">za 2 nocy<\/span>\n\t<\/p>\n\t\n<p class=\"mphb-view-details-button-wrapper\">\n<a class=\"button mphb-view-details-button\" href=\"https:\/\/valleyvendeghazeger.hu\/pl\/accommodation\/studio-apartman\/\" >Zobacz szczeg\u00f3\u0142y<\/a>\n<\/p>\n<div class=\"mphb-to-book-btn-wrapper\">\n<form action=\"\/pl\/accommodation\/studio-apartman\/\" method=\"get\" data-trp-original-action=\"https:\/\/valleyvendeghazeger.hu\/pl\/accommodation\/studio-apartman\/#booking-form-430\" ><button type=\"submit\" class=\"button mphb-book-button\" >Zarezerwuj<\/button><input type=\"hidden\" name=\"trp-form-language\" value=\"pl\"\/><\/form>\n<br\/><\/div>\n\t\n<\/div>\n\n<div class=\"mphb-room-type post-428 mphb_room_type type-mphb_room_type status-publish has-post-thumbnail mphb-room-type-adults-2 mphb-room-type-children-0\">\n\n\t\n\t\n\n\t<p class=\"post-thumbnail mphb-loop-room-thumbnail\">\n\t<a href=\"https:\/\/valleyvendeghazeger.hu\/pl\/accommodation\/kertre-nezo-franciaagyas-szoba\/\">\n\t<img loading=\"lazy\" decoding=\"async\" width=\"1000\" height=\"600\" src=\"https:\/\/valleyvendeghazeger.hu\/wp-content\/uploads\/2024\/10\/284555817-1-pz75ycpn89bndjh58uf9lfzoyvzl4b3hw9v5fmzn1s.jpg\" class=\"attachment-post-thumbnail size-post-thumbnail wp-post-image\" alt=\"\" srcset=\"https:\/\/valleyvendeghazeger.hu\/wp-content\/uploads\/2024\/10\/284555817-1-pz75ycpn89bndjh58uf9lfzoyvzl4b3hw9v5fmzn1s.jpg 1000w, https:\/\/valleyvendeghazeger.hu\/wp-content\/uploads\/2024\/10\/284555817-1-pz75ycpn89bndjh58uf9lfzoyvzl4b3hw9v5fmzn1s-300x180.jpg 300w, https:\/\/valleyvendeghazeger.hu\/wp-content\/uploads\/2024\/10\/284555817-1-pz75ycpn89bndjh58uf9lfzoyvzl4b3hw9v5fmzn1s-768x461.jpg 768w, https:\/\/valleyvendeghazeger.hu\/wp-content\/uploads\/2024\/10\/284555817-1-pz75ycpn89bndjh58uf9lfzoyvzl4b3hw9v5fmzn1s-600x360.jpg 600w\" sizes=\"(max-width: 1000px) 100vw, 1000px\" \/>\t<\/a>\n\n\t<\/p>\n\n<h2 class=\"mphb-room-type-title entry-title\">\n\n<a class=\"mphb-room-type-title\" href=\"https:\/\/valleyvendeghazeger.hu\/pl\/accommodation\/kertre-nezo-franciaagyas-szoba\/\">Pok\u00f3j dwuosobowy z widokiem na ogr\u00f3d<\/a>\n\n<\/h2>\n\n\n\n<h3 class=\"mphb-room-type-details-title\">Szczeg\u00f3\u0142y<\/h3><ul class=\"mphb-loop-room-type-attributes\">\n\n\n\t<li class=\"mphb-room-type-adults-capacity\"><span class=\"mphb-attribute-title mphb-adults-title\">Doro\u015bli:<\/span><span class=\"mphb-attribute-value\">\n\t2\n\t<\/span><\/li>\n\t\n\n\n\n\n\n\n\n\n\n<\/ul>\n\n\t<p class=\"mphb-regular-price\"><strong>Cena od:<\/strong>\n\t<span class=\"mphb-price\">45,800&nbsp;<span class=\"mphb-currency\">&#70;&#116;<\/span><\/span> <span class=\"mphb-price-period\" title=\"Wybierz daty, aby zobaczy\u0107 odpowiednie ceny\">za 2 nocy<\/span>\n\t<\/p>\n\t\n<p class=\"mphb-view-details-button-wrapper\">\n<a class=\"button mphb-view-details-button\" href=\"https:\/\/valleyvendeghazeger.hu\/pl\/accommodation\/kertre-nezo-franciaagyas-szoba\/\" >Zobacz szczeg\u00f3\u0142y<\/a>\n<\/p>\n<div class=\"mphb-to-book-btn-wrapper\">\n<form action=\"\/pl\/accommodation\/kertre-nezo-franciaagyas-szoba\/\" method=\"get\" data-trp-original-action=\"https:\/\/valleyvendeghazeger.hu\/pl\/accommodation\/kertre-nezo-franciaagyas-szoba\/#booking-form-428\" ><button type=\"submit\" class=\"button mphb-book-button\" >Zarezerwuj<\/button><input type=\"hidden\" name=\"trp-form-language\" value=\"pl\"\/><\/form>\n<br\/><\/div>\n\t\n<\/div>\n\n<div class=\"mphb-room-type post-426 mphb_room_type type-mphb_room_type status-publish has-post-thumbnail mphb-room-type-adults-5 mphb-room-type-children-0\">\n\n\t\n\t\n\n\t<p class=\"post-thumbnail mphb-loop-room-thumbnail\">\n\t<a href=\"https:\/\/valleyvendeghazeger.hu\/pl\/accommodation\/ket-haloteres-apartman\/\">\n\t<img loading=\"lazy\" decoding=\"async\" width=\"1024\" height=\"588\" src=\"https:\/\/valleyvendeghazeger.hu\/wp-content\/uploads\/2024\/10\/284555723.jpg\" class=\"attachment-post-thumbnail size-post-thumbnail wp-post-image\" alt=\"\" srcset=\"https:\/\/valleyvendeghazeger.hu\/wp-content\/uploads\/2024\/10\/284555723.jpg 1024w, https:\/\/valleyvendeghazeger.hu\/wp-content\/uploads\/2024\/10\/284555723-300x172.jpg 300w, https:\/\/valleyvendeghazeger.hu\/wp-content\/uploads\/2024\/10\/284555723-768x441.jpg 768w, https:\/\/valleyvendeghazeger.hu\/wp-content\/uploads\/2024\/10\/284555723-600x345.jpg 600w\" sizes=\"(max-width: 1024px) 100vw, 1024px\" \/>\t<\/a>\n\n\t<\/p>\n\n<h2 class=\"mphb-room-type-title entry-title\">\n\n<a class=\"mphb-room-type-title\" href=\"https:\/\/valleyvendeghazeger.hu\/pl\/accommodation\/ket-haloteres-apartman\/\">Apartament z dwiema sypialniami<\/a>\n\n<\/h2>\n\n\n\n<h3 class=\"mphb-room-type-details-title\">Szczeg\u00f3\u0142y<\/h3><ul class=\"mphb-loop-room-type-attributes\">\n\n\n\t<li class=\"mphb-room-type-adults-capacity\"><span class=\"mphb-attribute-title mphb-adults-title\">Doro\u015bli:<\/span><span class=\"mphb-attribute-value\">\n\t5\n\t<\/span><\/li>\n\t\n\n\n\n\n\n\n\n\n\n<\/ul>\n\n\t<p class=\"mphb-regular-price\"><strong>Cena od:<\/strong>\n\t<span class=\"mphb-price\">75,800&nbsp;<span class=\"mphb-currency\">&#70;&#116;<\/span><\/span> <span class=\"mphb-price-period\" title=\"Wybierz daty, aby zobaczy\u0107 odpowiednie ceny\">za 2 nocy<\/span>\n\t<\/p>\n\t\n<p class=\"mphb-view-details-button-wrapper\">\n<a class=\"button mphb-view-details-button\" href=\"https:\/\/valleyvendeghazeger.hu\/pl\/accommodation\/ket-haloteres-apartman\/\" >Zobacz szczeg\u00f3\u0142y<\/a>\n<\/p>\n<div class=\"mphb-to-book-btn-wrapper\">\n<form action=\"\/pl\/accommodation\/ket-haloteres-apartman\/\" method=\"get\" data-trp-original-action=\"https:\/\/valleyvendeghazeger.hu\/pl\/accommodation\/ket-haloteres-apartman\/#booking-form-426\" ><button type=\"submit\" class=\"button mphb-book-button\" >Zarezerwuj<\/button><input type=\"hidden\" name=\"trp-form-language\" value=\"pl\"\/><\/form>\n<br\/><\/div>\n\t\n<\/div>\n<\/div>","protected":false},"excerpt":{"rendered":"","protected":false},"author":1,"featured_media":0,"parent":0,"menu_order":0,"comment_status":"closed","ping_status":"closed","template":"","meta":{"footnotes":""},"class_list":["post-323","page","type-page","status-publish","hentry"],"yoast_head":"<!-- This site is optimized with the Yoast SEO plugin v23.7 - https:\/\/yoast.com\/wordpress\/plugins\/seo\/ -->\n<title>Sz\u00e1ll\u00e1shelyek - Valley Vend\u00e9gh\u00e1z Eger<\/title>\n<meta name=\"robots\" content=\"index, follow, max-snippet:-1, max-image-preview:large, max-video-preview:-1\" \/>\n<link rel=\"canonical\" href=\"https:\/\/valleyvendeghazeger.hu\/pl\/szallashelyek\/\" \/>\n<meta property=\"og:locale\" content=\"pl_PL\" \/>\n<meta property=\"og:type\" content=\"article\" \/>\n<meta property=\"og:title\" content=\"Sz\u00e1ll\u00e1shelyek - Valley Vend\u00e9gh\u00e1z Eger\" \/>\n<meta property=\"og:url\" content=\"https:\/\/valleyvendeghazeger.hu\/pl\/szallashelyek\/\" \/>\n<meta property=\"og:site_name\" content=\"Valley Vend\u00e9gh\u00e1z Eger\" \/>\n<meta property=\"article:publisher\" content=\"https:\/\/www.facebook.com\/valleyeger\" \/>\n<meta name=\"twitter:card\" content=\"summary_large_image\" \/>\n<script type=\"application\/ld+json\" class=\"yoast-schema-graph\">{\"@context\":\"https:\/\/schema.org\",\"@graph\":[{\"@type\":\"WebPage\",\"@id\":\"https:\/\/valleyvendeghazeger.hu\/szallashelyek\/\",\"url\":\"https:\/\/valleyvendeghazeger.hu\/szallashelyek\/\",\"name\":\"Sz\u00e1ll\u00e1shelyek - Valley Vend\u00e9gh\u00e1z Eger\",\"isPartOf\":{\"@id\":\"https:\/\/valleyvendeghazeger.hu\/#website\"},\"datePublished\":\"2024-10-22T07:37:38+00:00\",\"dateModified\":\"2024-10-22T07:37:38+00:00\",\"breadcrumb\":{\"@id\":\"https:\/\/valleyvendeghazeger.hu\/szallashelyek\/#breadcrumb\"},\"inLanguage\":\"pl-PL\",\"potentialAction\":[{\"@type\":\"ReadAction\",\"target\":[\"https:\/\/valleyvendeghazeger.hu\/szallashelyek\/\"]}]},{\"@type\":\"BreadcrumbList\",\"@id\":\"https:\/\/valleyvendeghazeger.hu\/szallashelyek\/#breadcrumb\",\"itemListElement\":[{\"@type\":\"ListItem\",\"position\":1,\"name\":\"Kezd\u0151lap\",\"item\":\"https:\/\/valleyvendeghazeger.hu\/\"},{\"@type\":\"ListItem\",\"position\":2,\"name\":\"Sz\u00e1ll\u00e1shelyek\"}]},{\"@type\":\"WebSite\",\"@id\":\"https:\/\/valleyvendeghazeger.hu\/#website\",\"url\":\"https:\/\/valleyvendeghazeger.hu\/\",\"name\":\"Valley Vend\u00e9gh\u00e1z\",\"description\":\"\",\"publisher\":{\"@id\":\"https:\/\/valleyvendeghazeger.hu\/#organization\"},\"potentialAction\":[{\"@type\":\"SearchAction\",\"target\":{\"@type\":\"EntryPoint\",\"urlTemplate\":\"https:\/\/valleyvendeghazeger.hu\/?s={search_term_string}\"},\"query-input\":{\"@type\":\"PropertyValueSpecification\",\"valueRequired\":true,\"valueName\":\"search_term_string\"}}],\"inLanguage\":\"pl-PL\"},{\"@type\":\"Organization\",\"@id\":\"https:\/\/valleyvendeghazeger.hu\/#organization\",\"name\":\"Valley Vend\u00e9gh\u00e1z\",\"url\":\"https:\/\/valleyvendeghazeger.hu\/\",\"logo\":{\"@type\":\"ImageObject\",\"inLanguage\":\"pl-PL\",\"@id\":\"https:\/\/valleyvendeghazeger.hu\/#\/schema\/logo\/image\/\",\"url\":\"https:\/\/valleyvendeghazeger.hu\/wp-content\/uploads\/2024\/10\/logo_RGB-1.png\",\"contentUrl\":\"https:\/\/valleyvendeghazeger.hu\/wp-content\/uploads\/2024\/10\/logo_RGB-1.png\",\"width\":5906,\"height\":3249,\"caption\":\"Valley Vend\u00e9gh\u00e1z\"},\"image\":{\"@id\":\"https:\/\/valleyvendeghazeger.hu\/#\/schema\/logo\/image\/\"},\"sameAs\":[\"https:\/\/www.facebook.com\/valleyeger\"]}]}<\/script>\n<!-- \/ Yoast SEO plugin. -->","yoast_head_json":{"title":"Sz\u00e1ll\u00e1shelyek - Valley Vend\u00e9gh\u00e1z Eger","robots":{"index":"index","follow":"follow","max-snippet":"max-snippet:-1","max-image-preview":"max-image-preview:large","max-video-preview":"max-video-preview:-1"},"canonical":"https:\/\/valleyvendeghazeger.hu\/pl\/szallashelyek\/","og_locale":"pl_PL","og_type":"article","og_title":"Sz\u00e1ll\u00e1shelyek - Valley Vend\u00e9gh\u00e1z Eger","og_url":"https:\/\/valleyvendeghazeger.hu\/pl\/szallashelyek\/","og_site_name":"Valley Vend\u00e9gh\u00e1z Eger","article_publisher":"https:\/\/www.facebook.com\/valleyeger","twitter_card":"summary_large_image","schema":{"@context":"https:\/\/schema.org","@graph":[{"@type":"WebPage","@id":"https:\/\/valleyvendeghazeger.hu\/szallashelyek\/","url":"https:\/\/valleyvendeghazeger.hu\/szallashelyek\/","name":"Sz\u00e1ll\u00e1shelyek - Valley Vend\u00e9gh\u00e1z Eger","isPartOf":{"@id":"https:\/\/valleyvendeghazeger.hu\/#website"},"datePublished":"2024-10-22T07:37:38+00:00","dateModified":"2024-10-22T07:37:38+00:00","breadcrumb":{"@id":"https:\/\/valleyvendeghazeger.hu\/szallashelyek\/#breadcrumb"},"inLanguage":"pl-PL","potentialAction":[{"@type":"ReadAction","target":["https:\/\/valleyvendeghazeger.hu\/szallashelyek\/"]}]},{"@type":"BreadcrumbList","@id":"https:\/\/valleyvendeghazeger.hu\/szallashelyek\/#breadcrumb","itemListElement":[{"@type":"ListItem","position":1,"name":"Kezd\u0151lap","item":"https:\/\/valleyvendeghazeger.hu\/"},{"@type":"ListItem","position":2,"name":"Sz\u00e1ll\u00e1shelyek"}]},{"@type":"WebSite","@id":"https:\/\/valleyvendeghazeger.hu\/#website","url":"https:\/\/valleyvendeghazeger.hu\/","name":"Valley Vend\u00e9gh\u00e1z","description":"","publisher":{"@id":"https:\/\/valleyvendeghazeger.hu\/#organization"},"potentialAction":[{"@type":"SearchAction","target":{"@type":"EntryPoint","urlTemplate":"https:\/\/valleyvendeghazeger.hu\/?s={search_term_string}"},"query-input":{"@type":"PropertyValueSpecification","valueRequired":true,"valueName":"search_term_string"}}],"inLanguage":"pl-PL"},{"@type":"Organization","@id":"https:\/\/valleyvendeghazeger.hu\/#organization","name":"Valley Vend\u00e9gh\u00e1z","url":"https:\/\/valleyvendeghazeger.hu\/","logo":{"@type":"ImageObject","inLanguage":"pl-PL","@id":"https:\/\/valleyvendeghazeger.hu\/#\/schema\/logo\/image\/","url":"https:\/\/valleyvendeghazeger.hu\/wp-content\/uploads\/2024\/10\/logo_RGB-1.png","contentUrl":"https:\/\/valleyvendeghazeger.hu\/wp-content\/uploads\/2024\/10\/logo_RGB-1.png","width":5906,"height":3249,"caption":"Valley Vend\u00e9gh\u00e1z"},"image":{"@id":"https:\/\/valleyvendeghazeger.hu\/#\/schema\/logo\/image\/"},"sameAs":["https:\/\/www.facebook.com\/valleyeger"]}]}},"_links":{"self":[{"href":"https:\/\/valleyvendeghazeger.hu\/pl\/wp-json\/wp\/v2\/pages\/323","targetHints":{"allow":["GET"]}}],"collection":[{"href":"https:\/\/valleyvendeghazeger.hu\/pl\/wp-json\/wp\/v2\/pages"}],"about":[{"href":"https:\/\/valleyvendeghazeger.hu\/pl\/wp-json\/wp\/v2\/types\/page"}],"author":[{"embeddable":true,"href":"https:\/\/valleyvendeghazeger.hu\/pl\/wp-json\/wp\/v2\/users\/1"}],"replies":[{"embeddable":true,"href":"https:\/\/valleyvendeghazeger.hu\/pl\/wp-json\/wp\/v2\/comments?post=323"}],"version-history":[{"count":0,"href":"https:\/\/valleyvendeghazeger.hu\/pl\/wp-json\/wp\/v2\/pages\/323\/revisions"}],"wp:attachment":[{"href":"https:\/\/valleyvendeghazeger.hu\/pl\/wp-json\/wp\/v2\/media?parent=323"}],"curies":[{"name":"wp","href":"https:\/\/api.w.org\/{rel}","templated":true}]}}