{"id":299,"date":"2024-10-22T06:57:18","date_gmt":"2024-10-22T06:57:18","guid":{"rendered":"https:\/\/valleyvendeghazeger.hu\/?page_id=299"},"modified":"2025-09-29T10:24:44","modified_gmt":"2025-09-29T09:24:44","slug":"kamera-rendszer-tajekoztato","status":"publish","type":"page","link":"https:\/\/valleyvendeghazeger.hu\/pl\/kamera-rendszer-tajekoztato\/","title":{"rendered":"Informacje o systemie kamer"},"content":{"rendered":"<p>&nbsp;<\/p>\n<div class=\"page-content\">\n<h3><strong>Informacje dotycz\u0105ce stosowania systemu monitoringu elektronicznego zainstalowanego na terenie obiektu noclegowego<\/strong><\/h3>\n<p><strong>1. Nazwa administratora danych i operatora systemu dozoru elektronicznego:<\/strong><\/p>\n<p id=\"h.gjdgxs\"><strong>Noclegi w pensjonacie Valley<\/strong><\/p>\n<p>Siedziba: 3300 Eger, Szal\u00f3ki \u00fat 8.<br \/>\nNumer telefonu: +36 70 567 3977, +36 20 381 1992<br \/>\nImi\u0119 i nazwisko reprezentatywne: Istv\u00e1n G\u00e9za Simon<\/p>\n<p>2. Informujemy, \u017ce us\u0142ugodawca \u2013 jako administrator danych \u2013\u00a0<strong>ochrona aktyw\u00f3w<\/strong>\u00a0wykorzystuje w tym celu elektroniczny system nadzoru, kt\u00f3ry umo\u017cliwia bezpo\u015bredni\u0105 obserwacj\u0119, rejestracj\u0119 obrazu i jego przechowywanie. \u00a0<strong>Kamery dzia\u0142aj\u0105ce w obiektach dostawcy us\u0142ug skierowane s\u0105 na nast\u0119puj\u0105ce obszary:<\/strong><\/p>\n<p>Pomieszczenia monitorowane kamerami:<\/p>\n<ol>\n<li><em>\u00a0Monitorowanie g\u0142\u00f3wnego wej\u015bcia do domu.<\/em><\/li>\n<li><i>\u00a0Monitorowanie parkingu przy g\u0142\u00f3wnym wej\u015bciu do domu.<\/i><\/li>\n<li><em>\u00a0Patrz\u0105c na jacuzzi na tarasie.<\/em><\/li>\n<\/ol>\n<p>Zakres przetwarzanych danych: wizerunki twarzy go\u015bci i innych os\u00f3b zainteresowanych uchwycone w polu widzenia kamer, bez g\u0142osu i innych danych osobowych.<\/p>\n<p>System kamer dzia\u0142a 24 godziny na dob\u0119.<\/p>\n<p>Informujemy, \u017ce rejestracja obrazu i d\u017awi\u0119ku na potrzeby systemu dozoru elektronicznego odbywa si\u0119 na podstawie wyra\u017anej zgody, zgodnie z \u00a7 30 ust. 2 Ustawy o monitoringu wizyjnym (Szvtv.), w celu udowodnienia narusze\u0144 prawa w celu ochrony mienia, zgodnie z poni\u017cszym opisem. Zwracamy uwag\u0119, \u017ce przebywanie w obszarze monitorowanym przez kamer\u0119 i posiadanie wiedzy na ten temat jest r\u00f3wnoznaczne z udzieleniem wyra\u017anej zgody na przetwarzanie danych.<\/p>\n<p><strong>3. Podstawa prawna przetwarzania danych:<\/strong>\u00a0egzekwowanie uzasadnionych interes\u00f3w administratora danych.<\/p>\n<p><strong>4. Czas przechowywania:\u00a0<\/strong>Nagrania mog\u0105 by\u0107 przechowywane maksymalnie przez 30 (trzydzie\u015bci) dni roboczych, je\u015bli nie zostan\u0105 wykorzystane. Za wykorzystanie uwa\u017ca si\u0119 sytuacj\u0119, gdy zarejestrowany wizerunek i inne dane osobowe maj\u0105 by\u0107 wykorzystane jako dow\u00f3d w s\u0105dzie lub innym post\u0119powaniu urz\u0119dowym.<\/p>\n<p><strong>5. Miejsce przechowywania:<\/strong>\u00a0siedziba administratora danych.<\/p>\n<p><strong>6. Uprawnionymi do przegl\u0105dania nagrania s\u0105:<\/strong>\u00a0Opr\u00f3cz uprawnie\u0144 wynikaj\u0105cych z przepis\u00f3w prawa, operatorzy obiekt\u00f3w noclegowych maj\u0105 prawo wgl\u0105du do danych rejestrowanych przez system monitoringu elektronicznego w celu wykrywania narusze\u0144 oraz monitorowania funkcjonowania systemu.<\/p>\n<p><strong>7. \u015arodki bezpiecze\u0144stwa danych:<\/strong><\/p>\n<p>Przekazanie danych jest mo\u017cliwe wy\u0142\u0105cznie w przypadku tocz\u0105cego si\u0119 post\u0119powania w sprawie o naruszenie przepis\u00f3w lub obowi\u0105zk\u00f3w, a tak\u017ce wy\u0142\u0105cznie organom lub s\u0105dom prowadz\u0105cym post\u0119powanie. Przekazane dane mog\u0105 obejmowa\u0107 nagrania z systemu kamer zawieraj\u0105ce istotne informacje, a tak\u017ce nazwiska os\u00f3b, kt\u00f3re mog\u0105 pojawi\u0107 si\u0119 na nagraniach.<\/p>\n<p><strong>8. Informacje o prawach osoby, kt\u00f3rej dane dotycz\u0105, i sposobie ich realizacji<\/strong><\/p>\n<p>Osoba, kt\u00f3rej prawa lub uzasadnione interesy zosta\u0142y naruszone przez nagranie obrazu, d\u017awi\u0119ku albo obrazu i d\u017awi\u0119ku, mo\u017ce w ci\u0105gu trzech dni roboczych od dnia nagrania za\u017c\u0105da\u0107 od administratora danych zniszczenia lub nieusuwania danych, wykazuj\u0105c w ten spos\u00f3b swoje prawa lub uzasadnione interesy.<\/p>\n<p>Prawa osoby, kt\u00f3rej dane dotycz\u0105, s\u0105 szczeg\u00f3\u0142owo opisane w naszej Informacji o ochronie danych.<\/p>\n<p><strong>Organ nadzoruj\u0105cy:<\/strong><\/p>\n<p>Krajowy Urz\u0105d Ochrony Danych i Dost\u0119pu do Informacji<br \/>\nsiedziba: 1055 Budapeszt, ul. Falk Miksa 9-11.<br \/>\nTelefon: +36 (30) 683-5969, +36 (30) 549-6838<br \/>\nAdres e-mail: ugyfelszolgalat@naih.hu<\/p>\n<\/div>\n<p>&nbsp;<\/p>\n<div class=\"elementor elementor-49 elementor-location-footer\" data-elementor-type=\"footer\" data-elementor-id=\"49\" data-elementor-post-type=\"elementor_library\">\n<div class=\"elementor-element elementor-element-ae9c672 e-flex e-con-boxed e-con e-parent e-lazyloaded\" data-id=\"ae9c672\" data-element_type=\"container\" data-settings=\"{&quot;shape_divider_bottom&quot;:&quot;mountains&quot;}\">\n<div class=\"e-con-inner\">\n<div class=\"elementor-shape elementor-shape-bottom\" data-negative=\"false\"><\/div>\n<\/div>\n<\/div>\n<section class=\"elementor-section elementor-top-section elementor-element elementor-element-36f0426 elementor-section-boxed elementor-section-height-default elementor-section-height-default\" data-id=\"36f0426\" data-element_type=\"section\" data-settings=\"{&quot;background_background&quot;:&quot;classic&quot;}\">\n<div class=\"elementor-container elementor-column-gap-default\">\n<div class=\"elementor-column elementor-col-25 elementor-top-column elementor-element elementor-element-6aa2e34\" data-id=\"6aa2e34\" data-element_type=\"column\">\n<div class=\"elementor-widget-wrap elementor-element-populated\">\n<div class=\"elementor-element elementor-element-4bc684a5 elementor-widget__width-auto elementor-widget elementor-widget-image\" data-id=\"4bc684a5\" data-element_type=\"widget\" data-widget_type=\"image.default\"><\/div>\n<\/div>\n<\/div>\n<\/div>\n<\/section>\n<\/div>","protected":false},"excerpt":{"rendered":"<p>&nbsp; T\u00e1j\u00e9koztat\u00f3 a sz\u00e1ll\u00e1shely ter\u00fclet\u00e9n felszerelt elektronikus megfigyel\u0151rendszer alkalmaz\u00e1s\u00e1r\u00f3l 1. Adatkezel\u0151, elektronikus megfigyel\u0151rendszer \u00fczemeltet\u0151j\u00e9nek megnevez\u00e9se: Valley Vend\u00e9gh\u00e1z sz\u00e1ll\u00e1shely Sz\u00e9khelye: 3300 Eger, Szal\u00f3ki \u00fat 8. Telefonsz\u00e1m: +36 70 567 3977, +36 20 381 1992 K\u00e9pvisel\u0151 neve: Simon Istv\u00e1n G\u00e9za 2. T\u00e1j\u00e9koztatjuk, hogy a szolg\u00e1ltat\u00f3 \u2013 mint adatkezel\u0151 \u2013\u00a0vagyonv\u00e9delem\u00a0c\u00e9lj\u00e1b\u00f3l elektronikus megfigyel\u0151rendszert alkalmaz, amely k\u00f6zvetlen megfigyel\u00e9st, k\u00e9pr\u00f6gz\u00edt\u00e9st \u00e9s [&hellip;]<\/p>","protected":false},"author":1,"featured_media":0,"parent":0,"menu_order":0,"comment_status":"closed","ping_status":"closed","template":"","meta":{"footnotes":""},"class_list":["post-299","page","type-page","status-publish","hentry"],"yoast_head":"<!-- This site is optimized with the Yoast SEO plugin v23.7 - https:\/\/yoast.com\/wordpress\/plugins\/seo\/ -->\n<title>Kamera rendszer t\u00e1j\u00e9koztat\u00f3 - Valley Vend\u00e9gh\u00e1z Eger<\/title>\n<meta name=\"robots\" content=\"noindex, follow\" \/>\n<meta property=\"og:locale\" content=\"pl_PL\" \/>\n<meta property=\"og:type\" content=\"article\" \/>\n<meta property=\"og:title\" content=\"Kamera rendszer t\u00e1j\u00e9koztat\u00f3 - Valley Vend\u00e9gh\u00e1z Eger\" \/>\n<meta property=\"og:description\" content=\"&nbsp; T\u00e1j\u00e9koztat\u00f3 a sz\u00e1ll\u00e1shely ter\u00fclet\u00e9n felszerelt elektronikus megfigyel\u0151rendszer alkalmaz\u00e1s\u00e1r\u00f3l 1. Adatkezel\u0151, elektronikus megfigyel\u0151rendszer \u00fczemeltet\u0151j\u00e9nek megnevez\u00e9se: Valley Vend\u00e9gh\u00e1z sz\u00e1ll\u00e1shely Sz\u00e9khelye: 3300 Eger, Szal\u00f3ki \u00fat 8. Telefonsz\u00e1m: +36 70 567 3977, +36 20 381 1992 K\u00e9pvisel\u0151 neve: Simon Istv\u00e1n G\u00e9za 2. T\u00e1j\u00e9koztatjuk, hogy a szolg\u00e1ltat\u00f3 \u2013 mint adatkezel\u0151 \u2013\u00a0vagyonv\u00e9delem\u00a0c\u00e9lj\u00e1b\u00f3l elektronikus megfigyel\u0151rendszert alkalmaz, amely k\u00f6zvetlen megfigyel\u00e9st, k\u00e9pr\u00f6gz\u00edt\u00e9st \u00e9s [&hellip;]\" \/>\n<meta property=\"og:url\" content=\"https:\/\/valleyvendeghazeger.hu\/pl\/kamera-rendszer-tajekoztato\/\" \/>\n<meta property=\"og:site_name\" content=\"Valley Vend\u00e9gh\u00e1z Eger\" \/>\n<meta property=\"article:publisher\" content=\"https:\/\/www.facebook.com\/valleyeger\" \/>\n<meta property=\"article:modified_time\" content=\"2025-09-29T09:24:44+00:00\" \/>\n<meta name=\"twitter:card\" content=\"summary_large_image\" \/>\n<meta name=\"twitter:label1\" content=\"Szacowany czas czytania\" \/>\n\t<meta name=\"twitter:data1\" content=\"3 minuty\" \/>\n<script type=\"application\/ld+json\" class=\"yoast-schema-graph\">{\"@context\":\"https:\/\/schema.org\",\"@graph\":[{\"@type\":\"WebPage\",\"@id\":\"https:\/\/valleyvendeghazeger.hu\/kamera-rendszer-tajekoztato\/\",\"url\":\"https:\/\/valleyvendeghazeger.hu\/kamera-rendszer-tajekoztato\/\",\"name\":\"Kamera rendszer t\u00e1j\u00e9koztat\u00f3 - Valley Vend\u00e9gh\u00e1z Eger\",\"isPartOf\":{\"@id\":\"https:\/\/valleyvendeghazeger.hu\/#website\"},\"datePublished\":\"2024-10-22T06:57:18+00:00\",\"dateModified\":\"2025-09-29T09:24:44+00:00\",\"breadcrumb\":{\"@id\":\"https:\/\/valleyvendeghazeger.hu\/kamera-rendszer-tajekoztato\/#breadcrumb\"},\"inLanguage\":\"pl-PL\",\"potentialAction\":[{\"@type\":\"ReadAction\",\"target\":[\"https:\/\/valleyvendeghazeger.hu\/kamera-rendszer-tajekoztato\/\"]}]},{\"@type\":\"BreadcrumbList\",\"@id\":\"https:\/\/valleyvendeghazeger.hu\/kamera-rendszer-tajekoztato\/#breadcrumb\",\"itemListElement\":[{\"@type\":\"ListItem\",\"position\":1,\"name\":\"Kezd\u0151lap\",\"item\":\"https:\/\/valleyvendeghazeger.hu\/\"},{\"@type\":\"ListItem\",\"position\":2,\"name\":\"Kamera rendszer t\u00e1j\u00e9koztat\u00f3\"}]},{\"@type\":\"WebSite\",\"@id\":\"https:\/\/valleyvendeghazeger.hu\/#website\",\"url\":\"https:\/\/valleyvendeghazeger.hu\/\",\"name\":\"Valley Vend\u00e9gh\u00e1z\",\"description\":\"\",\"publisher\":{\"@id\":\"https:\/\/valleyvendeghazeger.hu\/#organization\"},\"potentialAction\":[{\"@type\":\"SearchAction\",\"target\":{\"@type\":\"EntryPoint\",\"urlTemplate\":\"https:\/\/valleyvendeghazeger.hu\/?s={search_term_string}\"},\"query-input\":{\"@type\":\"PropertyValueSpecification\",\"valueRequired\":true,\"valueName\":\"search_term_string\"}}],\"inLanguage\":\"pl-PL\"},{\"@type\":\"Organization\",\"@id\":\"https:\/\/valleyvendeghazeger.hu\/#organization\",\"name\":\"Valley Vend\u00e9gh\u00e1z\",\"url\":\"https:\/\/valleyvendeghazeger.hu\/\",\"logo\":{\"@type\":\"ImageObject\",\"inLanguage\":\"pl-PL\",\"@id\":\"https:\/\/valleyvendeghazeger.hu\/#\/schema\/logo\/image\/\",\"url\":\"https:\/\/valleyvendeghazeger.hu\/wp-content\/uploads\/2024\/10\/logo_RGB-1.png\",\"contentUrl\":\"https:\/\/valleyvendeghazeger.hu\/wp-content\/uploads\/2024\/10\/logo_RGB-1.png\",\"width\":5906,\"height\":3249,\"caption\":\"Valley Vend\u00e9gh\u00e1z\"},\"image\":{\"@id\":\"https:\/\/valleyvendeghazeger.hu\/#\/schema\/logo\/image\/\"},\"sameAs\":[\"https:\/\/www.facebook.com\/valleyeger\"]}]}<\/script>\n<!-- \/ Yoast SEO plugin. -->","yoast_head_json":{"title":"Kamera rendszer t\u00e1j\u00e9koztat\u00f3 - Valley Vend\u00e9gh\u00e1z Eger","robots":{"index":"noindex","follow":"follow"},"og_locale":"pl_PL","og_type":"article","og_title":"Kamera rendszer t\u00e1j\u00e9koztat\u00f3 - Valley Vend\u00e9gh\u00e1z Eger","og_description":"&nbsp; T\u00e1j\u00e9koztat\u00f3 a sz\u00e1ll\u00e1shely ter\u00fclet\u00e9n felszerelt elektronikus megfigyel\u0151rendszer alkalmaz\u00e1s\u00e1r\u00f3l 1. Adatkezel\u0151, elektronikus megfigyel\u0151rendszer \u00fczemeltet\u0151j\u00e9nek megnevez\u00e9se: Valley Vend\u00e9gh\u00e1z sz\u00e1ll\u00e1shely Sz\u00e9khelye: 3300 Eger, Szal\u00f3ki \u00fat 8. Telefonsz\u00e1m: +36 70 567 3977, +36 20 381 1992 K\u00e9pvisel\u0151 neve: Simon Istv\u00e1n G\u00e9za 2. T\u00e1j\u00e9koztatjuk, hogy a szolg\u00e1ltat\u00f3 \u2013 mint adatkezel\u0151 \u2013\u00a0vagyonv\u00e9delem\u00a0c\u00e9lj\u00e1b\u00f3l elektronikus megfigyel\u0151rendszert alkalmaz, amely k\u00f6zvetlen megfigyel\u00e9st, k\u00e9pr\u00f6gz\u00edt\u00e9st \u00e9s [&hellip;]","og_url":"https:\/\/valleyvendeghazeger.hu\/pl\/kamera-rendszer-tajekoztato\/","og_site_name":"Valley Vend\u00e9gh\u00e1z Eger","article_publisher":"https:\/\/www.facebook.com\/valleyeger","article_modified_time":"2025-09-29T09:24:44+00:00","twitter_card":"summary_large_image","twitter_misc":{"Szacowany czas czytania":"3 minuty"},"schema":{"@context":"https:\/\/schema.org","@graph":[{"@type":"WebPage","@id":"https:\/\/valleyvendeghazeger.hu\/kamera-rendszer-tajekoztato\/","url":"https:\/\/valleyvendeghazeger.hu\/kamera-rendszer-tajekoztato\/","name":"Kamera rendszer t\u00e1j\u00e9koztat\u00f3 - Valley Vend\u00e9gh\u00e1z Eger","isPartOf":{"@id":"https:\/\/valleyvendeghazeger.hu\/#website"},"datePublished":"2024-10-22T06:57:18+00:00","dateModified":"2025-09-29T09:24:44+00:00","breadcrumb":{"@id":"https:\/\/valleyvendeghazeger.hu\/kamera-rendszer-tajekoztato\/#breadcrumb"},"inLanguage":"pl-PL","potentialAction":[{"@type":"ReadAction","target":["https:\/\/valleyvendeghazeger.hu\/kamera-rendszer-tajekoztato\/"]}]},{"@type":"BreadcrumbList","@id":"https:\/\/valleyvendeghazeger.hu\/kamera-rendszer-tajekoztato\/#breadcrumb","itemListElement":[{"@type":"ListItem","position":1,"name":"Kezd\u0151lap","item":"https:\/\/valleyvendeghazeger.hu\/"},{"@type":"ListItem","position":2,"name":"Kamera rendszer t\u00e1j\u00e9koztat\u00f3"}]},{"@type":"WebSite","@id":"https:\/\/valleyvendeghazeger.hu\/#website","url":"https:\/\/valleyvendeghazeger.hu\/","name":"Valley Vend\u00e9gh\u00e1z","description":"","publisher":{"@id":"https:\/\/valleyvendeghazeger.hu\/#organization"},"potentialAction":[{"@type":"SearchAction","target":{"@type":"EntryPoint","urlTemplate":"https:\/\/valleyvendeghazeger.hu\/?s={search_term_string}"},"query-input":{"@type":"PropertyValueSpecification","valueRequired":true,"valueName":"search_term_string"}}],"inLanguage":"pl-PL"},{"@type":"Organization","@id":"https:\/\/valleyvendeghazeger.hu\/#organization","name":"Valley Vend\u00e9gh\u00e1z","url":"https:\/\/valleyvendeghazeger.hu\/","logo":{"@type":"ImageObject","inLanguage":"pl-PL","@id":"https:\/\/valleyvendeghazeger.hu\/#\/schema\/logo\/image\/","url":"https:\/\/valleyvendeghazeger.hu\/wp-content\/uploads\/2024\/10\/logo_RGB-1.png","contentUrl":"https:\/\/valleyvendeghazeger.hu\/wp-content\/uploads\/2024\/10\/logo_RGB-1.png","width":5906,"height":3249,"caption":"Valley Vend\u00e9gh\u00e1z"},"image":{"@id":"https:\/\/valleyvendeghazeger.hu\/#\/schema\/logo\/image\/"},"sameAs":["https:\/\/www.facebook.com\/valleyeger"]}]}},"_links":{"self":[{"href":"https:\/\/valleyvendeghazeger.hu\/pl\/wp-json\/wp\/v2\/pages\/299","targetHints":{"allow":["GET"]}}],"collection":[{"href":"https:\/\/valleyvendeghazeger.hu\/pl\/wp-json\/wp\/v2\/pages"}],"about":[{"href":"https:\/\/valleyvendeghazeger.hu\/pl\/wp-json\/wp\/v2\/types\/page"}],"author":[{"embeddable":true,"href":"https:\/\/valleyvendeghazeger.hu\/pl\/wp-json\/wp\/v2\/users\/1"}],"replies":[{"embeddable":true,"href":"https:\/\/valleyvendeghazeger.hu\/pl\/wp-json\/wp\/v2\/comments?post=299"}],"version-history":[{"count":6,"href":"https:\/\/valleyvendeghazeger.hu\/pl\/wp-json\/wp\/v2\/pages\/299\/revisions"}],"predecessor-version":[{"id":1659,"href":"https:\/\/valleyvendeghazeger.hu\/pl\/wp-json\/wp\/v2\/pages\/299\/revisions\/1659"}],"wp:attachment":[{"href":"https:\/\/valleyvendeghazeger.hu\/pl\/wp-json\/wp\/v2\/media?parent=299"}],"curies":[{"name":"wp","href":"https:\/\/api.w.org\/{rel}","templated":true}]}}