{"id":297,"date":"2024-10-22T06:52:54","date_gmt":"2024-10-22T06:52:54","guid":{"rendered":"https:\/\/valleyvendeghazeger.hu\/?page_id=297"},"modified":"2026-02-04T09:21:51","modified_gmt":"2026-02-04T08:21:51","slug":"foglalasi-szabalyzat","status":"publish","type":"page","link":"https:\/\/valleyvendeghazeger.hu\/pl\/foglalasi-szabalyzat\/","title":{"rendered":"Polityka rezerwacji"},"content":{"rendered":"<p class=\"p1\"><b>Minimalna liczba nocy:<\/b><\/p>\n<p class=\"p3\">\u2022W szczycie sezonu wymagany jest pobyt minimum 2 noce.<\/p>\n<p class=\"p3\">\u2022 Zar\u00f3wno przed sezonem, jak i po sezonie wymagana jest minimalna rezerwacja na 2 noce.<\/p>\n<p class=\"p3\">\u2022W okresach szczytu \u015bwi\u0105t i d\u0142ugich weekend\u00f3w wymagany jest pobyt minimum 3 nocy.<\/p>\n<p class=\"p3\">\u2022Na Sylwestra mo\u017cna zarezerwowa\u0107 tylko ca\u0142y dom, na minimum 3 noce, w cenie 160 000 HUF\/noc.<\/p>\n<p>\u2022 Rezerwacje na jedn\u0105 noc podlegaj\u0105 indywidualnemu rozpatrzeniu i wi\u0105\u017c\u0105 si\u0119 z dodatkow\u0105 op\u0142at\u0105 w wysoko\u015bci +30%<\/p>\n<p class=\"p1\"><b>Pokoje i ceny:<\/b><\/p>\n<p class=\"p3\">\u2022Pok\u00f3j dwuosobowy typu deluxe: 24 000 HUF\/noc<\/p>\n<p class=\"p3\">\u2022Pok\u00f3j dwuosobowy z widokiem na ogr\u00f3d: 24 000 HUF\/noc<\/p>\n<p class=\"p3\">\u2022Apartament typu studio: 24 000 HUF\/noc<\/p>\n<p class=\"p3\">\u2022Pok\u00f3j trzyosobowy: 33 000 HUF\/noc<\/p>\n<p class=\"p3\">\u2022Apartament rodzinny: 40 000 HUF\/noc<\/p>\n<p class=\"p3\">\u2022Wynaj\u0119cie ca\u0142ego domu: 150 000 HUF\/noc<\/p>\n<p class=\"p1\"><b>Zni\u017cki za dzieci i dostawki:<\/b><\/p>\n<p class=\"p3\">\u2022Zapewniamy zni\u017ck\u0119 w wysoko\u015bci 2000 HUF na dziecko do 10 roku \u017cycia.<\/p>\n<p class=\"p3\">\u2022Dodatkowe \u0142\u00f3\u017cko dla dzieci powy\u017cej 10 lat 5000 HUF\/noc.<\/p>\n<p class=\"p3\">\u2022\u0141\u00f3\u017ceczko dzieci\u0119ce jest bezp\u0142atne.<\/p>\n<p class=\"p3\">\u2022 Prosimy o kontakt w sprawie ustawienia dodatkowych \u0142\u00f3\u017cek i \u0142\u00f3\u017ceczek dzieci\u0119cych.<\/p>\n<p class=\"p3\">\u2022Podatek turystyczny: 750 HUF\/osoba\/noc (powy\u017cej 18 lat).<\/p>\n<p class=\"p1\"><b>Zameldowanie i wymeldowanie:<\/b><\/p>\n<p class=\"p3\">\u2022 Zameldowanie od godziny 15:00 w dniu przyjazdu.<\/p>\n<p class=\"p3\">\u2022 Wymeldowanie nale\u017cy wykona\u0107 do godziny 10:00 rano w dniu podr\u00f3\u017cy.<\/p>\n<p class=\"p1\"><b>Opcje wy\u017cywienia:<\/b><\/p>\n<p class=\"p3\">\u2022Oko\u0142o 5-8 minut spacerem, \u015bniadanie mo\u017cna zam\u00f3wi\u0107 u naszego partnera za dodatkow\u0105 op\u0142at\u0105, wymagane jest wcze\u015bniejsze uzgodnienie.<\/p>\n<p class=\"p1\"><b>Opcje p\u0142atno\u015bci:<\/b><\/p>\n<p class=\"p3\">\u2022Przelew bankowy: Istv\u00e1n Simon, 10403507-50527051-90701008<\/p>\n<p class=\"p3\">IBAN: HU96 10403507 50527051 90701008, SWIFT\/BIC: OKHBHUHB<\/p>\n<p class=\"p3\">\u2022P\u0142atno\u015b\u0107 got\u00f3wk\u0105.<\/p>\n<p class=\"p1\"><b>Warunki anulowania:<\/b><\/p>\n<p class=\"p3\">\u2022Op\u0142ata karna za 14\u20138 dni przed przyjazdem wynosi 50%.<\/p>\n<p class=\"p3\">\u2022 Od 7. dnia przed przyjazdem lub w przypadku niepojawienia si\u0119, kara wynosi 100%.<\/p>\n<p class=\"p3\">\u2022Je\u015bli wyjazd nast\u0105pi wcze\u015bniej ni\u017c zarezerwowano, nale\u017cy ui\u015bci\u0107 pe\u0142n\u0105 kwot\u0119 op\u0142aty za zakwaterowanie (100%).<\/p>\n<p class=\"p3\">\u2022Op\u0142at\u0119 karn\u0105 mo\u017cna odzyska\u0107 w ci\u0105gu roku przy rezerwacji nowego terminu.<\/p>\n<p class=\"p1\"><b>Przepisy dotycz\u0105ce COVID-19:<\/b><\/p>\n<p class=\"p1\">Je\u015bli przed podr\u00f3\u017c\u0105 lub w jej trakcie obowi\u0105zuj\u0105 ograniczenia w podr\u00f3\u017cowaniu, go\u015bcie mog\u0105 poprosi\u0107 o zmian\u0119 rezerwacji lub zwrot wp\u0142aconego depozytu.<\/p>","protected":false},"excerpt":{"rendered":"<p>Minimum \u00e9jszak\u00e1k sz\u00e1ma: \u2022F\u0151szezonban minimum 2 \u00e9jszaka foglalhat\u00f3. \u2022El\u0151- \u00e9s ut\u00f3szezonban is minimum 2 \u00e9jszaka foglal\u00e1sa sz\u00fcks\u00e9ges. \u2022Kiemelt \u00fcnnepi id\u0151szakokban, valamint hossz\u00fa h\u00e9tv\u00e9g\u00e9ken minimum 3 \u00e9jszaka foglal\u00e1sa k\u00f6telez\u0151. \u2022Szilveszterre csak az eg\u00e9sz h\u00e1z foglalhat\u00f3, minimum 3 \u00e9jszak\u00e1ra, 160 000 Ft\/\u00e9j \u00e1ron. \u2022Egy \u00e9jszak\u00e1s foglal\u00e1s kiz\u00e1r\u00f3lag egyedi elb\u00edr\u00e1l\u00e1s alapj\u00e1n, melynek d\u00edja +30%-os fel\u00e1r Szob\u00e1k \u00e9s \u00e1rak: [&hellip;]<\/p>","protected":false},"author":1,"featured_media":0,"parent":0,"menu_order":0,"comment_status":"closed","ping_status":"closed","template":"","meta":{"footnotes":""},"class_list":["post-297","page","type-page","status-publish","hentry"],"yoast_head":"<!-- This site is optimized with the Yoast SEO plugin v23.7 - https:\/\/yoast.com\/wordpress\/plugins\/seo\/ -->\n<title>Foglal\u00e1si szab\u00e1lyzat - Valley Vend\u00e9gh\u00e1z Eger<\/title>\n<meta name=\"robots\" content=\"noindex, follow\" \/>\n<meta property=\"og:locale\" content=\"pl_PL\" \/>\n<meta property=\"og:type\" content=\"article\" \/>\n<meta property=\"og:title\" content=\"Foglal\u00e1si szab\u00e1lyzat - Valley Vend\u00e9gh\u00e1z Eger\" \/>\n<meta property=\"og:description\" content=\"Minimum \u00e9jszak\u00e1k sz\u00e1ma: \u2022F\u0151szezonban minimum 2 \u00e9jszaka foglalhat\u00f3. \u2022El\u0151- \u00e9s ut\u00f3szezonban is minimum 2 \u00e9jszaka foglal\u00e1sa sz\u00fcks\u00e9ges. \u2022Kiemelt \u00fcnnepi id\u0151szakokban, valamint hossz\u00fa h\u00e9tv\u00e9g\u00e9ken minimum 3 \u00e9jszaka foglal\u00e1sa k\u00f6telez\u0151. \u2022Szilveszterre csak az eg\u00e9sz h\u00e1z foglalhat\u00f3, minimum 3 \u00e9jszak\u00e1ra, 160 000 Ft\/\u00e9j \u00e1ron. \u2022Egy \u00e9jszak\u00e1s foglal\u00e1s kiz\u00e1r\u00f3lag egyedi elb\u00edr\u00e1l\u00e1s alapj\u00e1n, melynek d\u00edja +30%-os fel\u00e1r Szob\u00e1k \u00e9s \u00e1rak: [&hellip;]\" \/>\n<meta property=\"og:url\" content=\"https:\/\/valleyvendeghazeger.hu\/pl\/foglalasi-szabalyzat\/\" \/>\n<meta property=\"og:site_name\" content=\"Valley Vend\u00e9gh\u00e1z Eger\" \/>\n<meta property=\"article:publisher\" content=\"https:\/\/www.facebook.com\/valleyeger\" \/>\n<meta property=\"article:modified_time\" content=\"2026-02-04T08:21:51+00:00\" \/>\n<meta name=\"twitter:card\" content=\"summary_large_image\" \/>\n<meta name=\"twitter:label1\" content=\"Szacowany czas czytania\" \/>\n\t<meta name=\"twitter:data1\" content=\"2 minuty\" \/>\n<script type=\"application\/ld+json\" class=\"yoast-schema-graph\">{\"@context\":\"https:\/\/schema.org\",\"@graph\":[{\"@type\":\"WebPage\",\"@id\":\"https:\/\/valleyvendeghazeger.hu\/foglalasi-szabalyzat\/\",\"url\":\"https:\/\/valleyvendeghazeger.hu\/foglalasi-szabalyzat\/\",\"name\":\"Foglal\u00e1si szab\u00e1lyzat - Valley Vend\u00e9gh\u00e1z Eger\",\"isPartOf\":{\"@id\":\"https:\/\/valleyvendeghazeger.hu\/#website\"},\"datePublished\":\"2024-10-22T06:52:54+00:00\",\"dateModified\":\"2026-02-04T08:21:51+00:00\",\"breadcrumb\":{\"@id\":\"https:\/\/valleyvendeghazeger.hu\/foglalasi-szabalyzat\/#breadcrumb\"},\"inLanguage\":\"pl-PL\",\"potentialAction\":[{\"@type\":\"ReadAction\",\"target\":[\"https:\/\/valleyvendeghazeger.hu\/foglalasi-szabalyzat\/\"]}]},{\"@type\":\"BreadcrumbList\",\"@id\":\"https:\/\/valleyvendeghazeger.hu\/foglalasi-szabalyzat\/#breadcrumb\",\"itemListElement\":[{\"@type\":\"ListItem\",\"position\":1,\"name\":\"Kezd\u0151lap\",\"item\":\"https:\/\/valleyvendeghazeger.hu\/\"},{\"@type\":\"ListItem\",\"position\":2,\"name\":\"Foglal\u00e1si szab\u00e1lyzat\"}]},{\"@type\":\"WebSite\",\"@id\":\"https:\/\/valleyvendeghazeger.hu\/#website\",\"url\":\"https:\/\/valleyvendeghazeger.hu\/\",\"name\":\"Valley Vend\u00e9gh\u00e1z\",\"description\":\"\",\"publisher\":{\"@id\":\"https:\/\/valleyvendeghazeger.hu\/#organization\"},\"potentialAction\":[{\"@type\":\"SearchAction\",\"target\":{\"@type\":\"EntryPoint\",\"urlTemplate\":\"https:\/\/valleyvendeghazeger.hu\/?s={search_term_string}\"},\"query-input\":{\"@type\":\"PropertyValueSpecification\",\"valueRequired\":true,\"valueName\":\"search_term_string\"}}],\"inLanguage\":\"pl-PL\"},{\"@type\":\"Organization\",\"@id\":\"https:\/\/valleyvendeghazeger.hu\/#organization\",\"name\":\"Valley Vend\u00e9gh\u00e1z\",\"url\":\"https:\/\/valleyvendeghazeger.hu\/\",\"logo\":{\"@type\":\"ImageObject\",\"inLanguage\":\"pl-PL\",\"@id\":\"https:\/\/valleyvendeghazeger.hu\/#\/schema\/logo\/image\/\",\"url\":\"https:\/\/valleyvendeghazeger.hu\/wp-content\/uploads\/2024\/10\/logo_RGB-1.png\",\"contentUrl\":\"https:\/\/valleyvendeghazeger.hu\/wp-content\/uploads\/2024\/10\/logo_RGB-1.png\",\"width\":5906,\"height\":3249,\"caption\":\"Valley Vend\u00e9gh\u00e1z\"},\"image\":{\"@id\":\"https:\/\/valleyvendeghazeger.hu\/#\/schema\/logo\/image\/\"},\"sameAs\":[\"https:\/\/www.facebook.com\/valleyeger\"]}]}<\/script>\n<!-- \/ Yoast SEO plugin. -->","yoast_head_json":{"title":"Foglal\u00e1si szab\u00e1lyzat - Valley Vend\u00e9gh\u00e1z Eger","robots":{"index":"noindex","follow":"follow"},"og_locale":"pl_PL","og_type":"article","og_title":"Foglal\u00e1si szab\u00e1lyzat - Valley Vend\u00e9gh\u00e1z Eger","og_description":"Minimum \u00e9jszak\u00e1k sz\u00e1ma: \u2022F\u0151szezonban minimum 2 \u00e9jszaka foglalhat\u00f3. \u2022El\u0151- \u00e9s ut\u00f3szezonban is minimum 2 \u00e9jszaka foglal\u00e1sa sz\u00fcks\u00e9ges. \u2022Kiemelt \u00fcnnepi id\u0151szakokban, valamint hossz\u00fa h\u00e9tv\u00e9g\u00e9ken minimum 3 \u00e9jszaka foglal\u00e1sa k\u00f6telez\u0151. \u2022Szilveszterre csak az eg\u00e9sz h\u00e1z foglalhat\u00f3, minimum 3 \u00e9jszak\u00e1ra, 160 000 Ft\/\u00e9j \u00e1ron. \u2022Egy \u00e9jszak\u00e1s foglal\u00e1s kiz\u00e1r\u00f3lag egyedi elb\u00edr\u00e1l\u00e1s alapj\u00e1n, melynek d\u00edja +30%-os fel\u00e1r Szob\u00e1k \u00e9s \u00e1rak: [&hellip;]","og_url":"https:\/\/valleyvendeghazeger.hu\/pl\/foglalasi-szabalyzat\/","og_site_name":"Valley Vend\u00e9gh\u00e1z Eger","article_publisher":"https:\/\/www.facebook.com\/valleyeger","article_modified_time":"2026-02-04T08:21:51+00:00","twitter_card":"summary_large_image","twitter_misc":{"Szacowany czas czytania":"2 minuty"},"schema":{"@context":"https:\/\/schema.org","@graph":[{"@type":"WebPage","@id":"https:\/\/valleyvendeghazeger.hu\/foglalasi-szabalyzat\/","url":"https:\/\/valleyvendeghazeger.hu\/foglalasi-szabalyzat\/","name":"Foglal\u00e1si szab\u00e1lyzat - Valley Vend\u00e9gh\u00e1z Eger","isPartOf":{"@id":"https:\/\/valleyvendeghazeger.hu\/#website"},"datePublished":"2024-10-22T06:52:54+00:00","dateModified":"2026-02-04T08:21:51+00:00","breadcrumb":{"@id":"https:\/\/valleyvendeghazeger.hu\/foglalasi-szabalyzat\/#breadcrumb"},"inLanguage":"pl-PL","potentialAction":[{"@type":"ReadAction","target":["https:\/\/valleyvendeghazeger.hu\/foglalasi-szabalyzat\/"]}]},{"@type":"BreadcrumbList","@id":"https:\/\/valleyvendeghazeger.hu\/foglalasi-szabalyzat\/#breadcrumb","itemListElement":[{"@type":"ListItem","position":1,"name":"Kezd\u0151lap","item":"https:\/\/valleyvendeghazeger.hu\/"},{"@type":"ListItem","position":2,"name":"Foglal\u00e1si szab\u00e1lyzat"}]},{"@type":"WebSite","@id":"https:\/\/valleyvendeghazeger.hu\/#website","url":"https:\/\/valleyvendeghazeger.hu\/","name":"Valley Vend\u00e9gh\u00e1z","description":"","publisher":{"@id":"https:\/\/valleyvendeghazeger.hu\/#organization"},"potentialAction":[{"@type":"SearchAction","target":{"@type":"EntryPoint","urlTemplate":"https:\/\/valleyvendeghazeger.hu\/?s={search_term_string}"},"query-input":{"@type":"PropertyValueSpecification","valueRequired":true,"valueName":"search_term_string"}}],"inLanguage":"pl-PL"},{"@type":"Organization","@id":"https:\/\/valleyvendeghazeger.hu\/#organization","name":"Valley Vend\u00e9gh\u00e1z","url":"https:\/\/valleyvendeghazeger.hu\/","logo":{"@type":"ImageObject","inLanguage":"pl-PL","@id":"https:\/\/valleyvendeghazeger.hu\/#\/schema\/logo\/image\/","url":"https:\/\/valleyvendeghazeger.hu\/wp-content\/uploads\/2024\/10\/logo_RGB-1.png","contentUrl":"https:\/\/valleyvendeghazeger.hu\/wp-content\/uploads\/2024\/10\/logo_RGB-1.png","width":5906,"height":3249,"caption":"Valley Vend\u00e9gh\u00e1z"},"image":{"@id":"https:\/\/valleyvendeghazeger.hu\/#\/schema\/logo\/image\/"},"sameAs":["https:\/\/www.facebook.com\/valleyeger"]}]}},"_links":{"self":[{"href":"https:\/\/valleyvendeghazeger.hu\/pl\/wp-json\/wp\/v2\/pages\/297","targetHints":{"allow":["GET"]}}],"collection":[{"href":"https:\/\/valleyvendeghazeger.hu\/pl\/wp-json\/wp\/v2\/pages"}],"about":[{"href":"https:\/\/valleyvendeghazeger.hu\/pl\/wp-json\/wp\/v2\/types\/page"}],"author":[{"embeddable":true,"href":"https:\/\/valleyvendeghazeger.hu\/pl\/wp-json\/wp\/v2\/users\/1"}],"replies":[{"embeddable":true,"href":"https:\/\/valleyvendeghazeger.hu\/pl\/wp-json\/wp\/v2\/comments?post=297"}],"version-history":[{"count":6,"href":"https:\/\/valleyvendeghazeger.hu\/pl\/wp-json\/wp\/v2\/pages\/297\/revisions"}],"predecessor-version":[{"id":2147,"href":"https:\/\/valleyvendeghazeger.hu\/pl\/wp-json\/wp\/v2\/pages\/297\/revisions\/2147"}],"wp:attachment":[{"href":"https:\/\/valleyvendeghazeger.hu\/pl\/wp-json\/wp\/v2\/media?parent=297"}],"curies":[{"name":"wp","href":"https:\/\/api.w.org\/{rel}","templated":true}]}}