{"id":295,"date":"2024-10-22T06:47:14","date_gmt":"2024-10-22T06:47:14","guid":{"rendered":"https:\/\/valleyvendeghazeger.hu\/?page_id=295"},"modified":"2024-10-29T14:11:39","modified_gmt":"2024-10-29T14:11:39","slug":"hazirend","status":"publish","type":"page","link":"https:\/\/valleyvendeghazeger.hu\/pl\/hazirend\/","title":{"rendered":"Zasady domowe"},"content":{"rendered":"<h5>Odpowiedzialno\u015b\u0107<\/h5>\n<p>Go\u015bcie ponosz\u0105 odpowiedzialno\u015b\u0107 finansow\u0105 za wszelkie szkody powsta\u0142e w wyniku niew\u0142a\u015bciwego u\u017cytkowania pensjonatu lub naruszenia regulaminu. Gospodarz nie ponosi odpowiedzialno\u015bci za rzeczy go\u015bci!<\/p>\n<h5>Zakwaterowanie<\/h5>\n<p>W dniu przyjazdu nasi go\u015bcie zajm\u0105 pok\u00f3j od godziny 14:00, a opuszcz\u0105 go do godziny 10:00 w dniu wymeldowania. Uprzejmie prosimy o zachowanie ciszy nocnej w godzinach 22:00-19:00! Ponadto prosimy naszych go\u015bci o nieprzyjmowanie go\u015bci w obiekcie i niewpuszczanie do niego os\u00f3b nieznajomych. G\u0142o\u015bne \u201eimprezy\u201d s\u0105 ZABRONIONE.<\/p>\n<h5>Korzystanie z element\u00f3w mebli<\/h5>\n<p>Prosimy o korzystanie z mebli zgodnie z ich przeznaczeniem! Prosimy nie usuwa\u0107 przedmiot\u00f3w dekoracyjnych i obraz\u00f3w z ich miejsca. Prosimy o niewynoszenie mebli i przedmiot\u00f3w z wn\u0119trza domu (\u0142\u00f3\u017cek, po\u015bcieli, materacy, telewizor\u00f3w itp.) do ogrodu.<\/p>\n<h5>Czyszczenie<\/h5>\n<p>Go\u015bcie otrzymuj\u0105 czysty domek go\u015bcinny, za kt\u00f3rego utrzymanie odpowiadaj\u0105 podczas pobytu. W przypadku d\u0142u\u017cszych pobyt\u00f3w (powy\u017cej tygodnia) gospodarz b\u0119dzie zmienia\u0142 po\u015bciel i r\u0119czniki raz w tygodniu. Codzienne sprz\u0105tanie jest dost\u0119pne za op\u0142at\u0105 5000 HUF\/dzie\u0144.<\/p>\n<h5>Utylizacja \u015bmieci<\/h5>\n<p>Odpady domowe mo\u017cna zbiera\u0107 w koszach w pokoju i \u0142azience. Je\u015bli kosze si\u0119 zape\u0142ni\u0105 w trakcie pobytu, prosimy o opr\u00f3\u017cnienie ich do du\u017cego, czarnego kosza obok bramy. Du\u017cy, \u017c\u00f3\u0142ty kosz s\u0142u\u017cy do segregacji odpad\u00f3w (papier, puszki metalowe, plastikowe butelki). Prosimy o ustawienie butelek za du\u017cym, \u017c\u00f3\u0142tym koszem. Dzi\u0119kujemy!<\/p>\n<h5>Zamkni\u0119cie budynku<\/h5>\n<p>Przy wychodzeniu i w nocy prosimy o zamykanie wej\u015b\u0107 do budynku i furtki oraz zamykanie drzwi tarasowych! Drzwi zewn\u0119trzne budynku mo\u017cna zamkn\u0105\u0107 po przekr\u0119ceniu klamki.<\/p>\n<h5>Palenie<\/h5>\n<p>Palenie tytoniu i u\u017cywanie kadzide\u0142 w budynku jest zabronione i skutkuje kar\u0105 grzywny (patrz informacje wywieszone w pokojach)! Wyznaczone miejsce dla pal\u0105cych w ogrodzie znajduje si\u0119 wok\u00f3\u0142 wbudowanego kominka.<\/p>\n<h5>Rozpalanie ognia, pieczenie na ro\u017cnie<\/h5>\n<p>Ogniska mo\u017cna rozpala\u0107 w wyznaczonym miejscu, zgodnie z obowi\u0105zuj\u0105cymi przepisami przeciwpo\u017carowymi! (Ga\u015bnice nale\u017cy umie\u015bci\u0107 obok ognia, a materia\u0142y \u0142atwopalne usun\u0105\u0107 z ognia). Przed opuszczeniem paleniska prosimy upewni\u0107 si\u0119, \u017ce ogie\u0144 zosta\u0142 ugaszony! Palenie materia\u0142\u00f3w innych ni\u017c drewno opa\u0142owe i papier udost\u0119pniony go\u015bciom (np. plastik, guma) jest surowo zabronione!<\/p>\n<h5>Parking<\/h5>\n<p>Prosimy o parkowanie samochod\u00f3w w spos\u00f3b, kt\u00f3ry nie ogranicza swobodnego poruszania si\u0119\/parkowania mieszka\u0144c\u00f3w innych wynaj\u0119tych przez Pa\u0144stwa pokoi!<\/p>\n<h5>Zwierz\u0119ta domowe<\/h5>\n<p>Zwierz\u0119ta nie s\u0105 dozwolone w pensjonacie.<\/p>\n<h5>Ogr\u00f3d<\/h5>\n<p>Ogr\u00f3d jest utrzymywany przez gospodarza. Prosimy o dbanie o ro\u015bliny i nie przeszkadzanie sobie nawzajem podczas relaksu!<\/p>\n<hr \/>\n<p>Jak w ka\u017cdym gospodarstwie domowym, w pensjonacie mo\u017ce doj\u015b\u0107 do awarii lub uszkodzenia sprz\u0119tu z przyczyn niezale\u017cnych od go\u015bci. W przypadku zauwa\u017cenia jakichkolwiek nieprawid\u0142owo\u015bci prosimy o natychmiastowe zg\u0142oszenie ich gospodarzowi pod nast\u0119puj\u0105cym numerem telefonu, aby zapobiec ewentualnym powa\u017cnym szkodom:<\/p>\n<p><strong>Stephen Simon<\/strong><br \/>\n+36 70 567 3977<\/p>\n<p>Dzi\u0119kuj\u0119!<\/p>\n<h4>\u017byczymy Pa\u0144stwu mi\u0142ego pobytu i dobrego wypoczynku!<\/h4>","protected":false},"excerpt":{"rendered":"<p>Felel\u0151ss\u00e9gv\u00e1llal\u00e1s A vend\u00e9gh\u00e1z nem rendeltet\u00e9sszer\u0171 haszn\u00e1lat\u00e1b\u00f3l, illetve a h\u00e1zirend megszeg\u00e9s\u00e9b\u0151l sz\u00e1rmaz\u00f3 k\u00e1rok\u00e9rt a vend\u00e9gek anyagi felel\u0151ss\u00e9ggel tartoznak. A vend\u00e9gek vagyont\u00e1rgyai\u00e9rt a h\u00e1zigazda felel\u0151ss\u00e9get nem v\u00e1llal! Sz\u00e1ll\u00e1s Az \u00e9rkez\u00e9s napj\u00e1n a szob\u00e1t vend\u00e9geink 14.00 \u00f3r\u00e1t\u00f3l foglalj\u00e1k el, illetve azokat a kijelentkez\u00e9s napj\u00e1n 10:00 \u00f3r\u00e1ig hagyj\u00e1k el. K\u00e9rj\u00fck \u00d6n\u00f6ket az \u00e9jszakai csend betart\u00e1s\u00e1ra 22:00 \u00f3r\u00e1t\u00f3l 7:00 \u00f3r\u00e1ig! [&hellip;]<\/p>","protected":false},"author":1,"featured_media":0,"parent":0,"menu_order":0,"comment_status":"closed","ping_status":"closed","template":"","meta":{"footnotes":""},"class_list":["post-295","page","type-page","status-publish","hentry"],"yoast_head":"<!-- This site is optimized with the Yoast SEO plugin v23.7 - https:\/\/yoast.com\/wordpress\/plugins\/seo\/ -->\n<title>H\u00e1zirend - Valley Vend\u00e9gh\u00e1z Eger<\/title>\n<meta name=\"robots\" content=\"noindex, follow\" \/>\n<meta property=\"og:locale\" content=\"pl_PL\" \/>\n<meta property=\"og:type\" content=\"article\" \/>\n<meta property=\"og:title\" content=\"H\u00e1zirend - Valley Vend\u00e9gh\u00e1z Eger\" \/>\n<meta property=\"og:description\" content=\"Felel\u0151ss\u00e9gv\u00e1llal\u00e1s A vend\u00e9gh\u00e1z nem rendeltet\u00e9sszer\u0171 haszn\u00e1lat\u00e1b\u00f3l, illetve a h\u00e1zirend megszeg\u00e9s\u00e9b\u0151l sz\u00e1rmaz\u00f3 k\u00e1rok\u00e9rt a vend\u00e9gek anyagi felel\u0151ss\u00e9ggel tartoznak. A vend\u00e9gek vagyont\u00e1rgyai\u00e9rt a h\u00e1zigazda felel\u0151ss\u00e9get nem v\u00e1llal! Sz\u00e1ll\u00e1s Az \u00e9rkez\u00e9s napj\u00e1n a szob\u00e1t vend\u00e9geink 14.00 \u00f3r\u00e1t\u00f3l foglalj\u00e1k el, illetve azokat a kijelentkez\u00e9s napj\u00e1n 10:00 \u00f3r\u00e1ig hagyj\u00e1k el. K\u00e9rj\u00fck \u00d6n\u00f6ket az \u00e9jszakai csend betart\u00e1s\u00e1ra 22:00 \u00f3r\u00e1t\u00f3l 7:00 \u00f3r\u00e1ig! [&hellip;]\" \/>\n<meta property=\"og:url\" content=\"https:\/\/valleyvendeghazeger.hu\/pl\/hazirend\/\" \/>\n<meta property=\"og:site_name\" content=\"Valley Vend\u00e9gh\u00e1z Eger\" \/>\n<meta property=\"article:publisher\" content=\"https:\/\/www.facebook.com\/valleyeger\" \/>\n<meta property=\"article:modified_time\" content=\"2024-10-29T14:11:39+00:00\" \/>\n<meta name=\"twitter:card\" content=\"summary_large_image\" \/>\n<meta name=\"twitter:label1\" content=\"Szacowany czas czytania\" \/>\n\t<meta name=\"twitter:data1\" content=\"3 minuty\" \/>\n<script type=\"application\/ld+json\" class=\"yoast-schema-graph\">{\"@context\":\"https:\/\/schema.org\",\"@graph\":[{\"@type\":\"WebPage\",\"@id\":\"https:\/\/valleyvendeghazeger.hu\/hazirend\/\",\"url\":\"https:\/\/valleyvendeghazeger.hu\/hazirend\/\",\"name\":\"H\u00e1zirend - Valley Vend\u00e9gh\u00e1z Eger\",\"isPartOf\":{\"@id\":\"https:\/\/valleyvendeghazeger.hu\/#website\"},\"datePublished\":\"2024-10-22T06:47:14+00:00\",\"dateModified\":\"2024-10-29T14:11:39+00:00\",\"breadcrumb\":{\"@id\":\"https:\/\/valleyvendeghazeger.hu\/hazirend\/#breadcrumb\"},\"inLanguage\":\"pl-PL\",\"potentialAction\":[{\"@type\":\"ReadAction\",\"target\":[\"https:\/\/valleyvendeghazeger.hu\/hazirend\/\"]}]},{\"@type\":\"BreadcrumbList\",\"@id\":\"https:\/\/valleyvendeghazeger.hu\/hazirend\/#breadcrumb\",\"itemListElement\":[{\"@type\":\"ListItem\",\"position\":1,\"name\":\"Kezd\u0151lap\",\"item\":\"https:\/\/valleyvendeghazeger.hu\/\"},{\"@type\":\"ListItem\",\"position\":2,\"name\":\"H\u00e1zirend\"}]},{\"@type\":\"WebSite\",\"@id\":\"https:\/\/valleyvendeghazeger.hu\/#website\",\"url\":\"https:\/\/valleyvendeghazeger.hu\/\",\"name\":\"Valley Vend\u00e9gh\u00e1z\",\"description\":\"\",\"publisher\":{\"@id\":\"https:\/\/valleyvendeghazeger.hu\/#organization\"},\"potentialAction\":[{\"@type\":\"SearchAction\",\"target\":{\"@type\":\"EntryPoint\",\"urlTemplate\":\"https:\/\/valleyvendeghazeger.hu\/?s={search_term_string}\"},\"query-input\":{\"@type\":\"PropertyValueSpecification\",\"valueRequired\":true,\"valueName\":\"search_term_string\"}}],\"inLanguage\":\"pl-PL\"},{\"@type\":\"Organization\",\"@id\":\"https:\/\/valleyvendeghazeger.hu\/#organization\",\"name\":\"Valley Vend\u00e9gh\u00e1z\",\"url\":\"https:\/\/valleyvendeghazeger.hu\/\",\"logo\":{\"@type\":\"ImageObject\",\"inLanguage\":\"pl-PL\",\"@id\":\"https:\/\/valleyvendeghazeger.hu\/#\/schema\/logo\/image\/\",\"url\":\"https:\/\/valleyvendeghazeger.hu\/wp-content\/uploads\/2024\/10\/logo_RGB-1.png\",\"contentUrl\":\"https:\/\/valleyvendeghazeger.hu\/wp-content\/uploads\/2024\/10\/logo_RGB-1.png\",\"width\":5906,\"height\":3249,\"caption\":\"Valley Vend\u00e9gh\u00e1z\"},\"image\":{\"@id\":\"https:\/\/valleyvendeghazeger.hu\/#\/schema\/logo\/image\/\"},\"sameAs\":[\"https:\/\/www.facebook.com\/valleyeger\"]}]}<\/script>\n<!-- \/ Yoast SEO plugin. -->","yoast_head_json":{"title":"H\u00e1zirend - Valley Vend\u00e9gh\u00e1z Eger","robots":{"index":"noindex","follow":"follow"},"og_locale":"pl_PL","og_type":"article","og_title":"H\u00e1zirend - Valley Vend\u00e9gh\u00e1z Eger","og_description":"Felel\u0151ss\u00e9gv\u00e1llal\u00e1s A vend\u00e9gh\u00e1z nem rendeltet\u00e9sszer\u0171 haszn\u00e1lat\u00e1b\u00f3l, illetve a h\u00e1zirend megszeg\u00e9s\u00e9b\u0151l sz\u00e1rmaz\u00f3 k\u00e1rok\u00e9rt a vend\u00e9gek anyagi felel\u0151ss\u00e9ggel tartoznak. A vend\u00e9gek vagyont\u00e1rgyai\u00e9rt a h\u00e1zigazda felel\u0151ss\u00e9get nem v\u00e1llal! Sz\u00e1ll\u00e1s Az \u00e9rkez\u00e9s napj\u00e1n a szob\u00e1t vend\u00e9geink 14.00 \u00f3r\u00e1t\u00f3l foglalj\u00e1k el, illetve azokat a kijelentkez\u00e9s napj\u00e1n 10:00 \u00f3r\u00e1ig hagyj\u00e1k el. K\u00e9rj\u00fck \u00d6n\u00f6ket az \u00e9jszakai csend betart\u00e1s\u00e1ra 22:00 \u00f3r\u00e1t\u00f3l 7:00 \u00f3r\u00e1ig! [&hellip;]","og_url":"https:\/\/valleyvendeghazeger.hu\/pl\/hazirend\/","og_site_name":"Valley Vend\u00e9gh\u00e1z Eger","article_publisher":"https:\/\/www.facebook.com\/valleyeger","article_modified_time":"2024-10-29T14:11:39+00:00","twitter_card":"summary_large_image","twitter_misc":{"Szacowany czas czytania":"3 minuty"},"schema":{"@context":"https:\/\/schema.org","@graph":[{"@type":"WebPage","@id":"https:\/\/valleyvendeghazeger.hu\/hazirend\/","url":"https:\/\/valleyvendeghazeger.hu\/hazirend\/","name":"H\u00e1zirend - Valley Vend\u00e9gh\u00e1z Eger","isPartOf":{"@id":"https:\/\/valleyvendeghazeger.hu\/#website"},"datePublished":"2024-10-22T06:47:14+00:00","dateModified":"2024-10-29T14:11:39+00:00","breadcrumb":{"@id":"https:\/\/valleyvendeghazeger.hu\/hazirend\/#breadcrumb"},"inLanguage":"pl-PL","potentialAction":[{"@type":"ReadAction","target":["https:\/\/valleyvendeghazeger.hu\/hazirend\/"]}]},{"@type":"BreadcrumbList","@id":"https:\/\/valleyvendeghazeger.hu\/hazirend\/#breadcrumb","itemListElement":[{"@type":"ListItem","position":1,"name":"Kezd\u0151lap","item":"https:\/\/valleyvendeghazeger.hu\/"},{"@type":"ListItem","position":2,"name":"H\u00e1zirend"}]},{"@type":"WebSite","@id":"https:\/\/valleyvendeghazeger.hu\/#website","url":"https:\/\/valleyvendeghazeger.hu\/","name":"Valley Vend\u00e9gh\u00e1z","description":"","publisher":{"@id":"https:\/\/valleyvendeghazeger.hu\/#organization"},"potentialAction":[{"@type":"SearchAction","target":{"@type":"EntryPoint","urlTemplate":"https:\/\/valleyvendeghazeger.hu\/?s={search_term_string}"},"query-input":{"@type":"PropertyValueSpecification","valueRequired":true,"valueName":"search_term_string"}}],"inLanguage":"pl-PL"},{"@type":"Organization","@id":"https:\/\/valleyvendeghazeger.hu\/#organization","name":"Valley Vend\u00e9gh\u00e1z","url":"https:\/\/valleyvendeghazeger.hu\/","logo":{"@type":"ImageObject","inLanguage":"pl-PL","@id":"https:\/\/valleyvendeghazeger.hu\/#\/schema\/logo\/image\/","url":"https:\/\/valleyvendeghazeger.hu\/wp-content\/uploads\/2024\/10\/logo_RGB-1.png","contentUrl":"https:\/\/valleyvendeghazeger.hu\/wp-content\/uploads\/2024\/10\/logo_RGB-1.png","width":5906,"height":3249,"caption":"Valley Vend\u00e9gh\u00e1z"},"image":{"@id":"https:\/\/valleyvendeghazeger.hu\/#\/schema\/logo\/image\/"},"sameAs":["https:\/\/www.facebook.com\/valleyeger"]}]}},"_links":{"self":[{"href":"https:\/\/valleyvendeghazeger.hu\/pl\/wp-json\/wp\/v2\/pages\/295","targetHints":{"allow":["GET"]}}],"collection":[{"href":"https:\/\/valleyvendeghazeger.hu\/pl\/wp-json\/wp\/v2\/pages"}],"about":[{"href":"https:\/\/valleyvendeghazeger.hu\/pl\/wp-json\/wp\/v2\/types\/page"}],"author":[{"embeddable":true,"href":"https:\/\/valleyvendeghazeger.hu\/pl\/wp-json\/wp\/v2\/users\/1"}],"replies":[{"embeddable":true,"href":"https:\/\/valleyvendeghazeger.hu\/pl\/wp-json\/wp\/v2\/comments?post=295"}],"version-history":[{"count":2,"href":"https:\/\/valleyvendeghazeger.hu\/pl\/wp-json\/wp\/v2\/pages\/295\/revisions"}],"predecessor-version":[{"id":674,"href":"https:\/\/valleyvendeghazeger.hu\/pl\/wp-json\/wp\/v2\/pages\/295\/revisions\/674"}],"wp:attachment":[{"href":"https:\/\/valleyvendeghazeger.hu\/pl\/wp-json\/wp\/v2\/media?parent=295"}],"curies":[{"name":"wp","href":"https:\/\/api.w.org\/{rel}","templated":true}]}}