{"id":302,"date":"2024-10-22T07:00:09","date_gmt":"2024-10-22T07:00:09","guid":{"rendered":"https:\/\/valleyvendeghazeger.hu\/?page_id=302"},"modified":"2024-10-29T14:12:12","modified_gmt":"2024-10-29T14:12:12","slug":"impresszum","status":"publish","type":"page","link":"https:\/\/valleyvendeghazeger.hu\/en\/impresszum\/","title":{"rendered":"Imprint"},"content":{"rendered":"<p>&nbsp;<\/p>\n<div class=\"page-content\">\n<header class=\"page-header\">\n<h3 class=\"entry-title\">The website www.valleyvendeghazeger.hu<\/h3>\n<\/header>\n<div class=\"page-content\">\n<p>Operator name: Simon Istv\u00e1n G\u00e9za<br \/>\nHeadquarters: 3300 Eger, Kisfaludy S\u00e1ndor \u00fat 7.<br \/>\nTax number: 49179000130<br \/>\nEmail address: valleyvendeghazeger@gmail.com<br \/>\nPhone number: +36 70 567 3977, +36 20 381 1992<\/p>\n<hr \/>\n<h3><strong>STORAGE PROVIDER:<\/strong><\/h3>\n<p>RACKFOREST ZRT.<br \/>\nHeadquarters address: 1132 Budapest, Victor Hugo utca 11. 5th em. B05001.<br \/>\nEmail: info@rackforest.com<\/p>\n<\/div>\n<\/div>\n<p>&nbsp;<\/p>\n<div class=\"elementor elementor-49 elementor-location-footer\" data-elementor-type=\"footer\" data-elementor-id=\"49\" data-elementor-post-type=\"elementor_library\">\n<div class=\"elementor-element elementor-element-ae9c672 e-flex e-con-boxed e-con e-parent e-lazyloaded\" data-id=\"ae9c672\" data-element_type=\"container\" data-settings=\"{&quot;shape_divider_bottom&quot;:&quot;mountains&quot;}\">\n<div class=\"e-con-inner\">\n<div class=\"elementor-shape elementor-shape-bottom\" data-negative=\"false\"><\/div>\n<\/div>\n<\/div>\n<section class=\"elementor-section elementor-top-section elementor-element elementor-element-36f0426 elementor-section-boxed elementor-section-height-default elementor-section-height-default\" data-id=\"36f0426\" data-element_type=\"section\" data-settings=\"{&quot;background_background&quot;:&quot;classic&quot;}\">\n<div class=\"elementor-container elementor-column-gap-default\">\n<div class=\"elementor-column elementor-col-25 elementor-top-column elementor-element elementor-element-6aa2e34\" data-id=\"6aa2e34\" data-element_type=\"column\">\n<div class=\"elementor-widget-wrap elementor-element-populated\">\n<div class=\"elementor-element elementor-element-4bc684a5 elementor-widget__width-auto elementor-widget elementor-widget-image\" data-id=\"4bc684a5\" data-element_type=\"widget\" data-widget_type=\"image.default\"><\/div>\n<\/div>\n<\/div>\n<\/div>\n<\/section>\n<\/div>","protected":false},"excerpt":{"rendered":"<p>&nbsp; The website www.valleyvendeghazeger.hu Operator&#039;s name: Simon Istv\u00e1n G\u00e9za Registered office: 3300 Eger, Kisfaludy S\u00e1ndor \u00fat 7. Tax number: 49179000130 Email address: valleyvendeghazeger@gmail.com Phone number: +36 70 567 3977, +36 20 381 1992 STORAGE PROVIDER: RACKFOREST ZRT. Registered office: 1132 Budapest, Victor Hugo utca 11. 5th floor. B05001. Email address: info@rackforest.com &nbsp;<\/p>","protected":false},"author":1,"featured_media":0,"parent":0,"menu_order":0,"comment_status":"closed","ping_status":"closed","template":"","meta":{"footnotes":""},"class_list":["post-302","page","type-page","status-publish","hentry"],"yoast_head":"<!-- This site is optimized with the Yoast SEO plugin v23.7 - https:\/\/yoast.com\/wordpress\/plugins\/seo\/ -->\n<title>Impresszum - Valley Vend\u00e9gh\u00e1z Eger<\/title>\n<meta name=\"robots\" content=\"noindex, follow\" \/>\n<meta property=\"og:locale\" content=\"en_GB\" \/>\n<meta property=\"og:type\" content=\"article\" \/>\n<meta property=\"og:title\" content=\"Impresszum - Valley Vend\u00e9gh\u00e1z Eger\" \/>\n<meta property=\"og:description\" content=\"&nbsp; A www.valleyvendeghazeger.hu weboldal \u00dczemeltet\u0151 neve: Simon Istv\u00e1n G\u00e9za Sz\u00e9khely: 3300 Eger, Kisfaludy S\u00e1ndor \u00fat 7. Ad\u00f3sz\u00e1m: 49179000130 Email c\u00edm: valleyvendeghazeger@gmail.com Telefonsz\u00e1m: +36 70 567 3977, +36 20 381 1992 T\u00c1RHELYSZOLG\u00c1LTAT\u00d3: RACKFOREST ZRT. Sz\u00e9khely c\u00edm: 1132 Budapest, Victor Hugo utca 11. 5. em. B05001. E-mail c\u00edm: info@rackforest.com &nbsp;\" \/>\n<meta property=\"og:url\" content=\"https:\/\/valleyvendeghazeger.hu\/en\/impresszum\/\" \/>\n<meta property=\"og:site_name\" content=\"Valley Vend\u00e9gh\u00e1z Eger\" \/>\n<meta property=\"article:publisher\" content=\"https:\/\/www.facebook.com\/valleyeger\" \/>\n<meta property=\"article:modified_time\" content=\"2024-10-29T14:12:12+00:00\" \/>\n<meta name=\"twitter:card\" content=\"summary_large_image\" \/>\n<meta name=\"twitter:label1\" content=\"Estimated reading time\" \/>\n\t<meta name=\"twitter:data1\" content=\"1 minute\" \/>\n<script type=\"application\/ld+json\" class=\"yoast-schema-graph\">{\"@context\":\"https:\/\/schema.org\",\"@graph\":[{\"@type\":\"WebPage\",\"@id\":\"https:\/\/valleyvendeghazeger.hu\/impresszum\/\",\"url\":\"https:\/\/valleyvendeghazeger.hu\/impresszum\/\",\"name\":\"Impresszum - Valley Vend\u00e9gh\u00e1z Eger\",\"isPartOf\":{\"@id\":\"https:\/\/valleyvendeghazeger.hu\/#website\"},\"datePublished\":\"2024-10-22T07:00:09+00:00\",\"dateModified\":\"2024-10-29T14:12:12+00:00\",\"breadcrumb\":{\"@id\":\"https:\/\/valleyvendeghazeger.hu\/impresszum\/#breadcrumb\"},\"inLanguage\":\"en-GB\",\"potentialAction\":[{\"@type\":\"ReadAction\",\"target\":[\"https:\/\/valleyvendeghazeger.hu\/impresszum\/\"]}]},{\"@type\":\"BreadcrumbList\",\"@id\":\"https:\/\/valleyvendeghazeger.hu\/impresszum\/#breadcrumb\",\"itemListElement\":[{\"@type\":\"ListItem\",\"position\":1,\"name\":\"Kezd\u0151lap\",\"item\":\"https:\/\/valleyvendeghazeger.hu\/\"},{\"@type\":\"ListItem\",\"position\":2,\"name\":\"Impresszum\"}]},{\"@type\":\"WebSite\",\"@id\":\"https:\/\/valleyvendeghazeger.hu\/#website\",\"url\":\"https:\/\/valleyvendeghazeger.hu\/\",\"name\":\"Valley Vend\u00e9gh\u00e1z\",\"description\":\"\",\"publisher\":{\"@id\":\"https:\/\/valleyvendeghazeger.hu\/#organization\"},\"potentialAction\":[{\"@type\":\"SearchAction\",\"target\":{\"@type\":\"EntryPoint\",\"urlTemplate\":\"https:\/\/valleyvendeghazeger.hu\/?s={search_term_string}\"},\"query-input\":{\"@type\":\"PropertyValueSpecification\",\"valueRequired\":true,\"valueName\":\"search_term_string\"}}],\"inLanguage\":\"en-GB\"},{\"@type\":\"Organization\",\"@id\":\"https:\/\/valleyvendeghazeger.hu\/#organization\",\"name\":\"Valley Vend\u00e9gh\u00e1z\",\"url\":\"https:\/\/valleyvendeghazeger.hu\/\",\"logo\":{\"@type\":\"ImageObject\",\"inLanguage\":\"en-GB\",\"@id\":\"https:\/\/valleyvendeghazeger.hu\/#\/schema\/logo\/image\/\",\"url\":\"https:\/\/valleyvendeghazeger.hu\/wp-content\/uploads\/2024\/10\/logo_RGB-1.png\",\"contentUrl\":\"https:\/\/valleyvendeghazeger.hu\/wp-content\/uploads\/2024\/10\/logo_RGB-1.png\",\"width\":5906,\"height\":3249,\"caption\":\"Valley Vend\u00e9gh\u00e1z\"},\"image\":{\"@id\":\"https:\/\/valleyvendeghazeger.hu\/#\/schema\/logo\/image\/\"},\"sameAs\":[\"https:\/\/www.facebook.com\/valleyeger\"]}]}<\/script>\n<!-- \/ Yoast SEO plugin. -->","yoast_head_json":{"title":"Impresszum - Valley Vend\u00e9gh\u00e1z Eger","robots":{"index":"noindex","follow":"follow"},"og_locale":"en_GB","og_type":"article","og_title":"Impresszum - Valley Vend\u00e9gh\u00e1z Eger","og_description":"&nbsp; A www.valleyvendeghazeger.hu weboldal \u00dczemeltet\u0151 neve: Simon Istv\u00e1n G\u00e9za Sz\u00e9khely: 3300 Eger, Kisfaludy S\u00e1ndor \u00fat 7. Ad\u00f3sz\u00e1m: 49179000130 Email c\u00edm: valleyvendeghazeger@gmail.com Telefonsz\u00e1m: +36 70 567 3977, +36 20 381 1992 T\u00c1RHELYSZOLG\u00c1LTAT\u00d3: RACKFOREST ZRT. Sz\u00e9khely c\u00edm: 1132 Budapest, Victor Hugo utca 11. 5. em. B05001. E-mail c\u00edm: info@rackforest.com &nbsp;","og_url":"https:\/\/valleyvendeghazeger.hu\/en\/impresszum\/","og_site_name":"Valley Vend\u00e9gh\u00e1z Eger","article_publisher":"https:\/\/www.facebook.com\/valleyeger","article_modified_time":"2024-10-29T14:12:12+00:00","twitter_card":"summary_large_image","twitter_misc":{"Estimated reading time":"1 minute"},"schema":{"@context":"https:\/\/schema.org","@graph":[{"@type":"WebPage","@id":"https:\/\/valleyvendeghazeger.hu\/impresszum\/","url":"https:\/\/valleyvendeghazeger.hu\/impresszum\/","name":"Impresszum - Valley Vend\u00e9gh\u00e1z Eger","isPartOf":{"@id":"https:\/\/valleyvendeghazeger.hu\/#website"},"datePublished":"2024-10-22T07:00:09+00:00","dateModified":"2024-10-29T14:12:12+00:00","breadcrumb":{"@id":"https:\/\/valleyvendeghazeger.hu\/impresszum\/#breadcrumb"},"inLanguage":"en-GB","potentialAction":[{"@type":"ReadAction","target":["https:\/\/valleyvendeghazeger.hu\/impresszum\/"]}]},{"@type":"BreadcrumbList","@id":"https:\/\/valleyvendeghazeger.hu\/impresszum\/#breadcrumb","itemListElement":[{"@type":"ListItem","position":1,"name":"Kezd\u0151lap","item":"https:\/\/valleyvendeghazeger.hu\/"},{"@type":"ListItem","position":2,"name":"Impresszum"}]},{"@type":"WebSite","@id":"https:\/\/valleyvendeghazeger.hu\/#website","url":"https:\/\/valleyvendeghazeger.hu\/","name":"Valley Vend\u00e9gh\u00e1z","description":"","publisher":{"@id":"https:\/\/valleyvendeghazeger.hu\/#organization"},"potentialAction":[{"@type":"SearchAction","target":{"@type":"EntryPoint","urlTemplate":"https:\/\/valleyvendeghazeger.hu\/?s={search_term_string}"},"query-input":{"@type":"PropertyValueSpecification","valueRequired":true,"valueName":"search_term_string"}}],"inLanguage":"en-GB"},{"@type":"Organization","@id":"https:\/\/valleyvendeghazeger.hu\/#organization","name":"Valley Vend\u00e9gh\u00e1z","url":"https:\/\/valleyvendeghazeger.hu\/","logo":{"@type":"ImageObject","inLanguage":"en-GB","@id":"https:\/\/valleyvendeghazeger.hu\/#\/schema\/logo\/image\/","url":"https:\/\/valleyvendeghazeger.hu\/wp-content\/uploads\/2024\/10\/logo_RGB-1.png","contentUrl":"https:\/\/valleyvendeghazeger.hu\/wp-content\/uploads\/2024\/10\/logo_RGB-1.png","width":5906,"height":3249,"caption":"Valley Vend\u00e9gh\u00e1z"},"image":{"@id":"https:\/\/valleyvendeghazeger.hu\/#\/schema\/logo\/image\/"},"sameAs":["https:\/\/www.facebook.com\/valleyeger"]}]}},"_links":{"self":[{"href":"https:\/\/valleyvendeghazeger.hu\/en\/wp-json\/wp\/v2\/pages\/302","targetHints":{"allow":["GET"]}}],"collection":[{"href":"https:\/\/valleyvendeghazeger.hu\/en\/wp-json\/wp\/v2\/pages"}],"about":[{"href":"https:\/\/valleyvendeghazeger.hu\/en\/wp-json\/wp\/v2\/types\/page"}],"author":[{"embeddable":true,"href":"https:\/\/valleyvendeghazeger.hu\/en\/wp-json\/wp\/v2\/users\/1"}],"replies":[{"embeddable":true,"href":"https:\/\/valleyvendeghazeger.hu\/en\/wp-json\/wp\/v2\/comments?post=302"}],"version-history":[{"count":2,"href":"https:\/\/valleyvendeghazeger.hu\/en\/wp-json\/wp\/v2\/pages\/302\/revisions"}],"predecessor-version":[{"id":828,"href":"https:\/\/valleyvendeghazeger.hu\/en\/wp-json\/wp\/v2\/pages\/302\/revisions\/828"}],"wp:attachment":[{"href":"https:\/\/valleyvendeghazeger.hu\/en\/wp-json\/wp\/v2\/media?parent=302"}],"curies":[{"name":"wp","href":"https:\/\/api.w.org\/{rel}","templated":true}]}}