{"id":299,"date":"2024-10-22T06:57:18","date_gmt":"2024-10-22T06:57:18","guid":{"rendered":"https:\/\/valleyvendeghazeger.hu\/?page_id=299"},"modified":"2025-09-29T10:24:44","modified_gmt":"2025-09-29T09:24:44","slug":"kamera-rendszer-tajekoztato","status":"publish","type":"page","link":"https:\/\/valleyvendeghazeger.hu\/en\/kamera-rendszer-tajekoztato\/","title":{"rendered":"Camera system information"},"content":{"rendered":"<p>&nbsp;<\/p>\n<div class=\"page-content\">\n<h3><strong>Information on the use of the electronic monitoring system installed in the accommodation area<\/strong><\/h3>\n<p><strong>1. Name of data controller, electronic monitoring system operator:<\/strong><\/p>\n<p id=\"h.gjdgxs\"><strong>Valley Guesthouse accommodation<\/strong><\/p>\n<p>Headquarters: Szal\u00f3ki \u00fat 8, 3300 Eger.<br \/>\nPhone number: +36 70 567 3977, +36 20 381 1992<br \/>\nName of representative: G\u00e9za Simon Istv\u00e1n<\/p>\n<p>2. We inform you that the service provider \u2013 as a data controller \u2013\u00a0<strong>asset protection<\/strong>\u00a0uses an electronic monitoring system for this purpose, which enables direct observation, image recording and storage. \u00a0<strong>The cameras operating in the service provider&#039;s accommodation are aimed at the following area:<\/strong><\/p>\n<p>Rooms monitored by camera:<\/p>\n<ol>\n<li><em>\u00a0Monitoring the external main entrance of the house.<\/em><\/li>\n<li><i>\u00a0Monitoring of the parking lot at the external main entrance of the house.<\/i><\/li>\n<li><em>\u00a0Watching the jacuzzi on the terrace.<\/em><\/li>\n<\/ol>\n<p>The range of processed data: the faces of the guests and other stakeholders in the field of view of the cameras, without the voice and other personal data.<\/p>\n<p>The camera system works 0-24 hours.<\/p>\n<p>We would like to inform you that the recording of images and sounds for the operation of the electronic surveillance system is regulated by Szvtv. On the basis of express consent according to \u00a7 30, paragraph (2), it is carried out for the purpose of proving violations in order to protect property, as detailed below. We would like to draw your attention to the fact that it is considered an express consent to data management if you are in the area monitored by the camera and are aware of this information.<\/p>\n<p><strong>3. The legal basis for this data management:<\/strong>\u00a0asserting the legitimate interests of the data controller.<\/p>\n<p><strong>4. Storage time:\u00a0<\/strong>Recordings can be kept for a maximum of 30 (thirty) working days if not used. Use is considered if the recorded image and other personal data are intended to be used as evidence in court or other official proceedings.<\/p>\n<p><strong>5. Place of storage:<\/strong>\u00a0seat of the data controller.<\/p>\n<p><strong>6. The following are entitled to view the recording:<\/strong>\u00a0In addition to those authorized to do so by law, the operators of the accommodation are entitled to view the data recorded by the electronic monitoring system for the purpose of revealing legal violations and checking the operation of the system.<\/p>\n<p><strong>7. Data security measures:<\/strong><\/p>\n<p>Data transfer is only possible if there is a proceeding due to illegal behavior or breach of obligation, and only to the authorities or courts conducting the proceeding. The transferred data may include the recordings made by the camera system containing relevant information, as well as the names of the persons who may appear in the recordings.<\/p>\n<p><strong>8. Information about the rights of the person concerned and about legal enforcement<\/strong><\/p>\n<p>The person whose right or legitimate interest is affected by the recording of image, sound, or image and sound recording data may, within three working days from the recording, request the data manager to destroy the data by proving his right or legitimate interest, do not destroy it.<\/p>\n<p>The data subject&#039;s rights are detailed in our Data Management Information.<\/p>\n<p><strong>Supervisory Authority:<\/strong><\/p>\n<p>National Data Protection and Freedom of Information Authority<br \/>\nregistered office: 1055 Budapest, Falk Miksa utca 9-11.<br \/>\nPhone: +36 (30) 683-5969, +36 (30) 549-6838<br \/>\nE-mail address: ugyfelszolgalat@naih.hu<\/p>\n<\/div>\n<p>&nbsp;<\/p>\n<div class=\"elementor elementor-49 elementor-location-footer\" data-elementor-type=\"footer\" data-elementor-id=\"49\" data-elementor-post-type=\"elementor_library\">\n<div class=\"elementor-element elementor-element-ae9c672 e-flex e-con-boxed e-con e-parent e-lazyloaded\" data-id=\"ae9c672\" data-element_type=\"container\" data-settings=\"{&quot;shape_divider_bottom&quot;:&quot;mountains&quot;}\">\n<div class=\"e-con-inner\">\n<div class=\"elementor-shape elementor-shape-bottom\" data-negative=\"false\"><\/div>\n<\/div>\n<\/div>\n<section class=\"elementor-section elementor-top-section elementor-element elementor-element-36f0426 elementor-section-boxed elementor-section-height-default elementor-section-height-default\" data-id=\"36f0426\" data-element_type=\"section\" data-settings=\"{&quot;background_background&quot;:&quot;classic&quot;}\">\n<div class=\"elementor-container elementor-column-gap-default\">\n<div class=\"elementor-column elementor-col-25 elementor-top-column elementor-element elementor-element-6aa2e34\" data-id=\"6aa2e34\" data-element_type=\"column\">\n<div class=\"elementor-widget-wrap elementor-element-populated\">\n<div class=\"elementor-element elementor-element-4bc684a5 elementor-widget__width-auto elementor-widget elementor-widget-image\" data-id=\"4bc684a5\" data-element_type=\"widget\" data-widget_type=\"image.default\"><\/div>\n<\/div>\n<\/div>\n<\/div>\n<\/section>\n<\/div>","protected":false},"excerpt":{"rendered":"<p>&nbsp; Information on the use of the electronic surveillance system installed on the premises of the accommodation 1. Name of the data controller, operator of the electronic surveillance system: Valley Guesthouse accommodation Registered office: 3300 Eger, Szal\u00f3ki \u00fat 8. Telephone number: +36 70 567 3977, +36 20 381 1992 Name of representative: Simon Istv\u00e1n G\u00e9za 2. We inform you that the service provider \u2013 as a data controller \u2013 uses an electronic surveillance system for the purpose of asset protection, which includes direct observation, image recording and [\u2026]<\/p>","protected":false},"author":1,"featured_media":0,"parent":0,"menu_order":0,"comment_status":"closed","ping_status":"closed","template":"","meta":{"footnotes":""},"class_list":["post-299","page","type-page","status-publish","hentry"],"yoast_head":"<!-- This site is optimized with the Yoast SEO plugin v23.7 - https:\/\/yoast.com\/wordpress\/plugins\/seo\/ -->\n<title>Kamera rendszer t\u00e1j\u00e9koztat\u00f3 - Valley Vend\u00e9gh\u00e1z Eger<\/title>\n<meta name=\"robots\" content=\"noindex, follow\" \/>\n<meta property=\"og:locale\" content=\"en_GB\" \/>\n<meta property=\"og:type\" content=\"article\" \/>\n<meta property=\"og:title\" content=\"Kamera rendszer t\u00e1j\u00e9koztat\u00f3 - Valley Vend\u00e9gh\u00e1z Eger\" \/>\n<meta property=\"og:description\" content=\"&nbsp; T\u00e1j\u00e9koztat\u00f3 a sz\u00e1ll\u00e1shely ter\u00fclet\u00e9n felszerelt elektronikus megfigyel\u0151rendszer alkalmaz\u00e1s\u00e1r\u00f3l 1. Adatkezel\u0151, elektronikus megfigyel\u0151rendszer \u00fczemeltet\u0151j\u00e9nek megnevez\u00e9se: Valley Vend\u00e9gh\u00e1z sz\u00e1ll\u00e1shely Sz\u00e9khelye: 3300 Eger, Szal\u00f3ki \u00fat 8. Telefonsz\u00e1m: +36 70 567 3977, +36 20 381 1992 K\u00e9pvisel\u0151 neve: Simon Istv\u00e1n G\u00e9za 2. T\u00e1j\u00e9koztatjuk, hogy a szolg\u00e1ltat\u00f3 \u2013 mint adatkezel\u0151 \u2013\u00a0vagyonv\u00e9delem\u00a0c\u00e9lj\u00e1b\u00f3l elektronikus megfigyel\u0151rendszert alkalmaz, amely k\u00f6zvetlen megfigyel\u00e9st, k\u00e9pr\u00f6gz\u00edt\u00e9st \u00e9s [&hellip;]\" \/>\n<meta property=\"og:url\" content=\"https:\/\/valleyvendeghazeger.hu\/en\/kamera-rendszer-tajekoztato\/\" \/>\n<meta property=\"og:site_name\" content=\"Valley Vend\u00e9gh\u00e1z Eger\" \/>\n<meta property=\"article:publisher\" content=\"https:\/\/www.facebook.com\/valleyeger\" \/>\n<meta property=\"article:modified_time\" content=\"2025-09-29T09:24:44+00:00\" \/>\n<meta name=\"twitter:card\" content=\"summary_large_image\" \/>\n<meta name=\"twitter:label1\" content=\"Estimated reading time\" \/>\n\t<meta name=\"twitter:data1\" content=\"3 minutes\" \/>\n<script type=\"application\/ld+json\" class=\"yoast-schema-graph\">{\"@context\":\"https:\/\/schema.org\",\"@graph\":[{\"@type\":\"WebPage\",\"@id\":\"https:\/\/valleyvendeghazeger.hu\/kamera-rendszer-tajekoztato\/\",\"url\":\"https:\/\/valleyvendeghazeger.hu\/kamera-rendszer-tajekoztato\/\",\"name\":\"Kamera rendszer t\u00e1j\u00e9koztat\u00f3 - Valley Vend\u00e9gh\u00e1z Eger\",\"isPartOf\":{\"@id\":\"https:\/\/valleyvendeghazeger.hu\/#website\"},\"datePublished\":\"2024-10-22T06:57:18+00:00\",\"dateModified\":\"2025-09-29T09:24:44+00:00\",\"breadcrumb\":{\"@id\":\"https:\/\/valleyvendeghazeger.hu\/kamera-rendszer-tajekoztato\/#breadcrumb\"},\"inLanguage\":\"en-GB\",\"potentialAction\":[{\"@type\":\"ReadAction\",\"target\":[\"https:\/\/valleyvendeghazeger.hu\/kamera-rendszer-tajekoztato\/\"]}]},{\"@type\":\"BreadcrumbList\",\"@id\":\"https:\/\/valleyvendeghazeger.hu\/kamera-rendszer-tajekoztato\/#breadcrumb\",\"itemListElement\":[{\"@type\":\"ListItem\",\"position\":1,\"name\":\"Kezd\u0151lap\",\"item\":\"https:\/\/valleyvendeghazeger.hu\/\"},{\"@type\":\"ListItem\",\"position\":2,\"name\":\"Kamera rendszer t\u00e1j\u00e9koztat\u00f3\"}]},{\"@type\":\"WebSite\",\"@id\":\"https:\/\/valleyvendeghazeger.hu\/#website\",\"url\":\"https:\/\/valleyvendeghazeger.hu\/\",\"name\":\"Valley Vend\u00e9gh\u00e1z\",\"description\":\"\",\"publisher\":{\"@id\":\"https:\/\/valleyvendeghazeger.hu\/#organization\"},\"potentialAction\":[{\"@type\":\"SearchAction\",\"target\":{\"@type\":\"EntryPoint\",\"urlTemplate\":\"https:\/\/valleyvendeghazeger.hu\/?s={search_term_string}\"},\"query-input\":{\"@type\":\"PropertyValueSpecification\",\"valueRequired\":true,\"valueName\":\"search_term_string\"}}],\"inLanguage\":\"en-GB\"},{\"@type\":\"Organization\",\"@id\":\"https:\/\/valleyvendeghazeger.hu\/#organization\",\"name\":\"Valley Vend\u00e9gh\u00e1z\",\"url\":\"https:\/\/valleyvendeghazeger.hu\/\",\"logo\":{\"@type\":\"ImageObject\",\"inLanguage\":\"en-GB\",\"@id\":\"https:\/\/valleyvendeghazeger.hu\/#\/schema\/logo\/image\/\",\"url\":\"https:\/\/valleyvendeghazeger.hu\/wp-content\/uploads\/2024\/10\/logo_RGB-1.png\",\"contentUrl\":\"https:\/\/valleyvendeghazeger.hu\/wp-content\/uploads\/2024\/10\/logo_RGB-1.png\",\"width\":5906,\"height\":3249,\"caption\":\"Valley Vend\u00e9gh\u00e1z\"},\"image\":{\"@id\":\"https:\/\/valleyvendeghazeger.hu\/#\/schema\/logo\/image\/\"},\"sameAs\":[\"https:\/\/www.facebook.com\/valleyeger\"]}]}<\/script>\n<!-- \/ Yoast SEO plugin. -->","yoast_head_json":{"title":"Kamera rendszer t\u00e1j\u00e9koztat\u00f3 - Valley Vend\u00e9gh\u00e1z Eger","robots":{"index":"noindex","follow":"follow"},"og_locale":"en_GB","og_type":"article","og_title":"Kamera rendszer t\u00e1j\u00e9koztat\u00f3 - Valley Vend\u00e9gh\u00e1z Eger","og_description":"&nbsp; T\u00e1j\u00e9koztat\u00f3 a sz\u00e1ll\u00e1shely ter\u00fclet\u00e9n felszerelt elektronikus megfigyel\u0151rendszer alkalmaz\u00e1s\u00e1r\u00f3l 1. Adatkezel\u0151, elektronikus megfigyel\u0151rendszer \u00fczemeltet\u0151j\u00e9nek megnevez\u00e9se: Valley Vend\u00e9gh\u00e1z sz\u00e1ll\u00e1shely Sz\u00e9khelye: 3300 Eger, Szal\u00f3ki \u00fat 8. Telefonsz\u00e1m: +36 70 567 3977, +36 20 381 1992 K\u00e9pvisel\u0151 neve: Simon Istv\u00e1n G\u00e9za 2. T\u00e1j\u00e9koztatjuk, hogy a szolg\u00e1ltat\u00f3 \u2013 mint adatkezel\u0151 \u2013\u00a0vagyonv\u00e9delem\u00a0c\u00e9lj\u00e1b\u00f3l elektronikus megfigyel\u0151rendszert alkalmaz, amely k\u00f6zvetlen megfigyel\u00e9st, k\u00e9pr\u00f6gz\u00edt\u00e9st \u00e9s [&hellip;]","og_url":"https:\/\/valleyvendeghazeger.hu\/en\/kamera-rendszer-tajekoztato\/","og_site_name":"Valley Vend\u00e9gh\u00e1z Eger","article_publisher":"https:\/\/www.facebook.com\/valleyeger","article_modified_time":"2025-09-29T09:24:44+00:00","twitter_card":"summary_large_image","twitter_misc":{"Estimated reading time":"3 minutes"},"schema":{"@context":"https:\/\/schema.org","@graph":[{"@type":"WebPage","@id":"https:\/\/valleyvendeghazeger.hu\/kamera-rendszer-tajekoztato\/","url":"https:\/\/valleyvendeghazeger.hu\/kamera-rendszer-tajekoztato\/","name":"Kamera rendszer t\u00e1j\u00e9koztat\u00f3 - Valley Vend\u00e9gh\u00e1z Eger","isPartOf":{"@id":"https:\/\/valleyvendeghazeger.hu\/#website"},"datePublished":"2024-10-22T06:57:18+00:00","dateModified":"2025-09-29T09:24:44+00:00","breadcrumb":{"@id":"https:\/\/valleyvendeghazeger.hu\/kamera-rendszer-tajekoztato\/#breadcrumb"},"inLanguage":"en-GB","potentialAction":[{"@type":"ReadAction","target":["https:\/\/valleyvendeghazeger.hu\/kamera-rendszer-tajekoztato\/"]}]},{"@type":"BreadcrumbList","@id":"https:\/\/valleyvendeghazeger.hu\/kamera-rendszer-tajekoztato\/#breadcrumb","itemListElement":[{"@type":"ListItem","position":1,"name":"Kezd\u0151lap","item":"https:\/\/valleyvendeghazeger.hu\/"},{"@type":"ListItem","position":2,"name":"Kamera rendszer t\u00e1j\u00e9koztat\u00f3"}]},{"@type":"WebSite","@id":"https:\/\/valleyvendeghazeger.hu\/#website","url":"https:\/\/valleyvendeghazeger.hu\/","name":"Valley Vend\u00e9gh\u00e1z","description":"","publisher":{"@id":"https:\/\/valleyvendeghazeger.hu\/#organization"},"potentialAction":[{"@type":"SearchAction","target":{"@type":"EntryPoint","urlTemplate":"https:\/\/valleyvendeghazeger.hu\/?s={search_term_string}"},"query-input":{"@type":"PropertyValueSpecification","valueRequired":true,"valueName":"search_term_string"}}],"inLanguage":"en-GB"},{"@type":"Organization","@id":"https:\/\/valleyvendeghazeger.hu\/#organization","name":"Valley Vend\u00e9gh\u00e1z","url":"https:\/\/valleyvendeghazeger.hu\/","logo":{"@type":"ImageObject","inLanguage":"en-GB","@id":"https:\/\/valleyvendeghazeger.hu\/#\/schema\/logo\/image\/","url":"https:\/\/valleyvendeghazeger.hu\/wp-content\/uploads\/2024\/10\/logo_RGB-1.png","contentUrl":"https:\/\/valleyvendeghazeger.hu\/wp-content\/uploads\/2024\/10\/logo_RGB-1.png","width":5906,"height":3249,"caption":"Valley Vend\u00e9gh\u00e1z"},"image":{"@id":"https:\/\/valleyvendeghazeger.hu\/#\/schema\/logo\/image\/"},"sameAs":["https:\/\/www.facebook.com\/valleyeger"]}]}},"_links":{"self":[{"href":"https:\/\/valleyvendeghazeger.hu\/en\/wp-json\/wp\/v2\/pages\/299","targetHints":{"allow":["GET"]}}],"collection":[{"href":"https:\/\/valleyvendeghazeger.hu\/en\/wp-json\/wp\/v2\/pages"}],"about":[{"href":"https:\/\/valleyvendeghazeger.hu\/en\/wp-json\/wp\/v2\/types\/page"}],"author":[{"embeddable":true,"href":"https:\/\/valleyvendeghazeger.hu\/en\/wp-json\/wp\/v2\/users\/1"}],"replies":[{"embeddable":true,"href":"https:\/\/valleyvendeghazeger.hu\/en\/wp-json\/wp\/v2\/comments?post=299"}],"version-history":[{"count":6,"href":"https:\/\/valleyvendeghazeger.hu\/en\/wp-json\/wp\/v2\/pages\/299\/revisions"}],"predecessor-version":[{"id":1659,"href":"https:\/\/valleyvendeghazeger.hu\/en\/wp-json\/wp\/v2\/pages\/299\/revisions\/1659"}],"wp:attachment":[{"href":"https:\/\/valleyvendeghazeger.hu\/en\/wp-json\/wp\/v2\/media?parent=299"}],"curies":[{"name":"wp","href":"https:\/\/api.w.org\/{rel}","templated":true}]}}