{"id":297,"date":"2024-10-22T06:52:54","date_gmt":"2024-10-22T06:52:54","guid":{"rendered":"https:\/\/valleyvendeghazeger.hu\/?page_id=297"},"modified":"2026-02-04T09:21:51","modified_gmt":"2026-02-04T08:21:51","slug":"foglalasi-szabalyzat","status":"publish","type":"page","link":"https:\/\/valleyvendeghazeger.hu\/en\/foglalasi-szabalyzat\/","title":{"rendered":"Reservation policy"},"content":{"rendered":"<p class=\"p1\"><b>Minimum number of nights:<\/b><\/p>\n<p class=\"p3\">\u2022 In high season, a minimum of 2 nights can be booked.<\/p>\n<p class=\"p3\">\u2022A reservation of at least 2 nights is required both in pre- and post-season.<\/p>\n<p class=\"p3\">\u2022A reservation of at least 3 nights is mandatory during special holiday periods and long weekends.<\/p>\n<p class=\"p3\">\u2022 For New Year&#039;s Eve, only the entire house can be booked, for a minimum of 3 nights, at a price of HUF 160,000\/night.<\/p>\n<p>\u2022One-night booking based on individual assessment only, the price of which is a +30% surcharge<\/p>\n<p class=\"p1\"><b>Rooms and prices:<\/b><\/p>\n<p class=\"p3\">\u2022Deluxe double room: HUF 24,000\/night<\/p>\n<p class=\"p3\">\u2022Double room with garden view: HUF 24,000\/night<\/p>\n<p class=\"p3\">\u2022Studio apartment: HUF 24,000\/night<\/p>\n<p class=\"p3\">\u2022 Triple room: HUF 33,000\/night<\/p>\n<p class=\"p3\">\u2022Family apartment: HUF 40,000\/night<\/p>\n<p class=\"p3\">\u2022 Entire house rental: HUF 150,000\/night<\/p>\n<p class=\"p1\"><b>Child and extra bed discounts:<\/b><\/p>\n<p class=\"p3\">\u2022 We provide a HUF 2,000 discount per child up to the age of 10.<\/p>\n<p class=\"p3\">\u2022Extra bed over 10 years HUF 5,000\/night.<\/p>\n<p class=\"p3\">\u2022 Baby cot is free.<\/p>\n<p class=\"p3\">\u2022Please contact us regarding the placement of extra beds and cots.<\/p>\n<p class=\"p3\">\u2022Tourist tax: 750 HUF\/person\/night (over 18 years old).<\/p>\n<p class=\"p1\"><b>Check-in and check-out:<\/b><\/p>\n<p class=\"p3\">\u2022 Check-in on the day of arrival from 3:00 p.m.<\/p>\n<p class=\"p3\">\u2022 Check-out on the day of travel by 10:00 a.m.<\/p>\n<p class=\"p1\"><b>Dining option:<\/b><\/p>\n<p class=\"p3\">\u2022Approx. A 5-8 minute walk away, breakfast can be requested at our partner for an extra charge, prior consultation is required.<\/p>\n<p class=\"p1\"><b>Payment options:<\/b><\/p>\n<p class=\"p3\">\u2022Bank transfer: Istv\u00e1n Simon, 10403507-50527051-90701008<\/p>\n<p class=\"p3\">IBAN: HU96 10403507 50527051 90701008, SWIFT\/BIC: OKHBHUHB<\/p>\n<p class=\"p3\">\u2022Cash payment.<\/p>\n<p class=\"p1\"><b>Cancellation conditions:<\/b><\/p>\n<p class=\"p3\">\u2022 14-8 before arrival. day the penalty is 50%.<\/p>\n<p class=\"p3\">\u2022 From the 7th day before arrival or in case of no-show, the fine is 100%.<\/p>\n<p class=\"p3\">\u2022If the departure takes place earlier than booked, the full amount of the accommodation fee (100%) must be paid.<\/p>\n<p class=\"p3\">\u2022The paid penalty can be redeemed within one year when reserving at a new date.<\/p>\n<p class=\"p1\"><b>Covid-19 provisions:<\/b><\/p>\n<p class=\"p1\">If there is a curfew before or during the trip, guests can request a change to the reservation or a refund of the deposit.<\/p>","protected":false},"excerpt":{"rendered":"<p>Minimum number of nights: \u2022A minimum of 2 nights can be booked in high season. \u2022A minimum of 2 nights is required in both pre- and post-season. \u2022A minimum of 3 nights is required during major holidays and long weekends. \u2022For New Year&#039;s Eve, only the entire house can be booked, for a minimum of 3 nights, at a price of 160,000 HUF\/night. \u2022One-night bookings are subject to individual consideration only, with a surcharge of +30% Rooms and prices: [\u2026]<\/p>","protected":false},"author":1,"featured_media":0,"parent":0,"menu_order":0,"comment_status":"closed","ping_status":"closed","template":"","meta":{"footnotes":""},"class_list":["post-297","page","type-page","status-publish","hentry"],"yoast_head":"<!-- This site is optimized with the Yoast SEO plugin v23.7 - https:\/\/yoast.com\/wordpress\/plugins\/seo\/ -->\n<title>Foglal\u00e1si szab\u00e1lyzat - Valley Vend\u00e9gh\u00e1z Eger<\/title>\n<meta name=\"robots\" content=\"noindex, follow\" \/>\n<meta property=\"og:locale\" content=\"en_GB\" \/>\n<meta property=\"og:type\" content=\"article\" \/>\n<meta property=\"og:title\" content=\"Foglal\u00e1si szab\u00e1lyzat - Valley Vend\u00e9gh\u00e1z Eger\" \/>\n<meta property=\"og:description\" content=\"Minimum \u00e9jszak\u00e1k sz\u00e1ma: \u2022F\u0151szezonban minimum 2 \u00e9jszaka foglalhat\u00f3. \u2022El\u0151- \u00e9s ut\u00f3szezonban is minimum 2 \u00e9jszaka foglal\u00e1sa sz\u00fcks\u00e9ges. \u2022Kiemelt \u00fcnnepi id\u0151szakokban, valamint hossz\u00fa h\u00e9tv\u00e9g\u00e9ken minimum 3 \u00e9jszaka foglal\u00e1sa k\u00f6telez\u0151. \u2022Szilveszterre csak az eg\u00e9sz h\u00e1z foglalhat\u00f3, minimum 3 \u00e9jszak\u00e1ra, 160 000 Ft\/\u00e9j \u00e1ron. \u2022Egy \u00e9jszak\u00e1s foglal\u00e1s kiz\u00e1r\u00f3lag egyedi elb\u00edr\u00e1l\u00e1s alapj\u00e1n, melynek d\u00edja +30%-os fel\u00e1r Szob\u00e1k \u00e9s \u00e1rak: [&hellip;]\" \/>\n<meta property=\"og:url\" content=\"https:\/\/valleyvendeghazeger.hu\/en\/foglalasi-szabalyzat\/\" \/>\n<meta property=\"og:site_name\" content=\"Valley Vend\u00e9gh\u00e1z Eger\" \/>\n<meta property=\"article:publisher\" content=\"https:\/\/www.facebook.com\/valleyeger\" \/>\n<meta property=\"article:modified_time\" content=\"2026-02-04T08:21:51+00:00\" \/>\n<meta name=\"twitter:card\" content=\"summary_large_image\" \/>\n<meta name=\"twitter:label1\" content=\"Estimated reading time\" \/>\n\t<meta name=\"twitter:data1\" content=\"2 minutes\" \/>\n<script type=\"application\/ld+json\" class=\"yoast-schema-graph\">{\"@context\":\"https:\/\/schema.org\",\"@graph\":[{\"@type\":\"WebPage\",\"@id\":\"https:\/\/valleyvendeghazeger.hu\/foglalasi-szabalyzat\/\",\"url\":\"https:\/\/valleyvendeghazeger.hu\/foglalasi-szabalyzat\/\",\"name\":\"Foglal\u00e1si szab\u00e1lyzat - Valley Vend\u00e9gh\u00e1z Eger\",\"isPartOf\":{\"@id\":\"https:\/\/valleyvendeghazeger.hu\/#website\"},\"datePublished\":\"2024-10-22T06:52:54+00:00\",\"dateModified\":\"2026-02-04T08:21:51+00:00\",\"breadcrumb\":{\"@id\":\"https:\/\/valleyvendeghazeger.hu\/foglalasi-szabalyzat\/#breadcrumb\"},\"inLanguage\":\"en-GB\",\"potentialAction\":[{\"@type\":\"ReadAction\",\"target\":[\"https:\/\/valleyvendeghazeger.hu\/foglalasi-szabalyzat\/\"]}]},{\"@type\":\"BreadcrumbList\",\"@id\":\"https:\/\/valleyvendeghazeger.hu\/foglalasi-szabalyzat\/#breadcrumb\",\"itemListElement\":[{\"@type\":\"ListItem\",\"position\":1,\"name\":\"Kezd\u0151lap\",\"item\":\"https:\/\/valleyvendeghazeger.hu\/\"},{\"@type\":\"ListItem\",\"position\":2,\"name\":\"Foglal\u00e1si szab\u00e1lyzat\"}]},{\"@type\":\"WebSite\",\"@id\":\"https:\/\/valleyvendeghazeger.hu\/#website\",\"url\":\"https:\/\/valleyvendeghazeger.hu\/\",\"name\":\"Valley Vend\u00e9gh\u00e1z\",\"description\":\"\",\"publisher\":{\"@id\":\"https:\/\/valleyvendeghazeger.hu\/#organization\"},\"potentialAction\":[{\"@type\":\"SearchAction\",\"target\":{\"@type\":\"EntryPoint\",\"urlTemplate\":\"https:\/\/valleyvendeghazeger.hu\/?s={search_term_string}\"},\"query-input\":{\"@type\":\"PropertyValueSpecification\",\"valueRequired\":true,\"valueName\":\"search_term_string\"}}],\"inLanguage\":\"en-GB\"},{\"@type\":\"Organization\",\"@id\":\"https:\/\/valleyvendeghazeger.hu\/#organization\",\"name\":\"Valley Vend\u00e9gh\u00e1z\",\"url\":\"https:\/\/valleyvendeghazeger.hu\/\",\"logo\":{\"@type\":\"ImageObject\",\"inLanguage\":\"en-GB\",\"@id\":\"https:\/\/valleyvendeghazeger.hu\/#\/schema\/logo\/image\/\",\"url\":\"https:\/\/valleyvendeghazeger.hu\/wp-content\/uploads\/2024\/10\/logo_RGB-1.png\",\"contentUrl\":\"https:\/\/valleyvendeghazeger.hu\/wp-content\/uploads\/2024\/10\/logo_RGB-1.png\",\"width\":5906,\"height\":3249,\"caption\":\"Valley Vend\u00e9gh\u00e1z\"},\"image\":{\"@id\":\"https:\/\/valleyvendeghazeger.hu\/#\/schema\/logo\/image\/\"},\"sameAs\":[\"https:\/\/www.facebook.com\/valleyeger\"]}]}<\/script>\n<!-- \/ Yoast SEO plugin. -->","yoast_head_json":{"title":"Foglal\u00e1si szab\u00e1lyzat - Valley Vend\u00e9gh\u00e1z Eger","robots":{"index":"noindex","follow":"follow"},"og_locale":"en_GB","og_type":"article","og_title":"Foglal\u00e1si szab\u00e1lyzat - Valley Vend\u00e9gh\u00e1z Eger","og_description":"Minimum \u00e9jszak\u00e1k sz\u00e1ma: \u2022F\u0151szezonban minimum 2 \u00e9jszaka foglalhat\u00f3. \u2022El\u0151- \u00e9s ut\u00f3szezonban is minimum 2 \u00e9jszaka foglal\u00e1sa sz\u00fcks\u00e9ges. \u2022Kiemelt \u00fcnnepi id\u0151szakokban, valamint hossz\u00fa h\u00e9tv\u00e9g\u00e9ken minimum 3 \u00e9jszaka foglal\u00e1sa k\u00f6telez\u0151. \u2022Szilveszterre csak az eg\u00e9sz h\u00e1z foglalhat\u00f3, minimum 3 \u00e9jszak\u00e1ra, 160 000 Ft\/\u00e9j \u00e1ron. \u2022Egy \u00e9jszak\u00e1s foglal\u00e1s kiz\u00e1r\u00f3lag egyedi elb\u00edr\u00e1l\u00e1s alapj\u00e1n, melynek d\u00edja +30%-os fel\u00e1r Szob\u00e1k \u00e9s \u00e1rak: [&hellip;]","og_url":"https:\/\/valleyvendeghazeger.hu\/en\/foglalasi-szabalyzat\/","og_site_name":"Valley Vend\u00e9gh\u00e1z Eger","article_publisher":"https:\/\/www.facebook.com\/valleyeger","article_modified_time":"2026-02-04T08:21:51+00:00","twitter_card":"summary_large_image","twitter_misc":{"Estimated reading time":"2 minutes"},"schema":{"@context":"https:\/\/schema.org","@graph":[{"@type":"WebPage","@id":"https:\/\/valleyvendeghazeger.hu\/foglalasi-szabalyzat\/","url":"https:\/\/valleyvendeghazeger.hu\/foglalasi-szabalyzat\/","name":"Foglal\u00e1si szab\u00e1lyzat - Valley Vend\u00e9gh\u00e1z Eger","isPartOf":{"@id":"https:\/\/valleyvendeghazeger.hu\/#website"},"datePublished":"2024-10-22T06:52:54+00:00","dateModified":"2026-02-04T08:21:51+00:00","breadcrumb":{"@id":"https:\/\/valleyvendeghazeger.hu\/foglalasi-szabalyzat\/#breadcrumb"},"inLanguage":"en-GB","potentialAction":[{"@type":"ReadAction","target":["https:\/\/valleyvendeghazeger.hu\/foglalasi-szabalyzat\/"]}]},{"@type":"BreadcrumbList","@id":"https:\/\/valleyvendeghazeger.hu\/foglalasi-szabalyzat\/#breadcrumb","itemListElement":[{"@type":"ListItem","position":1,"name":"Kezd\u0151lap","item":"https:\/\/valleyvendeghazeger.hu\/"},{"@type":"ListItem","position":2,"name":"Foglal\u00e1si szab\u00e1lyzat"}]},{"@type":"WebSite","@id":"https:\/\/valleyvendeghazeger.hu\/#website","url":"https:\/\/valleyvendeghazeger.hu\/","name":"Valley Vend\u00e9gh\u00e1z","description":"","publisher":{"@id":"https:\/\/valleyvendeghazeger.hu\/#organization"},"potentialAction":[{"@type":"SearchAction","target":{"@type":"EntryPoint","urlTemplate":"https:\/\/valleyvendeghazeger.hu\/?s={search_term_string}"},"query-input":{"@type":"PropertyValueSpecification","valueRequired":true,"valueName":"search_term_string"}}],"inLanguage":"en-GB"},{"@type":"Organization","@id":"https:\/\/valleyvendeghazeger.hu\/#organization","name":"Valley Vend\u00e9gh\u00e1z","url":"https:\/\/valleyvendeghazeger.hu\/","logo":{"@type":"ImageObject","inLanguage":"en-GB","@id":"https:\/\/valleyvendeghazeger.hu\/#\/schema\/logo\/image\/","url":"https:\/\/valleyvendeghazeger.hu\/wp-content\/uploads\/2024\/10\/logo_RGB-1.png","contentUrl":"https:\/\/valleyvendeghazeger.hu\/wp-content\/uploads\/2024\/10\/logo_RGB-1.png","width":5906,"height":3249,"caption":"Valley Vend\u00e9gh\u00e1z"},"image":{"@id":"https:\/\/valleyvendeghazeger.hu\/#\/schema\/logo\/image\/"},"sameAs":["https:\/\/www.facebook.com\/valleyeger"]}]}},"_links":{"self":[{"href":"https:\/\/valleyvendeghazeger.hu\/en\/wp-json\/wp\/v2\/pages\/297","targetHints":{"allow":["GET"]}}],"collection":[{"href":"https:\/\/valleyvendeghazeger.hu\/en\/wp-json\/wp\/v2\/pages"}],"about":[{"href":"https:\/\/valleyvendeghazeger.hu\/en\/wp-json\/wp\/v2\/types\/page"}],"author":[{"embeddable":true,"href":"https:\/\/valleyvendeghazeger.hu\/en\/wp-json\/wp\/v2\/users\/1"}],"replies":[{"embeddable":true,"href":"https:\/\/valleyvendeghazeger.hu\/en\/wp-json\/wp\/v2\/comments?post=297"}],"version-history":[{"count":6,"href":"https:\/\/valleyvendeghazeger.hu\/en\/wp-json\/wp\/v2\/pages\/297\/revisions"}],"predecessor-version":[{"id":2147,"href":"https:\/\/valleyvendeghazeger.hu\/en\/wp-json\/wp\/v2\/pages\/297\/revisions\/2147"}],"wp:attachment":[{"href":"https:\/\/valleyvendeghazeger.hu\/en\/wp-json\/wp\/v2\/media?parent=297"}],"curies":[{"name":"wp","href":"https:\/\/api.w.org\/{rel}","templated":true}]}}