{"id":295,"date":"2024-10-22T06:47:14","date_gmt":"2024-10-22T06:47:14","guid":{"rendered":"https:\/\/valleyvendeghazeger.hu\/?page_id=295"},"modified":"2024-10-29T14:11:39","modified_gmt":"2024-10-29T14:11:39","slug":"hazirend","status":"publish","type":"page","link":"https:\/\/valleyvendeghazeger.hu\/en\/hazirend\/","title":{"rendered":"House rules"},"content":{"rendered":"<h5>Taking responsibility<\/h5>\n<p>Guests are financially responsible for damages resulting from improper use of the guest house or violations of the house rules. The host assumes no responsibility for the guests&#039; belongings!<\/p>\n<h5>Accommodation<\/h5>\n<p>On the day of arrival, our guests occupy the room from 2:00 p.m., and they leave it by 10:00 a.m. on the day of check-out. We ask you to observe silence at night from 10:00 p.m. to 7:00 a.m.! Furthermore, we would like to ask our guests not to receive visitors or to allow strangers to enter the accommodation. Loud &quot;partying&quot; is NOT allowed.<\/p>\n<h5>Use of equipment items<\/h5>\n<p>Please use the furnishings as intended! Please do not take decorative items or pictures from their place. Please do not take indoor furnishings and household items (beds, bedding, mattresses, TV, etc.) out into the garden.<\/p>\n<h5>Cleaning<\/h5>\n<p>Guests receive the guest house clean, and they must take care of the cleanliness themselves during their stay. In case of a longer stay (more than 1 week), the host will change the bed linen and used towels once a week. Daily cleaning can be requested, the fee of which is HUF 5,000\/day.<\/p>\n<h5>Garbage disposal<\/h5>\n<p>It is possible to collect household waste in the bins in the room and bathroom. If these become full during your stay, please empty them into the large black bin by the gate. The large yellow bin is used to collect selective waste (paper, metal cans, plastic bottles). Please put the bottles behind the big yellow bin. Thank you!<\/p>\n<h5>Closing the building<\/h5>\n<p>When leaving and for the night, please lock the entrances to the building and the small gate, and close the terrace door! The external doors of the building can be locked with a key after pulling the handle.<\/p>\n<h5>Smoking<\/h5>\n<p>Smoking and using incense in the building is prohibited and will result in a penalty (see information displayed in the rooms)! The area designated for smoking in the garden is around the built-in fire pit.<\/p>\n<h5>Setting fire, spitting<\/h5>\n<p>Fires can be set in the designated fire place by observing the current fire protection rules! (Fire extinguishers should be placed next to the fire, flammable materials removed from the fire.) Before leaving the fire place, please make sure that the fire has really been extinguished! The burning of other materials (e.g. plastic, rubber) is strictly prohibited except for the firewood and paper available to the guests!<\/p>\n<h5>Parking<\/h5>\n<p>Please park your cars in such a way that the residents of the other rooms that may have been rented out are not restricted in their free movement \/ parking!<\/p>\n<h5>Pets<\/h5>\n<p>No pets are allowed in the guest house.<\/p>\n<h5>Garden<\/h5>\n<p>The garden is taken care of by the host. Please take care of the health of the plants, do not disturb each other while they are resting!<\/p>\n<hr \/>\n<p>As in all households, in the guest house it is possible that something breaks or malfunctions through no fault of the guests. If you notice any abnormalities, in order to prevent possible serious damage, please report it to the accommodation provider immediately on the following phone number:<\/p>\n<p><strong>Istv\u00e1n Simon<\/strong><br \/>\n+36 70 567 3977<\/p>\n<p>Thank you!<\/p>\n<h4>We wish you a pleasant relaxation and a good rest!<\/h4>","protected":false},"excerpt":{"rendered":"<p>Liability Guests are financially liable for any damage resulting from improper use of the guesthouse or violation of the house rules. The host is not responsible for the guests&#039; belongings! Accommodation Our guests will occupy the room from 2:00 p.m. on the day of arrival, and they will leave it by 10:00 a.m. on the day of check-out. We ask you to observe silence at night from 10:00 p.m. to 7:00 a.m.! [\u2026]<\/p>","protected":false},"author":1,"featured_media":0,"parent":0,"menu_order":0,"comment_status":"closed","ping_status":"closed","template":"","meta":{"footnotes":""},"class_list":["post-295","page","type-page","status-publish","hentry"],"yoast_head":"<!-- This site is optimized with the Yoast SEO plugin v23.7 - https:\/\/yoast.com\/wordpress\/plugins\/seo\/ -->\n<title>H\u00e1zirend - Valley Vend\u00e9gh\u00e1z Eger<\/title>\n<meta name=\"robots\" content=\"noindex, follow\" \/>\n<meta property=\"og:locale\" content=\"en_GB\" \/>\n<meta property=\"og:type\" content=\"article\" \/>\n<meta property=\"og:title\" content=\"H\u00e1zirend - Valley Vend\u00e9gh\u00e1z Eger\" \/>\n<meta property=\"og:description\" content=\"Felel\u0151ss\u00e9gv\u00e1llal\u00e1s A vend\u00e9gh\u00e1z nem rendeltet\u00e9sszer\u0171 haszn\u00e1lat\u00e1b\u00f3l, illetve a h\u00e1zirend megszeg\u00e9s\u00e9b\u0151l sz\u00e1rmaz\u00f3 k\u00e1rok\u00e9rt a vend\u00e9gek anyagi felel\u0151ss\u00e9ggel tartoznak. A vend\u00e9gek vagyont\u00e1rgyai\u00e9rt a h\u00e1zigazda felel\u0151ss\u00e9get nem v\u00e1llal! Sz\u00e1ll\u00e1s Az \u00e9rkez\u00e9s napj\u00e1n a szob\u00e1t vend\u00e9geink 14.00 \u00f3r\u00e1t\u00f3l foglalj\u00e1k el, illetve azokat a kijelentkez\u00e9s napj\u00e1n 10:00 \u00f3r\u00e1ig hagyj\u00e1k el. K\u00e9rj\u00fck \u00d6n\u00f6ket az \u00e9jszakai csend betart\u00e1s\u00e1ra 22:00 \u00f3r\u00e1t\u00f3l 7:00 \u00f3r\u00e1ig! [&hellip;]\" \/>\n<meta property=\"og:url\" content=\"https:\/\/valleyvendeghazeger.hu\/en\/hazirend\/\" \/>\n<meta property=\"og:site_name\" content=\"Valley Vend\u00e9gh\u00e1z Eger\" \/>\n<meta property=\"article:publisher\" content=\"https:\/\/www.facebook.com\/valleyeger\" \/>\n<meta property=\"article:modified_time\" content=\"2024-10-29T14:11:39+00:00\" \/>\n<meta name=\"twitter:card\" content=\"summary_large_image\" \/>\n<meta name=\"twitter:label1\" content=\"Estimated reading time\" \/>\n\t<meta name=\"twitter:data1\" content=\"3 minutes\" \/>\n<script type=\"application\/ld+json\" class=\"yoast-schema-graph\">{\"@context\":\"https:\/\/schema.org\",\"@graph\":[{\"@type\":\"WebPage\",\"@id\":\"https:\/\/valleyvendeghazeger.hu\/hazirend\/\",\"url\":\"https:\/\/valleyvendeghazeger.hu\/hazirend\/\",\"name\":\"H\u00e1zirend - Valley Vend\u00e9gh\u00e1z Eger\",\"isPartOf\":{\"@id\":\"https:\/\/valleyvendeghazeger.hu\/#website\"},\"datePublished\":\"2024-10-22T06:47:14+00:00\",\"dateModified\":\"2024-10-29T14:11:39+00:00\",\"breadcrumb\":{\"@id\":\"https:\/\/valleyvendeghazeger.hu\/hazirend\/#breadcrumb\"},\"inLanguage\":\"en-GB\",\"potentialAction\":[{\"@type\":\"ReadAction\",\"target\":[\"https:\/\/valleyvendeghazeger.hu\/hazirend\/\"]}]},{\"@type\":\"BreadcrumbList\",\"@id\":\"https:\/\/valleyvendeghazeger.hu\/hazirend\/#breadcrumb\",\"itemListElement\":[{\"@type\":\"ListItem\",\"position\":1,\"name\":\"Kezd\u0151lap\",\"item\":\"https:\/\/valleyvendeghazeger.hu\/\"},{\"@type\":\"ListItem\",\"position\":2,\"name\":\"H\u00e1zirend\"}]},{\"@type\":\"WebSite\",\"@id\":\"https:\/\/valleyvendeghazeger.hu\/#website\",\"url\":\"https:\/\/valleyvendeghazeger.hu\/\",\"name\":\"Valley Vend\u00e9gh\u00e1z\",\"description\":\"\",\"publisher\":{\"@id\":\"https:\/\/valleyvendeghazeger.hu\/#organization\"},\"potentialAction\":[{\"@type\":\"SearchAction\",\"target\":{\"@type\":\"EntryPoint\",\"urlTemplate\":\"https:\/\/valleyvendeghazeger.hu\/?s={search_term_string}\"},\"query-input\":{\"@type\":\"PropertyValueSpecification\",\"valueRequired\":true,\"valueName\":\"search_term_string\"}}],\"inLanguage\":\"en-GB\"},{\"@type\":\"Organization\",\"@id\":\"https:\/\/valleyvendeghazeger.hu\/#organization\",\"name\":\"Valley Vend\u00e9gh\u00e1z\",\"url\":\"https:\/\/valleyvendeghazeger.hu\/\",\"logo\":{\"@type\":\"ImageObject\",\"inLanguage\":\"en-GB\",\"@id\":\"https:\/\/valleyvendeghazeger.hu\/#\/schema\/logo\/image\/\",\"url\":\"https:\/\/valleyvendeghazeger.hu\/wp-content\/uploads\/2024\/10\/logo_RGB-1.png\",\"contentUrl\":\"https:\/\/valleyvendeghazeger.hu\/wp-content\/uploads\/2024\/10\/logo_RGB-1.png\",\"width\":5906,\"height\":3249,\"caption\":\"Valley Vend\u00e9gh\u00e1z\"},\"image\":{\"@id\":\"https:\/\/valleyvendeghazeger.hu\/#\/schema\/logo\/image\/\"},\"sameAs\":[\"https:\/\/www.facebook.com\/valleyeger\"]}]}<\/script>\n<!-- \/ Yoast SEO plugin. -->","yoast_head_json":{"title":"H\u00e1zirend - Valley Vend\u00e9gh\u00e1z Eger","robots":{"index":"noindex","follow":"follow"},"og_locale":"en_GB","og_type":"article","og_title":"H\u00e1zirend - Valley Vend\u00e9gh\u00e1z Eger","og_description":"Felel\u0151ss\u00e9gv\u00e1llal\u00e1s A vend\u00e9gh\u00e1z nem rendeltet\u00e9sszer\u0171 haszn\u00e1lat\u00e1b\u00f3l, illetve a h\u00e1zirend megszeg\u00e9s\u00e9b\u0151l sz\u00e1rmaz\u00f3 k\u00e1rok\u00e9rt a vend\u00e9gek anyagi felel\u0151ss\u00e9ggel tartoznak. A vend\u00e9gek vagyont\u00e1rgyai\u00e9rt a h\u00e1zigazda felel\u0151ss\u00e9get nem v\u00e1llal! Sz\u00e1ll\u00e1s Az \u00e9rkez\u00e9s napj\u00e1n a szob\u00e1t vend\u00e9geink 14.00 \u00f3r\u00e1t\u00f3l foglalj\u00e1k el, illetve azokat a kijelentkez\u00e9s napj\u00e1n 10:00 \u00f3r\u00e1ig hagyj\u00e1k el. K\u00e9rj\u00fck \u00d6n\u00f6ket az \u00e9jszakai csend betart\u00e1s\u00e1ra 22:00 \u00f3r\u00e1t\u00f3l 7:00 \u00f3r\u00e1ig! [&hellip;]","og_url":"https:\/\/valleyvendeghazeger.hu\/en\/hazirend\/","og_site_name":"Valley Vend\u00e9gh\u00e1z Eger","article_publisher":"https:\/\/www.facebook.com\/valleyeger","article_modified_time":"2024-10-29T14:11:39+00:00","twitter_card":"summary_large_image","twitter_misc":{"Estimated reading time":"3 minutes"},"schema":{"@context":"https:\/\/schema.org","@graph":[{"@type":"WebPage","@id":"https:\/\/valleyvendeghazeger.hu\/hazirend\/","url":"https:\/\/valleyvendeghazeger.hu\/hazirend\/","name":"H\u00e1zirend - Valley Vend\u00e9gh\u00e1z Eger","isPartOf":{"@id":"https:\/\/valleyvendeghazeger.hu\/#website"},"datePublished":"2024-10-22T06:47:14+00:00","dateModified":"2024-10-29T14:11:39+00:00","breadcrumb":{"@id":"https:\/\/valleyvendeghazeger.hu\/hazirend\/#breadcrumb"},"inLanguage":"en-GB","potentialAction":[{"@type":"ReadAction","target":["https:\/\/valleyvendeghazeger.hu\/hazirend\/"]}]},{"@type":"BreadcrumbList","@id":"https:\/\/valleyvendeghazeger.hu\/hazirend\/#breadcrumb","itemListElement":[{"@type":"ListItem","position":1,"name":"Kezd\u0151lap","item":"https:\/\/valleyvendeghazeger.hu\/"},{"@type":"ListItem","position":2,"name":"H\u00e1zirend"}]},{"@type":"WebSite","@id":"https:\/\/valleyvendeghazeger.hu\/#website","url":"https:\/\/valleyvendeghazeger.hu\/","name":"Valley Vend\u00e9gh\u00e1z","description":"","publisher":{"@id":"https:\/\/valleyvendeghazeger.hu\/#organization"},"potentialAction":[{"@type":"SearchAction","target":{"@type":"EntryPoint","urlTemplate":"https:\/\/valleyvendeghazeger.hu\/?s={search_term_string}"},"query-input":{"@type":"PropertyValueSpecification","valueRequired":true,"valueName":"search_term_string"}}],"inLanguage":"en-GB"},{"@type":"Organization","@id":"https:\/\/valleyvendeghazeger.hu\/#organization","name":"Valley Vend\u00e9gh\u00e1z","url":"https:\/\/valleyvendeghazeger.hu\/","logo":{"@type":"ImageObject","inLanguage":"en-GB","@id":"https:\/\/valleyvendeghazeger.hu\/#\/schema\/logo\/image\/","url":"https:\/\/valleyvendeghazeger.hu\/wp-content\/uploads\/2024\/10\/logo_RGB-1.png","contentUrl":"https:\/\/valleyvendeghazeger.hu\/wp-content\/uploads\/2024\/10\/logo_RGB-1.png","width":5906,"height":3249,"caption":"Valley Vend\u00e9gh\u00e1z"},"image":{"@id":"https:\/\/valleyvendeghazeger.hu\/#\/schema\/logo\/image\/"},"sameAs":["https:\/\/www.facebook.com\/valleyeger"]}]}},"_links":{"self":[{"href":"https:\/\/valleyvendeghazeger.hu\/en\/wp-json\/wp\/v2\/pages\/295","targetHints":{"allow":["GET"]}}],"collection":[{"href":"https:\/\/valleyvendeghazeger.hu\/en\/wp-json\/wp\/v2\/pages"}],"about":[{"href":"https:\/\/valleyvendeghazeger.hu\/en\/wp-json\/wp\/v2\/types\/page"}],"author":[{"embeddable":true,"href":"https:\/\/valleyvendeghazeger.hu\/en\/wp-json\/wp\/v2\/users\/1"}],"replies":[{"embeddable":true,"href":"https:\/\/valleyvendeghazeger.hu\/en\/wp-json\/wp\/v2\/comments?post=295"}],"version-history":[{"count":2,"href":"https:\/\/valleyvendeghazeger.hu\/en\/wp-json\/wp\/v2\/pages\/295\/revisions"}],"predecessor-version":[{"id":674,"href":"https:\/\/valleyvendeghazeger.hu\/en\/wp-json\/wp\/v2\/pages\/295\/revisions\/674"}],"wp:attachment":[{"href":"https:\/\/valleyvendeghazeger.hu\/en\/wp-json\/wp\/v2\/media?parent=295"}],"curies":[{"name":"wp","href":"https:\/\/api.w.org\/{rel}","templated":true}]}}