{"id":289,"date":"2024-10-21T14:45:50","date_gmt":"2024-10-21T14:45:50","guid":{"rendered":"https:\/\/valleyvendeghazeger.hu\/?page_id=289"},"modified":"2025-04-07T09:50:31","modified_gmt":"2025-04-07T08:50:31","slug":"szobaink","status":"publish","type":"page","link":"https:\/\/valleyvendeghazeger.hu\/en\/szobaink\/","title":{"rendered":"Our rooms"},"content":{"rendered":"<div data-elementor-type=\"wp-page\" data-elementor-id=\"289\" class=\"elementor elementor-289\" data-elementor-post-type=\"page\">\n\t\t\t\t<div class=\"elementor-element elementor-element-d76cf16 e-flex e-con-boxed e-con e-parent\" data-id=\"d76cf16\" data-element_type=\"container\" data-settings=\"{&quot;background_background&quot;:&quot;classic&quot;,&quot;shape_divider_bottom&quot;:&quot;waves&quot;}\">\n\t\t\t\t\t<div class=\"e-con-inner\">\n\t\t\t\t<div class=\"elementor-shape elementor-shape-bottom\" data-negative=\"false\">\n\t\t\t<svg xmlns=\"http:\/\/www.w3.org\/2000\/svg\" viewbox=\"0 0 1000 100\" preserveaspectratio=\"none\">\n\t<path class=\"elementor-shape-fill\" d=\"M421.9,6.5c22.6-2.5,51.5,0.4,75.5,5.3c23.6,4.9,70.9,23.5,100.5,35.7c75.8,32.2,133.7,44.5,192.6,49.7\tc23.6,2.1,48.7,3.5,103.4-2.5c54.7-6,106.2-25.6,106.2-25.6V0H0v30.3c0,0,72,32.6,158.4,30.5c39.2-0.7,92.8-6.7,134-22.4\tc21.2-8.1,52.2-18.2,79.7-24.2C399.3,7.9,411.6,7.5,421.9,6.5z\"\/>\n<\/svg>\t\t<\/div>\n\t\t<div class=\"elementor-element elementor-element-9daf5ad e-con-full e-flex e-con e-child\" data-id=\"9daf5ad\" data-element_type=\"container\">\n\t\t\t\t<\/div>\n\t\t\t\t\t<\/div>\n\t\t\t\t<\/div>\n\t\t<div class=\"elementor-element elementor-element-2d07b26 e-flex e-con-boxed e-con e-parent\" data-id=\"2d07b26\" data-element_type=\"container\" data-settings=\"{&quot;background_background&quot;:&quot;classic&quot;}\">\n\t\t\t\t\t<div class=\"e-con-inner\">\n\t\t\t\t<div class=\"elementor-element elementor-element-ee24861 elementor-widget elementor-widget-elementskit-heading\" data-id=\"ee24861\" data-element_type=\"widget\" data-widget_type=\"elementskit-heading.default\">\n\t\t\t\t<div class=\"elementor-widget-container\">\n\t\t\t<div class=\"ekit-wid-con\" ><div class=\"ekit-heading elementskit-section-title-wraper text_center   ekit_heading_tablet-text_center   ekit_heading_mobile-\"><h3 class=\"elementskit-section-subtitle\">\n\t\t\t\t\t\tOur rooms\n\t\t\t\t\t<\/h3><div class=\"ekit_heading_separetor_wraper ekit_heading_elementskit-border-divider\"><div class=\"elementskit-border-divider\"><\/div><\/div><h2 class=\"ekit-heading--title elementskit-section-title\">Enjoy a comfortable rest with us!<\/h2><\/div><\/div>\t\t<\/div>\n\t\t\t\t<\/div>\n\t\t<div class=\"elementor-element elementor-element-90e6f0a e-con-full e-flex e-con e-child\" data-id=\"90e6f0a\" data-element_type=\"container\">\n\t\t<div class=\"elementor-element elementor-element-4100b47 e-con-full e-flex e-con e-child\" data-id=\"4100b47\" data-element_type=\"container\" data-settings=\"{&quot;background_background&quot;:&quot;classic&quot;}\">\n\t\t<div class=\"elementor-element elementor-element-9df3ec9 e-con-full e-flex e-con e-child\" data-id=\"9df3ec9\" data-element_type=\"container\" data-settings=\"{&quot;background_background&quot;:&quot;classic&quot;}\">\n\t\t<div class=\"elementor-element elementor-element-f01b585 e-con-full e-flex e-con e-child\" data-id=\"f01b585\" data-element_type=\"container\">\n\t\t<div class=\"elementor-element elementor-element-facf052 e-con-full e-flex e-con e-child\" data-id=\"facf052\" data-element_type=\"container\">\n\t\t<div class=\"elementor-element elementor-element-ca05998 e-con-full e-flex e-con e-child\" data-id=\"ca05998\" data-element_type=\"container\" data-settings=\"{&quot;background_background&quot;:&quot;classic&quot;}\">\n\t\t\t\t<div class=\"elementor-element elementor-element-939d8f4 elementor-widget elementor-widget-elementskit-heading\" data-id=\"939d8f4\" data-element_type=\"widget\" data-widget_type=\"elementskit-heading.default\">\n\t\t\t\t<div class=\"elementor-widget-container\">\n\t\t\t<div class=\"ekit-wid-con\" ><div class=\"ekit-heading elementskit-section-title-wraper text_left   ekit_heading_tablet-text_center   ekit_heading_mobile-\"><h2 class=\"ekit-heading--title elementskit-section-title\"> Two bedroom apartment<\/h2>\t\t\t\t<div class='ekit-heading__description'>\n\t\t\t\t\t<p>22 m2 \/ 2 bedrooms<br \/>4+1 people<\/p>\n\t\t\t\t<\/div>\n\t\t\t<\/div><\/div>\t\t<\/div>\n\t\t\t\t<\/div>\n\t\t\t\t<div class=\"elementor-element elementor-element-4ae40a2 elementor-widget elementor-widget-button\" data-id=\"4ae40a2\" data-element_type=\"widget\" data-widget_type=\"button.default\">\n\t\t\t\t<div class=\"elementor-widget-container\">\n\t\t\t\t\t<div class=\"elementor-button-wrapper\">\n\t\t\t<a class=\"elementor-button elementor-button-link elementor-size-sm\" href=\"https:\/\/valleyvendeghazeger.hu\/en\/szobaink\/ket-haloteres-apartman\/\">\n\t\t\t\t\t\t<span class=\"elementor-button-content-wrapper\">\n\t\t\t\t\t\t\t\t\t<span class=\"elementor-button-text\">I&#039;ll have a look<\/span>\n\t\t\t\t\t<\/span>\n\t\t\t\t\t<\/a>\n\t\t<\/div>\n\t\t\t\t<\/div>\n\t\t\t\t<\/div>\n\t\t\t\t<\/div>\n\t\t\t\t<\/div>\n\t\t\t\t<\/div>\n\t\t\t\t<\/div>\n\t\t\t\t<\/div>\n\t\t<div class=\"elementor-element elementor-element-84aee0b e-con-full e-flex e-con e-child\" data-id=\"84aee0b\" data-element_type=\"container\" data-settings=\"{&quot;background_background&quot;:&quot;classic&quot;}\">\n\t\t<div class=\"elementor-element elementor-element-90500eb e-con-full e-flex e-con e-child\" data-id=\"90500eb\" data-element_type=\"container\" data-settings=\"{&quot;background_background&quot;:&quot;classic&quot;}\">\n\t\t<div class=\"elementor-element elementor-element-66b9f8e e-con-full e-flex e-con e-child\" data-id=\"66b9f8e\" data-element_type=\"container\">\n\t\t<div class=\"elementor-element elementor-element-968d60c e-con-full e-flex e-con e-child\" data-id=\"968d60c\" data-element_type=\"container\">\n\t\t<div class=\"elementor-element elementor-element-25d07ba e-con-full e-flex e-con e-child\" data-id=\"25d07ba\" data-element_type=\"container\" data-settings=\"{&quot;background_background&quot;:&quot;classic&quot;}\">\n\t\t\t\t<div class=\"elementor-element elementor-element-d79a48c elementor-widget elementor-widget-elementskit-heading\" data-id=\"d79a48c\" data-element_type=\"widget\" data-widget_type=\"elementskit-heading.default\">\n\t\t\t\t<div class=\"elementor-widget-container\">\n\t\t\t<div class=\"ekit-wid-con\" ><div class=\"ekit-heading elementskit-section-title-wraper text_left   ekit_heading_tablet-text_center   ekit_heading_mobile-\"><h2 class=\"ekit-heading--title elementskit-section-title\"> Double room with garden view<\/h2>\t\t\t\t<div class='ekit-heading__description'>\n\t\t\t\t\t<p>12 m2 \/ 1 bedroom<br \/>2 people<\/p>\n\t\t\t\t<\/div>\n\t\t\t<\/div><\/div>\t\t<\/div>\n\t\t\t\t<\/div>\n\t\t\t\t<div class=\"elementor-element elementor-element-cd82ce7 elementor-widget elementor-widget-button\" data-id=\"cd82ce7\" data-element_type=\"widget\" data-widget_type=\"button.default\">\n\t\t\t\t<div class=\"elementor-widget-container\">\n\t\t\t\t\t<div class=\"elementor-button-wrapper\">\n\t\t\t<a class=\"elementor-button elementor-button-link elementor-size-sm\" href=\"https:\/\/valleyvendeghazeger.hu\/en\/szobaink\/kertre-nezo-franciaagyas-szoba\/\">\n\t\t\t\t\t\t<span class=\"elementor-button-content-wrapper\">\n\t\t\t\t\t\t\t\t\t<span class=\"elementor-button-text\">I&#039;ll have a look<\/span>\n\t\t\t\t\t<\/span>\n\t\t\t\t\t<\/a>\n\t\t<\/div>\n\t\t\t\t<\/div>\n\t\t\t\t<\/div>\n\t\t\t\t<\/div>\n\t\t\t\t<\/div>\n\t\t\t\t<\/div>\n\t\t\t\t<\/div>\n\t\t\t\t<\/div>\n\t\t<div class=\"elementor-element elementor-element-1a16fe0 e-con-full e-flex e-con e-child\" data-id=\"1a16fe0\" data-element_type=\"container\" data-settings=\"{&quot;background_background&quot;:&quot;classic&quot;}\">\n\t\t<div class=\"elementor-element elementor-element-48ae593 e-con-full e-flex e-con e-child\" data-id=\"48ae593\" data-element_type=\"container\" data-settings=\"{&quot;background_background&quot;:&quot;classic&quot;}\">\n\t\t<div class=\"elementor-element elementor-element-7bee6e5 e-con-full e-flex e-con e-child\" data-id=\"7bee6e5\" data-element_type=\"container\">\n\t\t<div class=\"elementor-element elementor-element-ae2ab53 e-con-full e-flex e-con e-child\" data-id=\"ae2ab53\" data-element_type=\"container\">\n\t\t<div class=\"elementor-element elementor-element-86c934a e-con-full e-flex e-con e-child\" data-id=\"86c934a\" data-element_type=\"container\" data-settings=\"{&quot;background_background&quot;:&quot;classic&quot;}\">\n\t\t\t\t<div class=\"elementor-element elementor-element-65a35e9 elementor-widget elementor-widget-elementskit-heading\" data-id=\"65a35e9\" data-element_type=\"widget\" data-widget_type=\"elementskit-heading.default\">\n\t\t\t\t<div class=\"elementor-widget-container\">\n\t\t\t<div class=\"ekit-wid-con\" ><div class=\"ekit-heading elementskit-section-title-wraper text_left   ekit_heading_tablet-text_center   ekit_heading_mobile-\"><h2 class=\"ekit-heading--title elementskit-section-title\">Studio apartment<\/h2>\t\t\t\t<div class='ekit-heading__description'>\n\t\t\t\t\t<p>16 m2 \/ 1 bedroom<br \/>2 people<\/p>\n\t\t\t\t<\/div>\n\t\t\t<\/div><\/div>\t\t<\/div>\n\t\t\t\t<\/div>\n\t\t\t\t<div class=\"elementor-element elementor-element-f58eda2 elementor-widget elementor-widget-button\" data-id=\"f58eda2\" data-element_type=\"widget\" data-widget_type=\"button.default\">\n\t\t\t\t<div class=\"elementor-widget-container\">\n\t\t\t\t\t<div class=\"elementor-button-wrapper\">\n\t\t\t<a class=\"elementor-button elementor-button-link elementor-size-sm\" href=\"https:\/\/valleyvendeghazeger.hu\/en\/szobaink\/studio-apartman\/\">\n\t\t\t\t\t\t<span class=\"elementor-button-content-wrapper\">\n\t\t\t\t\t\t\t\t\t<span class=\"elementor-button-text\">I&#039;ll have a look<\/span>\n\t\t\t\t\t<\/span>\n\t\t\t\t\t<\/a>\n\t\t<\/div>\n\t\t\t\t<\/div>\n\t\t\t\t<\/div>\n\t\t\t\t<\/div>\n\t\t\t\t<\/div>\n\t\t\t\t<\/div>\n\t\t\t\t<\/div>\n\t\t\t\t<\/div>\n\t\t\t\t<\/div>\n\t\t<div class=\"elementor-element elementor-element-90aaba0 e-con-full e-flex e-con e-child\" data-id=\"90aaba0\" data-element_type=\"container\">\n\t\t<div class=\"elementor-element elementor-element-40bdd44 e-con-full e-flex e-con e-child\" data-id=\"40bdd44\" data-element_type=\"container\" data-settings=\"{&quot;background_background&quot;:&quot;classic&quot;}\">\n\t\t<div class=\"elementor-element elementor-element-a84118f e-con-full e-flex e-con e-child\" data-id=\"a84118f\" data-element_type=\"container\" data-settings=\"{&quot;background_background&quot;:&quot;classic&quot;}\">\n\t\t<div class=\"elementor-element elementor-element-d21af87 e-con-full e-flex e-con e-child\" data-id=\"d21af87\" data-element_type=\"container\">\n\t\t<div class=\"elementor-element elementor-element-af8bfba e-con-full e-flex e-con e-child\" data-id=\"af8bfba\" data-element_type=\"container\">\n\t\t<div class=\"elementor-element elementor-element-ad6d6ba e-con-full e-flex e-con e-child\" data-id=\"ad6d6ba\" data-element_type=\"container\" data-settings=\"{&quot;background_background&quot;:&quot;classic&quot;}\">\n\t\t\t\t<div class=\"elementor-element elementor-element-0d1e981 elementor-widget elementor-widget-elementskit-heading\" data-id=\"0d1e981\" data-element_type=\"widget\" data-widget_type=\"elementskit-heading.default\">\n\t\t\t\t<div class=\"elementor-widget-container\">\n\t\t\t<div class=\"ekit-wid-con\" ><div class=\"ekit-heading elementskit-section-title-wraper text_left   ekit_heading_tablet-text_center   ekit_heading_mobile-\"><h2 class=\"ekit-heading--title elementskit-section-title\">Deluxe double room<\/h2>\t\t\t\t<div class='ekit-heading__description'>\n\t\t\t\t\t<p>16 m2 \/ 1 bedroom<br \/>2+1 person<\/p>\n\t\t\t\t<\/div>\n\t\t\t<\/div><\/div>\t\t<\/div>\n\t\t\t\t<\/div>\n\t\t\t\t<div class=\"elementor-element elementor-element-98b10e7 elementor-widget elementor-widget-button\" data-id=\"98b10e7\" data-element_type=\"widget\" data-widget_type=\"button.default\">\n\t\t\t\t<div class=\"elementor-widget-container\">\n\t\t\t\t\t<div class=\"elementor-button-wrapper\">\n\t\t\t<a class=\"elementor-button elementor-button-link elementor-size-sm\" href=\"https:\/\/valleyvendeghazeger.hu\/en\/szobaink\/deluxe-franciaagyas-szoba\/\">\n\t\t\t\t\t\t<span class=\"elementor-button-content-wrapper\">\n\t\t\t\t\t\t\t\t\t<span class=\"elementor-button-text\">I&#039;ll have a look<\/span>\n\t\t\t\t\t<\/span>\n\t\t\t\t\t<\/a>\n\t\t<\/div>\n\t\t\t\t<\/div>\n\t\t\t\t<\/div>\n\t\t\t\t<\/div>\n\t\t\t\t<\/div>\n\t\t\t\t<\/div>\n\t\t\t\t<\/div>\n\t\t\t\t<\/div>\n\t\t<div class=\"elementor-element elementor-element-97d4fe0 e-con-full e-flex e-con e-child\" data-id=\"97d4fe0\" data-element_type=\"container\" data-settings=\"{&quot;background_background&quot;:&quot;classic&quot;}\">\n\t\t<div class=\"elementor-element elementor-element-e6831fd e-con-full e-flex e-con e-child\" data-id=\"e6831fd\" data-element_type=\"container\" data-settings=\"{&quot;background_background&quot;:&quot;classic&quot;}\">\n\t\t<div class=\"elementor-element elementor-element-d556614 e-con-full e-flex e-con e-child\" data-id=\"d556614\" data-element_type=\"container\">\n\t\t<div class=\"elementor-element elementor-element-1e302a5 e-con-full e-flex e-con e-child\" data-id=\"1e302a5\" data-element_type=\"container\">\n\t\t<div class=\"elementor-element elementor-element-5e6ef72 e-con-full e-flex e-con e-child\" data-id=\"5e6ef72\" data-element_type=\"container\" data-settings=\"{&quot;background_background&quot;:&quot;classic&quot;}\">\n\t\t\t\t<div class=\"elementor-element elementor-element-f8f6657 elementor-widget elementor-widget-elementskit-heading\" data-id=\"f8f6657\" data-element_type=\"widget\" data-widget_type=\"elementskit-heading.default\">\n\t\t\t\t<div class=\"elementor-widget-container\">\n\t\t\t<div class=\"ekit-wid-con\" ><div class=\"ekit-heading elementskit-section-title-wraper text_left   ekit_heading_tablet-text_center   ekit_heading_mobile-\"><h2 class=\"ekit-heading--title elementskit-section-title\"> Triple room<\/h2>\t\t\t\t<div class='ekit-heading__description'>\n\t\t\t\t\t<p>20 m2 \/ 1 bedroom<br \/>3+1 people<\/p>\n\t\t\t\t<\/div>\n\t\t\t<\/div><\/div>\t\t<\/div>\n\t\t\t\t<\/div>\n\t\t\t\t<div class=\"elementor-element elementor-element-9c24c67 elementor-widget elementor-widget-button\" data-id=\"9c24c67\" data-element_type=\"widget\" data-widget_type=\"button.default\">\n\t\t\t\t<div class=\"elementor-widget-container\">\n\t\t\t\t\t<div class=\"elementor-button-wrapper\">\n\t\t\t<a class=\"elementor-button elementor-button-link elementor-size-sm\" href=\"https:\/\/valleyvendeghazeger.hu\/en\/szobaink\/tetoteri-haromagyas-szoba\/\">\n\t\t\t\t\t\t<span class=\"elementor-button-content-wrapper\">\n\t\t\t\t\t\t\t\t\t<span class=\"elementor-button-text\">I&#039;ll have a look<\/span>\n\t\t\t\t\t<\/span>\n\t\t\t\t\t<\/a>\n\t\t<\/div>\n\t\t\t\t<\/div>\n\t\t\t\t<\/div>\n\t\t\t\t<\/div>\n\t\t\t\t<\/div>\n\t\t\t\t<\/div>\n\t\t\t\t<\/div>\n\t\t\t\t<\/div>\n\t\t<div class=\"elementor-element elementor-element-59a1447 e-con-full elementor-hidden-tablet elementor-hidden-mobile e-flex e-con e-child\" data-id=\"59a1447\" data-element_type=\"container\">\n\t\t\t\t<\/div>\n\t\t\t\t<\/div>\n\t\t\t\t\t<\/div>\n\t\t\t\t<\/div>\n\t\t\t\t<\/div>","protected":false},"excerpt":{"rendered":"<p>Szob\u00e1ink \u00c9lvezze a k\u00e9nyelmes pihen\u00e9st n\u00e1lunk! K\u00e9t h\u00e1l\u00f3teres apartman 22 m2 \/ 2 h\u00e1l\u00f3szoba4+1 f\u0151 Megn\u00e9zem Kertre n\u00e9z\u0151 francia\u00e1gyas szoba 12 m2 \/ 1 h\u00e1l\u00f3szoba2 f\u0151 Megn\u00e9zem St\u00fadi\u00f3 apartman 16 m2 \/ 1 h\u00e1l\u00f3szoba2 f\u0151 Megn\u00e9zem Deluxe francia\u00e1gyas szoba 16 m2 \/ 1 h\u00e1l\u00f3szoba2+1 f\u0151 Megn\u00e9zem Tet\u0151t\u00e9ri h\u00e1rom\u00e1gyas szoba 20 m2 \/ 1 h\u00e1l\u00f3szoba3+1 f\u0151 [&hellip;]<\/p>","protected":false},"author":1,"featured_media":0,"parent":0,"menu_order":0,"comment_status":"closed","ping_status":"closed","template":"","meta":{"footnotes":""},"class_list":["post-289","page","type-page","status-publish","hentry"],"yoast_head":"<!-- This site is optimized with the Yoast SEO plugin v23.7 - https:\/\/yoast.com\/wordpress\/plugins\/seo\/ -->\n<title>Szob\u00e1ink - Valley Vend\u00e9gh\u00e1z Eger<\/title>\n<meta name=\"description\" content=\"Tekintse meg a Valley Vend\u00e9gh\u00e1z k\u00e9nyelmes \u00e9s klimatiz\u00e1lt szob\u00e1it Egerben. Szob\u00e1ink ide\u00e1lisak p\u00e1roknak \u00e9s csal\u00e1doknak.\" \/>\n<meta name=\"robots\" content=\"index, follow, max-snippet:-1, max-image-preview:large, max-video-preview:-1\" \/>\n<link rel=\"canonical\" href=\"https:\/\/valleyvendeghazeger.hu\/en\/szobaink\/\" \/>\n<meta property=\"og:locale\" content=\"en_GB\" \/>\n<meta property=\"og:type\" content=\"article\" \/>\n<meta property=\"og:title\" content=\"Szob\u00e1ink - Valley Vend\u00e9gh\u00e1z Eger\" \/>\n<meta property=\"og:description\" content=\"Tekintse meg a Valley Vend\u00e9gh\u00e1z k\u00e9nyelmes \u00e9s klimatiz\u00e1lt szob\u00e1it Egerben. Szob\u00e1ink ide\u00e1lisak p\u00e1roknak \u00e9s csal\u00e1doknak.\" \/>\n<meta property=\"og:url\" content=\"https:\/\/valleyvendeghazeger.hu\/en\/szobaink\/\" \/>\n<meta property=\"og:site_name\" content=\"Valley Vend\u00e9gh\u00e1z Eger\" \/>\n<meta property=\"article:publisher\" content=\"https:\/\/www.facebook.com\/valleyeger\" \/>\n<meta property=\"article:modified_time\" content=\"2025-04-07T08:50:31+00:00\" \/>\n<meta name=\"twitter:card\" content=\"summary_large_image\" \/>\n<meta name=\"twitter:label1\" content=\"Estimated reading time\" \/>\n\t<meta name=\"twitter:data1\" content=\"1 minute\" \/>\n<script type=\"application\/ld+json\" class=\"yoast-schema-graph\">{\"@context\":\"https:\/\/schema.org\",\"@graph\":[{\"@type\":[\"WebPage\",\"CollectionPage\"],\"@id\":\"https:\/\/valleyvendeghazeger.hu\/szobaink\/\",\"url\":\"https:\/\/valleyvendeghazeger.hu\/szobaink\/\",\"name\":\"Szob\u00e1ink - Valley Vend\u00e9gh\u00e1z Eger\",\"isPartOf\":{\"@id\":\"https:\/\/valleyvendeghazeger.hu\/#website\"},\"datePublished\":\"2024-10-21T14:45:50+00:00\",\"dateModified\":\"2025-04-07T08:50:31+00:00\",\"description\":\"Tekintse meg a Valley Vend\u00e9gh\u00e1z k\u00e9nyelmes \u00e9s klimatiz\u00e1lt szob\u00e1it Egerben. Szob\u00e1ink ide\u00e1lisak p\u00e1roknak \u00e9s csal\u00e1doknak.\",\"breadcrumb\":{\"@id\":\"https:\/\/valleyvendeghazeger.hu\/szobaink\/#breadcrumb\"},\"inLanguage\":\"en-GB\"},{\"@type\":\"BreadcrumbList\",\"@id\":\"https:\/\/valleyvendeghazeger.hu\/szobaink\/#breadcrumb\",\"itemListElement\":[{\"@type\":\"ListItem\",\"position\":1,\"name\":\"Kezd\u0151lap\",\"item\":\"https:\/\/valleyvendeghazeger.hu\/\"},{\"@type\":\"ListItem\",\"position\":2,\"name\":\"Szob\u00e1ink\"}]},{\"@type\":\"WebSite\",\"@id\":\"https:\/\/valleyvendeghazeger.hu\/#website\",\"url\":\"https:\/\/valleyvendeghazeger.hu\/\",\"name\":\"Valley Vend\u00e9gh\u00e1z\",\"description\":\"\",\"publisher\":{\"@id\":\"https:\/\/valleyvendeghazeger.hu\/#organization\"},\"potentialAction\":[{\"@type\":\"SearchAction\",\"target\":{\"@type\":\"EntryPoint\",\"urlTemplate\":\"https:\/\/valleyvendeghazeger.hu\/?s={search_term_string}\"},\"query-input\":{\"@type\":\"PropertyValueSpecification\",\"valueRequired\":true,\"valueName\":\"search_term_string\"}}],\"inLanguage\":\"en-GB\"},{\"@type\":\"Organization\",\"@id\":\"https:\/\/valleyvendeghazeger.hu\/#organization\",\"name\":\"Valley Vend\u00e9gh\u00e1z\",\"url\":\"https:\/\/valleyvendeghazeger.hu\/\",\"logo\":{\"@type\":\"ImageObject\",\"inLanguage\":\"en-GB\",\"@id\":\"https:\/\/valleyvendeghazeger.hu\/#\/schema\/logo\/image\/\",\"url\":\"https:\/\/valleyvendeghazeger.hu\/wp-content\/uploads\/2024\/10\/logo_RGB-1.png\",\"contentUrl\":\"https:\/\/valleyvendeghazeger.hu\/wp-content\/uploads\/2024\/10\/logo_RGB-1.png\",\"width\":5906,\"height\":3249,\"caption\":\"Valley Vend\u00e9gh\u00e1z\"},\"image\":{\"@id\":\"https:\/\/valleyvendeghazeger.hu\/#\/schema\/logo\/image\/\"},\"sameAs\":[\"https:\/\/www.facebook.com\/valleyeger\"]}]}<\/script>\n<!-- \/ Yoast SEO plugin. -->","yoast_head_json":{"title":"Szob\u00e1ink - Valley Vend\u00e9gh\u00e1z Eger","description":"Tekintse meg a Valley Vend\u00e9gh\u00e1z k\u00e9nyelmes \u00e9s klimatiz\u00e1lt szob\u00e1it Egerben. Szob\u00e1ink ide\u00e1lisak p\u00e1roknak \u00e9s csal\u00e1doknak.","robots":{"index":"index","follow":"follow","max-snippet":"max-snippet:-1","max-image-preview":"max-image-preview:large","max-video-preview":"max-video-preview:-1"},"canonical":"https:\/\/valleyvendeghazeger.hu\/en\/szobaink\/","og_locale":"en_GB","og_type":"article","og_title":"Szob\u00e1ink - Valley Vend\u00e9gh\u00e1z Eger","og_description":"Tekintse meg a Valley Vend\u00e9gh\u00e1z k\u00e9nyelmes \u00e9s klimatiz\u00e1lt szob\u00e1it Egerben. Szob\u00e1ink ide\u00e1lisak p\u00e1roknak \u00e9s csal\u00e1doknak.","og_url":"https:\/\/valleyvendeghazeger.hu\/en\/szobaink\/","og_site_name":"Valley Vend\u00e9gh\u00e1z Eger","article_publisher":"https:\/\/www.facebook.com\/valleyeger","article_modified_time":"2025-04-07T08:50:31+00:00","twitter_card":"summary_large_image","twitter_misc":{"Estimated reading time":"1 minute"},"schema":{"@context":"https:\/\/schema.org","@graph":[{"@type":["WebPage","CollectionPage"],"@id":"https:\/\/valleyvendeghazeger.hu\/szobaink\/","url":"https:\/\/valleyvendeghazeger.hu\/szobaink\/","name":"Szob\u00e1ink - Valley Vend\u00e9gh\u00e1z Eger","isPartOf":{"@id":"https:\/\/valleyvendeghazeger.hu\/#website"},"datePublished":"2024-10-21T14:45:50+00:00","dateModified":"2025-04-07T08:50:31+00:00","description":"Tekintse meg a Valley Vend\u00e9gh\u00e1z k\u00e9nyelmes \u00e9s klimatiz\u00e1lt szob\u00e1it Egerben. Szob\u00e1ink ide\u00e1lisak p\u00e1roknak \u00e9s csal\u00e1doknak.","breadcrumb":{"@id":"https:\/\/valleyvendeghazeger.hu\/szobaink\/#breadcrumb"},"inLanguage":"en-GB"},{"@type":"BreadcrumbList","@id":"https:\/\/valleyvendeghazeger.hu\/szobaink\/#breadcrumb","itemListElement":[{"@type":"ListItem","position":1,"name":"Kezd\u0151lap","item":"https:\/\/valleyvendeghazeger.hu\/"},{"@type":"ListItem","position":2,"name":"Szob\u00e1ink"}]},{"@type":"WebSite","@id":"https:\/\/valleyvendeghazeger.hu\/#website","url":"https:\/\/valleyvendeghazeger.hu\/","name":"Valley Vend\u00e9gh\u00e1z","description":"","publisher":{"@id":"https:\/\/valleyvendeghazeger.hu\/#organization"},"potentialAction":[{"@type":"SearchAction","target":{"@type":"EntryPoint","urlTemplate":"https:\/\/valleyvendeghazeger.hu\/?s={search_term_string}"},"query-input":{"@type":"PropertyValueSpecification","valueRequired":true,"valueName":"search_term_string"}}],"inLanguage":"en-GB"},{"@type":"Organization","@id":"https:\/\/valleyvendeghazeger.hu\/#organization","name":"Valley Vend\u00e9gh\u00e1z","url":"https:\/\/valleyvendeghazeger.hu\/","logo":{"@type":"ImageObject","inLanguage":"en-GB","@id":"https:\/\/valleyvendeghazeger.hu\/#\/schema\/logo\/image\/","url":"https:\/\/valleyvendeghazeger.hu\/wp-content\/uploads\/2024\/10\/logo_RGB-1.png","contentUrl":"https:\/\/valleyvendeghazeger.hu\/wp-content\/uploads\/2024\/10\/logo_RGB-1.png","width":5906,"height":3249,"caption":"Valley Vend\u00e9gh\u00e1z"},"image":{"@id":"https:\/\/valleyvendeghazeger.hu\/#\/schema\/logo\/image\/"},"sameAs":["https:\/\/www.facebook.com\/valleyeger"]}]}},"_links":{"self":[{"href":"https:\/\/valleyvendeghazeger.hu\/en\/wp-json\/wp\/v2\/pages\/289","targetHints":{"allow":["GET"]}}],"collection":[{"href":"https:\/\/valleyvendeghazeger.hu\/en\/wp-json\/wp\/v2\/pages"}],"about":[{"href":"https:\/\/valleyvendeghazeger.hu\/en\/wp-json\/wp\/v2\/types\/page"}],"author":[{"embeddable":true,"href":"https:\/\/valleyvendeghazeger.hu\/en\/wp-json\/wp\/v2\/users\/1"}],"replies":[{"embeddable":true,"href":"https:\/\/valleyvendeghazeger.hu\/en\/wp-json\/wp\/v2\/comments?post=289"}],"version-history":[{"count":26,"href":"https:\/\/valleyvendeghazeger.hu\/en\/wp-json\/wp\/v2\/pages\/289\/revisions"}],"predecessor-version":[{"id":1034,"href":"https:\/\/valleyvendeghazeger.hu\/en\/wp-json\/wp\/v2\/pages\/289\/revisions\/1034"}],"wp:attachment":[{"href":"https:\/\/valleyvendeghazeger.hu\/en\/wp-json\/wp\/v2\/media?parent=289"}],"curies":[{"name":"wp","href":"https:\/\/api.w.org\/{rel}","templated":true}]}}